{"id":27157,"date":"2021-06-30T11:02:51","date_gmt":"2021-06-30T09:02:51","guid":{"rendered":"https:\/\/galicianparts.com\/shop\/producto\/9940102-tapon-deposito-servofreno-fiat-croma-lancia-thema\/"},"modified":"2022-04-19T09:08:38","modified_gmt":"2022-04-19T07:08:38","slug":"9940102-tapon-deposito-servofreno-fiat-croma-lancia-thema","status":"publish","type":"product","link":"https:\/\/galicianparts.com\/shop\/producto\/9940102-tapon-deposito-servofreno-fiat-croma-lancia-thema\/","title":{"rendered":"9940102 Tap\u00f3n dep\u00f3sito servofreno Fiat Croma \/ Lancia Thema"},"content":{"rendered":"<p>Tap\u00f3n con bolla, sensor de nivel del dep\u00f3sito del l\u00edquido de frenos de:<br \/>\nFIAT &#8211; MY CROMA IE-IE TB. FL.90 (1990-1996)<br \/>\nFIAT &#8211; MJ CROMA TURBO DS FL.90 (1990-1996)<br \/>\nLANCIA &#8211; SZ THEMA BZ\/DS R.88 (1988-1992)<\/p>\n<p>LA PIEZA ES ORIGINAL.<\/p>\n","protected":false},"excerpt":{"rendered":"<p>Tap\u00f3n con bolla, sensor de nivel del dep\u00f3sito del l\u00edquido de frenos de: FIAT &#8211; MY CROMA IE-IE TB. FL.90 (1990-1996) FIAT &#8211; MJ CROMA TURBO DS FL.90 (1990-1996) LANCIA &#8211; SZ THEMA BZ\/DS R.88 (1988-1992) LA PIEZA ES ORIGINAL.<\/p>\n","protected":false},"featured_media":27162,"template":"","meta":{"_seopress_robots_primary_cat":"","_seopress_titles_title":"","_seopress_titles_desc":"","_seopress_robots_index":""},"product_cat":[86,20,21,124],"product_tag":[],"class_list":{"0":"post-27157","1":"product","2":"type-product","3":"status-publish","4":"has-post-thumbnail","6":"product_cat-recambios-fiat-croma","7":"product_cat-recambios-fiat","8":"product_cat-recambios-lancia","9":"product_cat-recambios-lancia-thema","11":"first","12":"outofstock","13":"taxable","14":"shipping-taxable","15":"purchasable","16":"product-type-simple"},"_links":{"self":[{"href":"https:\/\/galicianparts.com\/shop\/wp-json\/wp\/v2\/product\/27157"}],"collection":[{"href":"https:\/\/galicianparts.com\/shop\/wp-json\/wp\/v2\/product"}],"about":[{"href":"https:\/\/galicianparts.com\/shop\/wp-json\/wp\/v2\/types\/product"}],"wp:featuredmedia":[{"embeddable":true,"href":"https:\/\/galicianparts.com\/shop\/wp-json\/wp\/v2\/media\/27162"}],"wp:attachment":[{"href":"https:\/\/galicianparts.com\/shop\/wp-json\/wp\/v2\/media?parent=27157"}],"wp:term":[{"taxonomy":"product_cat","embeddable":true,"href":"https:\/\/galicianparts.com\/shop\/wp-json\/wp\/v2\/product_cat?post=27157"},{"taxonomy":"product_tag","embeddable":true,"href":"https:\/\/galicianparts.com\/shop\/wp-json\/wp\/v2\/product_tag?post=27157"}],"curies":[{"name":"wp","href":"https:\/\/api.w.org\/{rel}","templated":true}]}}