{"id":27437,"date":"2021-07-01T13:50:17","date_gmt":"2021-07-01T11:50:17","guid":{"rendered":"https:\/\/galicianparts.com\/shop\/producto\/156071960-pack-2-topes-fijacion-cables-alfa-romeo-159-2005-2011-nuevo-original\/"},"modified":"2021-12-03T02:08:48","modified_gmt":"2021-12-03T00:08:48","slug":"156071960-pack-2-topes-fijacion-cables-alfa-romeo-159-2005-2011-nuevo-original","status":"publish","type":"product","link":"https:\/\/galicianparts.com\/shop\/producto\/156071960-pack-2-topes-fijacion-cables-alfa-romeo-159-2005-2011-nuevo-original\/","title":{"rendered":"156071960 Pack 2 topes fijaci\u00f3n cables Alfa Romeo 159 (2005-2011) NUEVO ORIGINAL"},"content":{"rendered":"<p>Juego, set de dos clip de sujeci\u00f3n de las canaletas de los cables el\u00e9ctricos de:<br \/>\nALFA ROMEO &#8211; X8 159 MY11 (2010-2011)<br \/>\nALFA ROMEO &#8211; X3 ALFA 159 (2005-2008)<br \/>\nALFA ROMEO &#8211; X9 ALFA 159 (2008-2010)<\/p>\n<p>LA PIEZA ES NUEVA Y ORIGINAL.<\/p>\n","protected":false},"excerpt":{"rendered":"<p>Juego, set de dos clip de sujeci\u00f3n de las canaletas de los cables el\u00e9ctricos de: ALFA ROMEO &#8211; X8 159 MY11 (2010-2011) ALFA ROMEO &#8211; X3 ALFA 159 (2005-2008) ALFA ROMEO &#8211; X9 ALFA 159 (2008-2010) LA PIEZA ES NUEVA Y ORIGINAL.<\/p>\n","protected":false},"featured_media":27438,"template":"","meta":{"_seopress_robots_primary_cat":"","_seopress_titles_title":"","_seopress_titles_desc":"","_seopress_robots_index":""},"product_cat":[51,16],"product_tag":[],"class_list":{"0":"post-27437","1":"product","2":"type-product","3":"status-publish","4":"has-post-thumbnail","6":"product_cat-recambios-alfa-romeo-159","7":"product_cat-recambios-alfa-romeo","9":"first","10":"outofstock","11":"taxable","12":"shipping-taxable","13":"purchasable","14":"product-type-simple"},"_links":{"self":[{"href":"https:\/\/galicianparts.com\/shop\/wp-json\/wp\/v2\/product\/27437"}],"collection":[{"href":"https:\/\/galicianparts.com\/shop\/wp-json\/wp\/v2\/product"}],"about":[{"href":"https:\/\/galicianparts.com\/shop\/wp-json\/wp\/v2\/types\/product"}],"wp:featuredmedia":[{"embeddable":true,"href":"https:\/\/galicianparts.com\/shop\/wp-json\/wp\/v2\/media\/27438"}],"wp:attachment":[{"href":"https:\/\/galicianparts.com\/shop\/wp-json\/wp\/v2\/media?parent=27437"}],"wp:term":[{"taxonomy":"product_cat","embeddable":true,"href":"https:\/\/galicianparts.com\/shop\/wp-json\/wp\/v2\/product_cat?post=27437"},{"taxonomy":"product_tag","embeddable":true,"href":"https:\/\/galicianparts.com\/shop\/wp-json\/wp\/v2\/product_tag?post=27437"}],"curies":[{"name":"wp","href":"https:\/\/api.w.org\/{rel}","templated":true}]}}