{"id":27494,"date":"2021-07-02T08:48:03","date_gmt":"2021-07-02T06:48:03","guid":{"rendered":"https:\/\/galicianparts.com\/shop\/producto\/46473152-cable-borne-negativo-bateria-m1-6-16v-fiat-brava-bravo-marea-nuevo-original\/"},"modified":"2026-04-12T15:45:17","modified_gmt":"2026-04-12T13:45:17","slug":"46473152-cable-borne-negativo-bateria-m1-6-16v-fiat-brava-bravo-marea-nuevo-original","status":"publish","type":"product","link":"https:\/\/galicianparts.com\/shop\/producto\/46473152-cable-borne-negativo-bateria-m1-6-16v-fiat-brava-bravo-marea-nuevo-original\/","title":{"rendered":"46473152 Cable borne negativo bater\u00eda M1.6 16V Fiat Brava \/Bravo \/Marea NUEVO ORIGINAL"},"content":{"rendered":"<p>46468524 Cable el\u00e9ctrico, del borne negativo de la bater\u00eda de los modelos con cambio autom\u00e1tico de:<br \/>\nLargo: 700mm<\/p>\n<p>FIAT &#8211; 1V BRAVA 1580CC 16V (1995-1998)<br \/>\nFIAT &#8211; 1U BRAVO 1580CC 16V (1995-1998)<br \/>\nFIAT &#8211; PT MAREA 1580CC 16V (1996-1999)<\/p>\n<p>LA PIEZA ES NUEVA Y ORIGINAL.<\/p>\n","protected":false},"excerpt":{"rendered":"<p>46468524 Cable el\u00e9ctrico, del borne negativo de la bater\u00eda de los modelos con cambio autom\u00e1tico de: Largo: 700mm FIAT &#8211; 1V BRAVA 1580CC 16V (1995-1998) FIAT &#8211; 1U BRAVO 1580CC 16V (1995-1998) FIAT &#8211; PT MAREA 1580CC 16V (1996-1999) LA PIEZA ES NUEVA Y ORIGINAL.<\/p>\n","protected":false},"featured_media":73183,"template":"","meta":{"_seopress_robots_primary_cat":"","_seopress_titles_title":"","_seopress_titles_desc":"","_seopress_robots_index":""},"product_cat":[81,82,20,95],"product_tag":[],"class_list":{"0":"post-27494","1":"product","2":"type-product","3":"status-publish","4":"has-post-thumbnail","6":"product_cat-recambios-fiat-brava","7":"product_cat-recambios-fiat-bravo","8":"product_cat-recambios-fiat","9":"product_cat-recambios-fiat-marea","11":"first","12":"instock","13":"taxable","14":"shipping-taxable","15":"purchasable","16":"product-type-simple"},"_links":{"self":[{"href":"https:\/\/galicianparts.com\/shop\/wp-json\/wp\/v2\/product\/27494"}],"collection":[{"href":"https:\/\/galicianparts.com\/shop\/wp-json\/wp\/v2\/product"}],"about":[{"href":"https:\/\/galicianparts.com\/shop\/wp-json\/wp\/v2\/types\/product"}],"wp:featuredmedia":[{"embeddable":true,"href":"https:\/\/galicianparts.com\/shop\/wp-json\/wp\/v2\/media\/73183"}],"wp:attachment":[{"href":"https:\/\/galicianparts.com\/shop\/wp-json\/wp\/v2\/media?parent=27494"}],"wp:term":[{"taxonomy":"product_cat","embeddable":true,"href":"https:\/\/galicianparts.com\/shop\/wp-json\/wp\/v2\/product_cat?post=27494"},{"taxonomy":"product_tag","embeddable":true,"href":"https:\/\/galicianparts.com\/shop\/wp-json\/wp\/v2\/product_tag?post=27494"}],"curies":[{"name":"wp","href":"https:\/\/api.w.org\/{rel}","templated":true}]}}