{"id":27513,"date":"2021-07-02T09:30:59","date_gmt":"2021-07-02T07:30:59","guid":{"rendered":"https:\/\/galicianparts.com\/shop\/producto\/1311716080-capuchon-amortiguador-delantero-fiat-ulysse-scudo-lancia-z-citroen-peugeot\/"},"modified":"2022-09-20T11:23:00","modified_gmt":"2022-09-20T09:23:00","slug":"1311716080-capuchon-amortiguador-delantero-fiat-ulysse-scudo-lancia-z-citroen-peugeot","status":"publish","type":"product","link":"https:\/\/galicianparts.com\/shop\/producto\/1311716080-capuchon-amortiguador-delantero-fiat-ulysse-scudo-lancia-z-citroen-peugeot\/","title":{"rendered":"1311716080 Capuch\u00f3n amortiguador delantero Fiat Ulysse \/ Scudo \/ Lancia Z \/ Citroen \/ Peugeot"},"content":{"rendered":"<p>1401353280 Fuelle del amortiguador delantero de:<br \/>\nCITRO\u00cbN C8 (A\u00f1o 07.2002 &#8211; &#8230;, 107 &#8211; 204 , Gas\u00f3leo,Gasolina)<br \/>\nCITRO\u00cbN Evasion (22, U6) (A\u00f1o 02.1996 &#8211; 07.2002, 103 &#8211; 136 , Gas\u00f3leo,Gasolina)<br \/>\nCITRO\u00cbN Jumpy I Cami\u00f3n de plataforma\/Chasis (A\u00f1o 11.2000 &#8211; 10.2006, 69 &#8211; 136 , Gas\u00f3leo,Gasolina)<br \/>\nCITRO\u00cbN Jumpy I Furg\u00f3n (A\u00f1o 10.1995 &#8211; 08.2000, 69 &#8211; 88 , Gas\u00f3leo)\u00e7<br \/>\nFIAT Scudo I Cami\u00f3n de plataforma\/Chasis (220) (A\u00f1o 09.1996 &#8211; 12.2006, 69 &#8211; 109 , Gas\u00f3leo,Gasolina)<br \/>\nFIAT Scudo I Familiar (220) (A\u00f1o 05.1999 &#8211; 12.2006, 94 &#8211; 109 , Gas\u00f3leo)<br \/>\nFIAT Scudo I Furg\u00f3n (220) (A\u00f1o 05.1999 &#8211; 12.2006, 109 , Gas\u00f3leo)<br \/>\nFIAT &#8211; 2F NUOVO ULYSSE (2001-2010)<br \/>\nFIAT &#8211; PG ULYSSE (1994-2002)<br \/>\nLANCIA &#8211; TC PHEDRA (2001-2010)<br \/>\nLANCIA Zeta (220) (A\u00f1o 04.2000 &#8211; 09.2002, 109 , Gas\u00f3leo)<br \/>\nPEUGEOT Expert I (224) (A\u00f1o 07.2000 &#8211; 12.2006, 69 &#8211; 136 , Gas\u00f3leo,Gasolina)<br \/>\nPEUGEOT Expert I Cami\u00f3n de plataforma\/Chasis (A\u00f1o 06.1998 &#8211; 10.2006, 69 &#8211; 109 , Gas\u00f3leo)<br \/>\nPEUGEOT 806 (A\u00f1o 06.1994 &#8211; 08.2002, 90 &#8211; 147 , Gas\u00f3leo,Gasolina)<br \/>\nPEUGEOT 807 (A\u00f1o 06.2002 &#8211; 05.2006, 107 &#8211; 204 , Gas\u00f3leo,Gasolina)<\/p>\n<p>LA PIEZA ES NUEVA Y ORIGINAL.<\/p>\n","protected":false},"excerpt":{"rendered":"<p>1401353280 Fuelle del amortiguador delantero de: CITRO\u00cbN C8 (A\u00f1o 07.2002 &#8211; &#8230;, 107 &#8211; 204 , Gas\u00f3leo,Gasolina) CITRO\u00cbN Evasion (22, U6) (A\u00f1o 02.1996 &#8211; 07.2002, 103 &#8211; 136 , Gas\u00f3leo,Gasolina) CITRO\u00cbN Jumpy I Cami\u00f3n de plataforma\/Chasis (A\u00f1o 11.2000 &#8211; 10.2006, 69 &#8211; 136 , Gas\u00f3leo,Gasolina) CITRO\u00cbN Jumpy I Furg\u00f3n (A\u00f1o 10.1995 &#8211; 08.2000, 69 &#8211; [&hellip;]<\/p>\n","protected":false},"featured_media":27514,"template":"","meta":{"_seopress_robots_primary_cat":"","_seopress_titles_title":"","_seopress_titles_desc":"","_seopress_robots_index":""},"product_cat":[189,182,181,23,188,156,20,138,21,24,122,104,113,128],"product_tag":[],"class_list":{"0":"post-27513","1":"product","2":"type-product","3":"status-publish","4":"has-post-thumbnail","6":"product_cat-recambios-peugeot-806","7":"product_cat-recambios-peugeot-807","8":"product_cat-recambios-citroen-c8","9":"product_cat-recambios-citroen","10":"product_cat-recambios-citroen-evasion","11":"product_cat-recambios-peugeot-expert","12":"product_cat-recambios-fiat","13":"product_cat-recambios-citroen-jumpy","14":"product_cat-recambios-lancia","15":"product_cat-recambios-peugeot","16":"product_cat-recambios-lancia-phedra","17":"product_cat-recambios-fiat-scudo","18":"product_cat-recambios-fiat-ulysse","19":"product_cat-recambios-lancia-z","21":"first","22":"outofstock","23":"taxable","24":"shipping-taxable","25":"purchasable","26":"product-type-simple"},"_links":{"self":[{"href":"https:\/\/galicianparts.com\/shop\/wp-json\/wp\/v2\/product\/27513"}],"collection":[{"href":"https:\/\/galicianparts.com\/shop\/wp-json\/wp\/v2\/product"}],"about":[{"href":"https:\/\/galicianparts.com\/shop\/wp-json\/wp\/v2\/types\/product"}],"wp:featuredmedia":[{"embeddable":true,"href":"https:\/\/galicianparts.com\/shop\/wp-json\/wp\/v2\/media\/27514"}],"wp:attachment":[{"href":"https:\/\/galicianparts.com\/shop\/wp-json\/wp\/v2\/media?parent=27513"}],"wp:term":[{"taxonomy":"product_cat","embeddable":true,"href":"https:\/\/galicianparts.com\/shop\/wp-json\/wp\/v2\/product_cat?post=27513"},{"taxonomy":"product_tag","embeddable":true,"href":"https:\/\/galicianparts.com\/shop\/wp-json\/wp\/v2\/product_tag?post=27513"}],"curies":[{"name":"wp","href":"https:\/\/api.w.org\/{rel}","templated":true}]}}