{"id":27527,"date":"2021-07-02T09:59:38","date_gmt":"2021-07-02T07:59:38","guid":{"rendered":"https:\/\/galicianparts.com\/shop\/producto\/4458012-deposito-con-motor-limpiaparabrisas-fiat-127-sport-nuevo-original\/"},"modified":"2021-11-24T10:34:03","modified_gmt":"2021-11-24T08:34:03","slug":"4458012-deposito-con-motor-limpiaparabrisas-fiat-127-sport-nuevo-original","status":"publish","type":"product","link":"https:\/\/galicianparts.com\/shop\/producto\/4458012-deposito-con-motor-limpiaparabrisas-fiat-127-sport-nuevo-original\/","title":{"rendered":"4458012 Dep\u00f3sito con motor limpiaparabrisas Fiat 127 Sport NUEVO ORIGINAL"},"content":{"rendered":"<p>Dep\u00f3sito del l\u00edquido del limpiaparabrisas, con la bomba de los rociadores de Fiat 127 Sport.<\/p>\n<p>LA PIEZA ES NUEVA Y ORIGINAL.<\/p>\n","protected":false},"excerpt":{"rendered":"<p>Dep\u00f3sito del l\u00edquido del limpiaparabrisas, con la bomba de los rociadores de Fiat 127 Sport. LA PIEZA ES NUEVA Y ORIGINAL.<\/p>\n","protected":false},"featured_media":27528,"template":"","meta":{"_seopress_robots_primary_cat":"","_seopress_titles_title":"","_seopress_titles_desc":"","_seopress_robots_index":""},"product_cat":[68,20],"product_tag":[],"class_list":{"0":"post-27527","1":"product","2":"type-product","3":"status-publish","4":"has-post-thumbnail","6":"product_cat-recambios-fiat-127","7":"product_cat-recambios-fiat","9":"first","10":"outofstock","11":"taxable","12":"shipping-taxable","13":"purchasable","14":"product-type-simple"},"_links":{"self":[{"href":"https:\/\/galicianparts.com\/shop\/wp-json\/wp\/v2\/product\/27527"}],"collection":[{"href":"https:\/\/galicianparts.com\/shop\/wp-json\/wp\/v2\/product"}],"about":[{"href":"https:\/\/galicianparts.com\/shop\/wp-json\/wp\/v2\/types\/product"}],"wp:featuredmedia":[{"embeddable":true,"href":"https:\/\/galicianparts.com\/shop\/wp-json\/wp\/v2\/media\/27528"}],"wp:attachment":[{"href":"https:\/\/galicianparts.com\/shop\/wp-json\/wp\/v2\/media?parent=27527"}],"wp:term":[{"taxonomy":"product_cat","embeddable":true,"href":"https:\/\/galicianparts.com\/shop\/wp-json\/wp\/v2\/product_cat?post=27527"},{"taxonomy":"product_tag","embeddable":true,"href":"https:\/\/galicianparts.com\/shop\/wp-json\/wp\/v2\/product_tag?post=27527"}],"curies":[{"name":"wp","href":"https:\/\/api.w.org\/{rel}","templated":true}]}}