{"id":27596,"date":"2021-07-02T11:38:17","date_gmt":"2021-07-02T09:38:17","guid":{"rendered":"https:\/\/galicianparts.com\/shop\/producto\/4405616-deposito-limpiaparabrisas-trasero-fiat-ritmo-nuevo-original\/"},"modified":"2021-07-16T18:43:51","modified_gmt":"2021-07-16T16:43:51","slug":"4405616-deposito-limpiaparabrisas-trasero-fiat-ritmo-nuevo-original","status":"publish","type":"product","link":"https:\/\/galicianparts.com\/shop\/producto\/4405616-deposito-limpiaparabrisas-trasero-fiat-ritmo-nuevo-original\/","title":{"rendered":"4405616 Dep\u00f3sito limpiaparabrisas trasero Fiat Ritmo NUEVO ORIGINAL"},"content":{"rendered":"<p>Dep\u00f3sito del l\u00edquido del limpiaparabrisas trasero con motor del rociador de Fiat Ritmo.<\/p>\n<p>LA PIEZA ES NUEVA Y ORIGINAL.<\/p>\n","protected":false},"excerpt":{"rendered":"<p>Dep\u00f3sito del l\u00edquido del limpiaparabrisas trasero con motor del rociador de Fiat Ritmo. LA PIEZA ES NUEVA Y ORIGINAL.<\/p>\n","protected":false},"featured_media":27597,"template":"","meta":{"_seopress_robots_primary_cat":"","_seopress_titles_title":"","_seopress_titles_desc":"","_seopress_robots_index":""},"product_cat":[20,103],"product_tag":[],"class_list":{"0":"post-27596","1":"product","2":"type-product","3":"status-publish","4":"has-post-thumbnail","6":"product_cat-recambios-fiat","7":"product_cat-recambios-fiat-ritmo","9":"first","10":"instock","11":"taxable","12":"shipping-taxable","13":"purchasable","14":"product-type-simple"},"_links":{"self":[{"href":"https:\/\/galicianparts.com\/shop\/wp-json\/wp\/v2\/product\/27596"}],"collection":[{"href":"https:\/\/galicianparts.com\/shop\/wp-json\/wp\/v2\/product"}],"about":[{"href":"https:\/\/galicianparts.com\/shop\/wp-json\/wp\/v2\/types\/product"}],"wp:featuredmedia":[{"embeddable":true,"href":"https:\/\/galicianparts.com\/shop\/wp-json\/wp\/v2\/media\/27597"}],"wp:attachment":[{"href":"https:\/\/galicianparts.com\/shop\/wp-json\/wp\/v2\/media?parent=27596"}],"wp:term":[{"taxonomy":"product_cat","embeddable":true,"href":"https:\/\/galicianparts.com\/shop\/wp-json\/wp\/v2\/product_cat?post=27596"},{"taxonomy":"product_tag","embeddable":true,"href":"https:\/\/galicianparts.com\/shop\/wp-json\/wp\/v2\/product_tag?post=27596"}],"curies":[{"name":"wp","href":"https:\/\/api.w.org\/{rel}","templated":true}]}}