{"id":27656,"date":"2021-07-02T13:58:38","date_gmt":"2021-07-02T11:58:38","guid":{"rendered":"https:\/\/galicianparts.com\/shop\/producto\/9566950880-rotula-axial-direccion-fiat-ducato-scudo-multipla-peugeot-citroen-original\/"},"modified":"2023-09-19T10:18:37","modified_gmt":"2023-09-19T08:18:37","slug":"9566950880-rotula-axial-direccion-fiat-ducato-scudo-multipla-peugeot-citroen-original","status":"publish","type":"product","link":"https:\/\/galicianparts.com\/shop\/producto\/9566950880-rotula-axial-direccion-fiat-ducato-scudo-multipla-peugeot-citroen-original\/","title":{"rendered":"9566950880 R\u00f3tula axial direcci\u00f3n Fiat Ducato \/Scudo \/Multipla \/Peugeot \/Citro\u00ebn ORIGINAL"},"content":{"rendered":"<p>Tirante, r\u00f3tula axial de la cremallera de direcci\u00f3n de:<br \/>\nLongitud total: 320 mm<br \/>\nRosca exterior: M14x1,5<\/p>\n<p>FIAT Ducato II Furg\u00f3n (230L)<br \/>\n1.9 D, A\u00f1o 04.1998 &#8211; 04.2002, 1905 ccm, 68 cv<br \/>\n1.9 D, A\u00f1o 03.1994 &#8211; 04.2002, 1929 ccm, 69 cv<br \/>\n1.9 TD, A\u00f1o 05.1998 &#8211; 11.2001, 1905 ccm, 80 cv<br \/>\n1.9 TD, A\u00f1o 03.1994 &#8211; 04.2002, 1929 ccm, 82 cv<br \/>\n1.9 TD, A\u00f1o 04.1998 &#8211; 04.2002, 1905 ccm, 90 cv<br \/>\n1.9 TD CAT, A\u00f1o 08.1994 &#8211; 04.2002, 1929 ccm, 80 cv<br \/>\n2.0, A\u00f1o 03.1994 &#8211; 04.2002, 1998 ccm, 109 cv<br \/>\n2.0 4&#215;4, A\u00f1o 11.1994 &#8211; 04.2002, 1998 ccm, 109 cv<br \/>\n2.0 JTD, A\u00f1o 10.2001 &#8211; 04.2002, 1997 ccm, 84 cv<br \/>\n2.5 D, A\u00f1o 03.1994 &#8211; 04.2002, 2500 ccm, 84 cv<br \/>\n2.5 TD, A\u00f1o 06.1994 &#8211; 08.1998, 2499 ccm, 109 cv<br \/>\n2.5 TD 4&#215;4, A\u00f1o 11.1994 &#8211; 04.1998, 2499 ccm, 109 cv<br \/>\n2.5 TD 4&#215;4, A\u00f1o 11.1994 &#8211; 04.1998, 2499 ccm, 116 cv<br \/>\n2.5 TDI, A\u00f1o 03.1994 &#8211; 04.2002, 2500 ccm, 116 cv<br \/>\n2.8 D, A\u00f1o 05.1998 &#8211; 04.2002, 2800 ccm, 87 cv<br \/>\n2.8 D 4&#215;4, A\u00f1o 08.1998 &#8211; 04.2002, 2800 ccm, 87 cv<br \/>\n2.8 JTD, A\u00f1o 11.2000 &#8211; 04.2002, 2798 ccm, 128 cv<br \/>\n2.8 JTD 4&#215;4, A\u00f1o 11.2000 &#8211; 04.2002, 2798 ccm, 128 cv<br \/>\n2.8 TD 4&#215;4, A\u00f1o 05.1998 &#8211; 09.2001, 2799 ccm, 122 cv<br \/>\n2.8 TDI, A\u00f1o 10.1997 &#8211; 04.2002, 2800 ccm, 122 cv<br \/>\nFIAT Ulysse I (220)<br \/>\n1.8, A\u00f1o 05.1997 &#8211; 08.2002, 1761 ccm, 99 cv<br \/>\n1.9 TD, A\u00f1o 02.1995 &#8211; 08.2002, 1905 ccm, 90 cv<br \/>\n2.0, A\u00f1o 06.1994 &#8211; 08.2002, 1998 ccm, 121 cv<br \/>\n2.0 16V, A\u00f1o 05.1998 &#8211; 09.2000, 1998 ccm, 132 cv<br \/>\n2.0 16V (220AQ5), A\u00f1o 09.2000 &#8211; 08.2002, 1997 ccm, 136 cv<br \/>\n2.0 JTD, A\u00f1o 10.1999 &#8211; 08.2002, 1997 ccm, 109 cv<br \/>\n2.0 Turbo, A\u00f1o 06.1994 &#8211; 08.2002, 1998 ccm, 147 cv<br \/>\n2.1 TD, A\u00f1o 03.1996 &#8211; 10.1999, 2088 ccm, 109 cv<br \/>\nFIAT Scudo I Familiar (220)<br \/>\n1.6, A\u00f1o 02.1996 &#8211; 12.2006, 1581 ccm, 79 cv<br \/>\n1.9 D, A\u00f1o 02.1996 &#8211; 04.1998, 1905 ccm, 69 cv<br \/>\n1.9 D, A\u00f1o 04.1998 &#8211; 12.2006, 1868 ccm, 69 cv<br \/>\n1.9 TD, A\u00f1o 02.1996 &#8211; 12.2006, 1905 ccm, 92 cv<br \/>\n1.9 TD Eco, A\u00f1o 02.1996 &#8211; 12.2006, 1905 ccm, 90 cv<br \/>\n2.0 JTD, A\u00f1o 12.1999 &#8211; 12.2006, 1997 ccm, 109 cv<br \/>\nFIAT Scudo I Furg\u00f3n (220)<br \/>\n1.6, A\u00f1o 02.1996 &#8211; 12.2006, 1581 ccm, 79 cv<br \/>\n1.9 D, A\u00f1o 02.1996 &#8211; 12.2006, 1905 ccm, 69 cv<br \/>\n1.9 TD, A\u00f1o 02.1996 &#8211; 12.2006, 1905 ccm, 90 cv<br \/>\n1.9 TD, A\u00f1o 02.1998 &#8211; 12.2006, 1905 ccm, 92 cv<br \/>\n2.0 JTD, A\u00f1o 10.1999 &#8211; 12.2006, 1997 ccm, 94 cv<br \/>\nFIAT Marea (185)<br \/>\n1.2 16V, A\u00f1o 10.1998 &#8211; 05.2002, 1242 ccm, 82 cv<br \/>\n1.4 80 12V, A\u00f1o 09.1996 &#8211; 05.2002, 1370 ccm, 80 cv<br \/>\n1.6 100 16V, A\u00f1o 09.1996 &#8211; 05.2002, 1581 ccm, 103 cv<br \/>\n1.6 100 16V Bipower, A\u00f1o 04.1999 &#8211; 05.2002, 1581 ccm, 103 cv<br \/>\n1.8 115 16V, A\u00f1o 09.1996 &#8211; 05.2002, 1747 ccm, 113 cv<br \/>\n1.9 JTD 105 (185AXN1A), A\u00f1o 12.1998 &#8211; 12.2002, 1910 ccm, 105 cv<br \/>\n1.9 JTD 110 (185AXT1A), A\u00f1o 09.2000 &#8211; 08.2002, 1910 ccm, 110 cv<br \/>\n1.9 TD 100 (185AX_), A\u00f1o 05.1996 &#8211; 12.2002, 1910 ccm, 100 cv<br \/>\n1.9 TD 75, A\u00f1o 09.1996 &#8211; 05.2002, 1910 ccm, 75 cv<br \/>\n2.0 150 20V, A\u00f1o 09.1996 &#8211; 04.1999, 1998 ccm, 147 cv<br \/>\n2.0 150 20V, A\u00f1o 01.2001 &#8211; 05.2002, 1998 ccm, 150 cv<br \/>\n2.0 155 20V, A\u00f1o 04.1999 &#8211; 01.2001, 1998 ccm, 154 cv<br \/>\n2.4 JTD 130, A\u00f1o 04.1999 &#8211; 05.2002, 2387 ccm, 130 cv<br \/>\n2.4 TD 125, A\u00f1o 09.1996 &#8211; 04.1999, 2387 ccm, 125 cv<br \/>\nFIAT Ducato II Bus (230)<br \/>\n1.9 D, A\u00f1o 04.1998 &#8211; 04.2002, 1905 ccm, 68 cv<br \/>\n1.9 D Combinato, A\u00f1o 06.1995 &#8211; 04.2002, 1929 ccm, 69 cv<br \/>\n1.9 TD, A\u00f1o 04.1998 &#8211; 04.2002, 1905 ccm, 90 cv<br \/>\n1.9 TD Combinato, A\u00f1o 08.1994 &#8211; 04.2002, 1929 ccm, 80 cv<br \/>\n1.9 TD Panorama\/Combinato, A\u00f1o 03.1994 &#8211; 04.2002, 1929 ccm, 82 cv<br \/>\n2.0 4&#215;4, A\u00f1o 11.1994 &#8211; 11.2001, 1998 ccm, 109 cv<br \/>\n2.0 Panorama\/Combinato, A\u00f1o 03.1994 &#8211; 04.2002, 1998 ccm, 109 cv<br \/>\n2.5 D Combinato, A\u00f1o 08.1994 &#8211; 04.2002, 2500 ccm, 84 cv<br \/>\n2.5 TD 4&#215;4, A\u00f1o 11.1994 &#8211; 04.1998, 2499 ccm, 109 cv<br \/>\n2.5 TDI 4&#215;4, A\u00f1o 04.1997 &#8211; 04.2002, 2500 ccm, 116 cv<br \/>\n2.5 TDI Panorama\/Combinato, A\u00f1o 07.1994 &#8211; 04.2002, 2500 ccm, 109 cv<br \/>\n2.5 TDI Panorama\/Combinato, A\u00f1o 03.1994 &#8211; 04.2002, 2499 ccm, 116 cv<br \/>\n2.8 D, A\u00f1o 02.1998 &#8211; 04.2002, 2800 ccm, 87 cv<br \/>\n2.8 JTD, A\u00f1o 11.2000 &#8211; 04.2002, 2798 ccm, 128 cv<br \/>\n2.8 JTD 4&#215;4, A\u00f1o 11.2000 &#8211; 04.2002, 2798 ccm, 128 cv<br \/>\n2.8 TDI, A\u00f1o 10.1997 &#8211; 04.2002, 2800 ccm, 122 cv<br \/>\n2.8 TDI 4&#215;4, A\u00f1o 07.1999 &#8211; 04.2002, 2800 ccm, 122 cv<br \/>\nFIAT Multipla (186)<br \/>\n1.6 100 16V, A\u00f1o 04.1999 &#8211; 06.2010, 1581 ccm, 103 cv<br \/>\n1.6 16V Bipower, A\u00f1o 04.1999 &#8211; 06.2010, 1581 ccm, 103 cv<br \/>\n1.6 16V Blupower, A\u00f1o 04.1999 &#8211; 06.2010, 1581 ccm, 95 cv<br \/>\n1.9 JTD 105 (186AXB1A), A\u00f1o 04.1999 &#8211; 06.2010, 1910 ccm, 105 cv<br \/>\nFIAT Ducato II Cami\u00f3n de plataforma\/Chasis (230)<br \/>\n1.9 D, A\u00f1o 04.1998 &#8211; 04.2002, 1905 ccm, 68 cv<br \/>\n1.9 D, A\u00f1o 03.1994 &#8211; 04.2002, 1929 ccm, 69 cv<br \/>\n1.9 TD, A\u00f1o 03.1994 &#8211; 04.2002, 1929 ccm, 82 cv<br \/>\n1.9 TD, A\u00f1o 04.1998 &#8211; 04.2002, 1905 ccm, 90 cv<br \/>\n1.9 TD CAT, A\u00f1o 08.1994 &#8211; 04.2002, 1929 ccm, 80 cv<br \/>\n2.0, A\u00f1o 03.1994 &#8211; 04.2002, 1998 ccm, 109 cv<br \/>\n2.0 JTD, A\u00f1o 07.2001 &#8211; 04.2002, 1997 ccm, 84 cv<br \/>\n2.5 D, A\u00f1o 03.1994 &#8211; 04.2002, 2500 ccm, 84 cv<br \/>\n2.5 D 4&#215;4, A\u00f1o 03.1994 &#8211; 04.2002, 2500 ccm, 84 cv<br \/>\n2.5 TD, A\u00f1o 06.1994 &#8211; 08.1998, 2499 ccm, 109 cv<br \/>\n2.5 TD, A\u00f1o 06.1994 &#8211; 04.1998, 2499 ccm, 116 cv<br \/>\n2.5 TD 4&#215;4, A\u00f1o 11.1994 &#8211; 04.1998, 2499 ccm, 109 cv<br \/>\n2.5 TD 4&#215;4, A\u00f1o 11.1994 &#8211; 04.1998, 2499 ccm, 116 cv<br \/>\n2.5 TDI, A\u00f1o 03.1994 &#8211; 04.2002, 2500 ccm, 109 cv<br \/>\n2.5 TDI 4&#215;4, A\u00f1o 06.1998 &#8211; 04.2002, 2500 ccm, 116 cv<br \/>\n2.8 D, A\u00f1o 02.1998 &#8211; 04.2002, 2800 ccm, 87 cv<br \/>\n2.8 iDTD 4&#215;4, A\u00f1o 05.1998 &#8211; 09.2001, 2799 ccm, 122 cv<br \/>\n2.8 JTD, A\u00f1o 11.2000 &#8211; 04.2002, 2798 ccm, 128 cv<br \/>\n2.8 JTD 4&#215;4, A\u00f1o 10.2001 &#8211; 04.2002, 2798 ccm, 128 cv<br \/>\n2.8 TD 4&#215;4, A\u00f1o 05.1998 &#8211; 11.2001, 2799 ccm, 87 cv<br \/>\n2.8 TDI, A\u00f1o 12.1998 &#8211; 04.2002, 2800 ccm, 122 cv<br \/>\nFIAT Ducato II (244)<br \/>\n2.0 JTD, A\u00f1o 12.2001 &#8211; 07.2006, 1997 ccm, 84 cv<br \/>\n2.3 JTD, A\u00f1o 12.2001 &#8211; 07.2006, 2286 ccm, 110 cv<br \/>\n2.8 JTD, A\u00f1o 12.2001 &#8211; &#8230;, 2798 ccm, 128 cv<br \/>\n2.8 JTD, A\u00f1o 04.2004 &#8211; 07.2006, 2800 ccm, 145 cv<br \/>\n2.8 JTD 4&#215;4, A\u00f1o 12.2001 &#8211; 07.2006, 2798 ccm, 128 cv<br \/>\n2.8 TD, A\u00f1o 11.2003 &#8211; 07.2006, 2799 ccm, 122 cv<br \/>\n2.8 TD 4&#215;4, A\u00f1o 11.2003 &#8211; 07.2006, 2799 ccm, 122 cv<br \/>\nFIAT Ducato II (244)<br \/>\n2.0 JTD, A\u00f1o 12.2001 &#8211; 07.2006, 1997 ccm, 84 cv<br \/>\n2.3 JTD, A\u00f1o 12.2001 &#8211; 07.2006, 2286 ccm, 110 cv<br \/>\n2.8 JTD, A\u00f1o 11.2003 &#8211; 07.2006, 2799 ccm, 122 cv<br \/>\n2.8 JTD, A\u00f1o 12.2001 &#8211; 07.2006, 2798 ccm, 128 cv<br \/>\n2.8 JTD 4&#215;4, A\u00f1o 12.2001 &#8211; 07.2006, 2798 ccm, 128 cv<br \/>\n2.8 JTD Power, A\u00f1o 04.2004 &#8211; 07.2006, 2800 ccm, 146 cv<br \/>\nFIAT Ducato III (250, 290)<br \/>\n2.3 D 120 Multijet, A\u00f1o 07.2006 &#8211; &#8230;, 2287 ccm, 120 cv<br \/>\n130 Multijet 2,3 D, A\u00f1o 08.2006 &#8211; &#8230;, 2287 ccm, 131 cv<\/p>\n<p>LANCIA Zeta (220)<br \/>\n2.0 16V, A\u00f1o 05.1998 &#8211; 07.2000, 1998 ccm, 132 cv<br \/>\n2.0 16V (220AQ5, 220AQ4), A\u00f1o 07.2000 &#8211; 09.2002, 1997 ccm, 136 cv<br \/>\n2.0 Turbo, A\u00f1o 05.1995 &#8211; 09.2002, 1998 ccm, 147 cv<br \/>\n2.1 TD, A\u00f1o 05.1996 &#8211; 09.1999, 2088 ccm, 109 cv<\/p>\n<p>CITRO\u00cbN Jumper I (230)<br \/>\n1.9 D, A\u00f1o 01.1999 &#8211; 04.2002, 1905 ccm, 69 cv<br \/>\n1.9 TD, A\u00f1o 08.1994 &#8211; 04.2002, 1905 ccm, 90 cv<br \/>\n1.9 TD, A\u00f1o 02.1994 &#8211; 04.2002, 1905 ccm, 92 cv<br \/>\n1.9 TD 4&#215;4, A\u00f1o 08.1996 &#8211; 04.2002, 1905 ccm, 92 cv<br \/>\n2.0, A\u00f1o 02.1994 &#8211; 04.2002, 1998 ccm, 109 cv<br \/>\n2.0 4&#215;4, A\u00f1o 08.1996 &#8211; 04.2002, 1998 ccm, 109 cv<br \/>\n2.5 D, A\u00f1o 08.1994 &#8211; 04.2002, 2446 ccm, 86 cv<br \/>\n2.5 D 4&#215;4, A\u00f1o 08.1996 &#8211; 04.2002, 2446 ccm, 86 cv<br \/>\n2.5 TD, A\u00f1o 08.1994 &#8211; 04.2002, 2446 ccm, 103 cv<br \/>\n2.5 TD 4&#215;4, A\u00f1o 08.1996 &#8211; 04.2002, 2446 ccm, 103 cv<br \/>\n2.5 TDi, A\u00f1o 12.1996 &#8211; 11.2000, 2446 ccm, 107 cv<br \/>\n2.5 TDI 4&#215;4, A\u00f1o 12.1996 &#8211; 11.2000, 2446 ccm, 107 cv<br \/>\nCITRO\u00cbN Jumper I Furg\u00f3n (230)<br \/>\n1.9 D, A\u00f1o 07.1999 &#8211; 04.2002, 1905 ccm, 68 cv<br \/>\n1.9 D, A\u00f1o 02.1994 &#8211; 04.2002, 1905 ccm, 69 cv<br \/>\n1.9 TD, A\u00f1o 03.1994 &#8211; 04.2002, 1905 ccm, 90 cv<br \/>\n1.9 TD, A\u00f1o 03.1994 &#8211; 04.2002, 1905 ccm, 92 cv<br \/>\n2.0, A\u00f1o 03.1994 &#8211; 04.2002, 1998 ccm, 109 cv<br \/>\n2.5 D, A\u00f1o 03.1994 &#8211; 04.2002, 2446 ccm, 86 cv<br \/>\n2.5 D 4&#215;4, A\u00f1o 03.2000 &#8211; 04.2002, 2446 ccm, 86 cv<br \/>\n2.5 TD, A\u00f1o 03.1994 &#8211; 04.2002, 2446 ccm, 103 cv<br \/>\n2.5 TDi, A\u00f1o 12.1996 &#8211; 11.2000, 2446 ccm, 107 cv<br \/>\n2.5 TDi 4&#215;4, A\u00f1o 03.2000 &#8211; 11.2000, 2446 ccm, 107 cv<br \/>\nCITRO\u00cbN Evasion (22, U6)<br \/>\n1.8, A\u00f1o 05.1997 &#8211; 07.2002, 1761 ccm, 99 cv<br \/>\n1.9 TD, A\u00f1o 11.1994 &#8211; 07.2002, 1905 ccm, 90 cv<br \/>\n2.0, A\u00f1o 06.1994 &#8211; 07.2002, 1998 ccm, 121 cv<br \/>\n2.0 16V, A\u00f1o 05.1998 &#8211; 04.2000, 1998 ccm, 132 cv<br \/>\n2.0 16V, A\u00f1o 05.2000 &#8211; 07.2002, 1997 ccm, 136 cv<br \/>\n2.0 HDI, A\u00f1o 08.1999 &#8211; 07.2002, 1997 ccm, 109 cv<br \/>\n2.0 Turbo C.T., A\u00f1o 06.1994 &#8211; 07.2002, 1998 ccm, 147 cv<br \/>\n2.1 TD, A\u00f1o 05.1996 &#8211; 07.2002, 2088 ccm, 109 cv<br \/>\nCITRO\u00cbN Jumpy I<br \/>\n1.6, A\u00f1o 10.1995 &#8211; 08.2000, 1581 ccm, 79 cv<br \/>\n1.9 D, A\u00f1o 10.1995 &#8211; 08.1998, 1905 ccm, 69 cv<br \/>\n1.9 D 70, A\u00f1o 04.1998 &#8211; 11.2003, 1868 ccm, 69 cv<br \/>\n1.9 TD, A\u00f1o 10.1995 &#8211; 08.2000, 1905 ccm, 90 cv<br \/>\n1.9 TD, A\u00f1o 04.1996 &#8211; 11.2003, 1905 ccm, 92 cv<br \/>\n2.0, A\u00f1o 04.2000 &#8211; 12.2006, 1997 ccm, 136 cv<br \/>\n2.0 HDi 110, A\u00f1o 03.2000 &#8211; 10.2006, 1997 ccm, 109 cv<br \/>\n2.0 HDi 95, A\u00f1o 10.1999 &#8211; 10.2006, 1997 ccm, 94 cv<br \/>\n2.0 i 16V, A\u00f1o 03.2000 &#8211; 10.2006, 1997 ccm, 138 cv<\/p>\n<p>PEUGEOT 806<br \/>\n1.8, A\u00f1o 07.1995 &#8211; 08.2002, 1761 ccm, 99 cv<br \/>\n1.9 TD, A\u00f1o 07.1995 &#8211; 08.2002, 1905 ccm, 90 cv<br \/>\n1.9 TD, A\u00f1o 05.1997 &#8211; 08.2002, 1905 ccm, 92 cv<br \/>\n2.0, A\u00f1o 06.1994 &#8211; 08.2002, 1998 ccm, 121 cv<br \/>\n2.0 16V, A\u00f1o 05.1998 &#8211; 09.2000, 1998 ccm, 132 cv<br \/>\n2.0 16V, A\u00f1o 09.2000 &#8211; 08.2002, 1997 ccm, 136 cv<br \/>\n2.0 HDI, A\u00f1o 08.1999 &#8211; 08.2002, 1997 ccm, 109 cv<br \/>\n2.0 Turbo, A\u00f1o 06.1994 &#8211; 08.2002, 1998 ccm, 147 cv<br \/>\n2.1 td 12V, A\u00f1o 06.1996 &#8211; 08.1999, 2088 ccm, 109 cv<br \/>\nPEUGEOT Expert I (224)<br \/>\n1.6, A\u00f1o 02.1996 &#8211; 09.2000, 1581 ccm, 79 cv<br \/>\n1.9 D, A\u00f1o 02.1996 &#8211; 12.1998, 1905 ccm, 70 cv<br \/>\n1.9 TD, A\u00f1o 02.1996 &#8211; 09.2000, 1905 ccm, 90 cv<br \/>\n1.9 TD, A\u00f1o 02.1996 &#8211; 05.1998, 1905 ccm, 92 cv<br \/>\n2.0, A\u00f1o 07.2000 &#8211; 12.2006, 1997 ccm, 136 cv<br \/>\n2.0 HDI, A\u00f1o 07.2000 &#8211; 12.2006, 1997 ccm, 109 cv<br \/>\nPEUGEOT Expert I<br \/>\n1.6, A\u00f1o 02.1996 &#8211; 09.2000, 1581 ccm, 79 cv<br \/>\n1.9 D, A\u00f1o 02.1996 &#8211; 12.1998, 1905 ccm, 70 cv<br \/>\n1.9 TD, A\u00f1o 02.1996 &#8211; 09.2000, 1905 ccm, 90 cv<br \/>\n1.9 TD, A\u00f1o 02.1996 &#8211; 05.1998, 1905 ccm, 92 cv<br \/>\n2.0 HDI, A\u00f1o 07.2000 &#8211; 12.2006, 1997 ccm, 94 cv<\/p>\n<p>LA PIEZA ES NUEVA Y ORIGINAL.<\/p>\n","protected":false},"excerpt":{"rendered":"<p>Tirante, r\u00f3tula axial de la cremallera de direcci\u00f3n de: Longitud total: 320 mm Rosca exterior: M14x1,5 FIAT Ducato II Furg\u00f3n (230L) 1.9 D, A\u00f1o 04.1998 &#8211; 04.2002, 1905 ccm, 68 cv 1.9 D, A\u00f1o 03.1994 &#8211; 04.2002, 1929 ccm, 69 cv 1.9 TD, A\u00f1o 05.1998 &#8211; 11.2001, 1905 ccm, 80 cv 1.9 TD, A\u00f1o 03.1994 [&hellip;]<\/p>\n","protected":false},"featured_media":78337,"template":"","meta":{"_seopress_robots_primary_cat":"","_seopress_titles_title":"","_seopress_titles_desc":"","_seopress_robots_index":""},"product_cat":[189,23,88,188,156,20,137,138,21,95,96,24,104,113,128],"product_tag":[],"class_list":{"0":"post-27656","1":"product","2":"type-product","3":"status-publish","4":"has-post-thumbnail","6":"product_cat-recambios-peugeot-806","7":"product_cat-recambios-citroen","8":"product_cat-recambios-fiat-ducato","9":"product_cat-recambios-citroen-evasion","10":"product_cat-recambios-peugeot-expert","11":"product_cat-recambios-fiat","12":"product_cat-recambios-citroen-jumper","13":"product_cat-recambios-citroen-jumpy","14":"product_cat-recambios-lancia","15":"product_cat-recambios-fiat-marea","16":"product_cat-recambios-fiat-multipla","17":"product_cat-recambios-peugeot","18":"product_cat-recambios-fiat-scudo","19":"product_cat-recambios-fiat-ulysse","20":"product_cat-recambios-lancia-z","22":"first","23":"instock","24":"taxable","25":"shipping-taxable","26":"purchasable","27":"product-type-simple"},"_links":{"self":[{"href":"https:\/\/galicianparts.com\/shop\/wp-json\/wp\/v2\/product\/27656"}],"collection":[{"href":"https:\/\/galicianparts.com\/shop\/wp-json\/wp\/v2\/product"}],"about":[{"href":"https:\/\/galicianparts.com\/shop\/wp-json\/wp\/v2\/types\/product"}],"wp:featuredmedia":[{"embeddable":true,"href":"https:\/\/galicianparts.com\/shop\/wp-json\/wp\/v2\/media\/78337"}],"wp:attachment":[{"href":"https:\/\/galicianparts.com\/shop\/wp-json\/wp\/v2\/media?parent=27656"}],"wp:term":[{"taxonomy":"product_cat","embeddable":true,"href":"https:\/\/galicianparts.com\/shop\/wp-json\/wp\/v2\/product_cat?post=27656"},{"taxonomy":"product_tag","embeddable":true,"href":"https:\/\/galicianparts.com\/shop\/wp-json\/wp\/v2\/product_tag?post=27656"}],"curies":[{"name":"wp","href":"https:\/\/api.w.org\/{rel}","templated":true}]}}