{"id":27756,"date":"2021-07-05T12:11:56","date_gmt":"2021-07-05T10:11:56","guid":{"rendered":"https:\/\/galicianparts.com\/shop\/producto\/9613736280-valvula-escape-m-1-9-d-fiat-citroen-peugeot-nuevo-original\/"},"modified":"2021-09-07T12:04:09","modified_gmt":"2021-09-07T10:04:09","slug":"9613736280-valvula-escape-m-1-9-d-fiat-citroen-peugeot-nuevo-original","status":"publish","type":"product","link":"https:\/\/galicianparts.com\/shop\/producto\/9613736280-valvula-escape-m-1-9-d-fiat-citroen-peugeot-nuevo-original\/","title":{"rendered":"9613736280 V\u00e1lvula escape M 1.9 D Fiat \/ Citroen \/ Peugeot NUEVO ORIGINAL"},"content":{"rendered":"<p>V\u00e1lvula de escape de los motores 1900CC DS TB\/DS de:<br \/>\nCITRO\u00cbN Berlingo \/ Berlingo First I (MF, GJK, GFK) (A\u00f1o 07.1996 &#8211; 12.2003, 68 , Gas\u00f3leo)<br \/>\nCITRO\u00cbN BX Hatchback (A\u00f1o 03.1987 &#8211; 10.1993, 69 &#8211; 90 , Gas\u00f3leo)<br \/>\nCITRO\u00cbN BX Familiar (A\u00f1o 01.1987 &#8211; 12.1994, 69 &#8211; 90 , Gas\u00f3leo)<br \/>\nCITRO\u00cbN C25 Bus (A\u00f1o 07.1987 &#8211; 02.1994, 69 , Gas\u00f3leo)<br \/>\nCITRO\u00cbN Evasion (22, U6) (A\u00f1o 11.1994 &#8211; 07.2002, 90 &#8211; 92 , Gas\u00f3leo)<br \/>\nCITRO\u00cbN Jumper I Bus (230) (A\u00f1o 02.1994 &#8211; 04.2002, 69 &#8211; 92 , Gas\u00f3leo)<br \/>\nCITRO\u00cbN Jumper I Cami\u00f3n de plataforma\/Chasis (230) (A\u00f1o 03.1994 &#8211; 04.2002, 90 &#8211; 92 , Gas\u00f3leo)<br \/>\nCITRO\u00cbN Jumper I Furg\u00f3n (230) (A\u00f1o 02.1994 &#8211; 04.2002, 69 &#8211; 92 , Gas\u00f3leo)<br \/>\nCITRO\u00cbN Jumpy I MPV (A\u00f1o 10.1995 &#8211; 11.2003, 69 &#8211; 92 , Gas\u00f3leo)<br \/>\nCITRO\u00cbN Jumpy I Furg\u00f3n (A\u00f1o 10.1995 &#8211; 08.2000, 69 &#8211; 90 , Gas\u00f3leo)<br \/>\nCITRO\u00cbN Xantia Familiar (X1, X2) (A\u00f1o 06.1995 &#8211; 01.1998, 75 &#8211; 90 , Gas\u00f3leo)<br \/>\nCITRO\u00cbN Xantia Hatchback (X1, X2) (A\u00f1o 06.1994 &#8211; 01.1998, 69 &#8211; 90 , Gas\u00f3leo)<br \/>\nCITRO\u00cbN Xsara Hatchback (N1) (A\u00f1o 04.1997 &#8211; 09.2000, 75 &#8211; 90 , Gas\u00f3leo)<br \/>\nCITRO\u00cbN Xsara Familiar (N2) (A\u00f1o 10.1997 &#8211; 09.2000, 75 &#8211; 90 , Gas\u00f3leo)<br \/>\nCITRO\u00cbN Xsara Coup\u00e9 (N0) (A\u00f1o 02.1998 &#8211; 09.2000, 75 &#8211; 90 , Gas\u00f3leo)<br \/>\nCITRO\u00cbN Xsara Furg\u00f3n \/ Hatchback (N3) (A\u00f1o 05.1998 &#8211; 08.2000, 88 , Gas\u00f3leo)<br \/>\nCITRO\u00cbN ZX Hatchback (N2) (A\u00f1o 06.1992 &#8211; 07.1999, 68 &#8211; 92 , Gas\u00f3leo)<br \/>\nCITRO\u00cbN ZX Familiar (N2) (A\u00f1o 10.1993 &#8211; 10.1997, 68 &#8211; 90 , Gas\u00f3leo)<br \/>\nFIAT Ducato II Bus (230) (A\u00f1o 04.1998 &#8211; 04.2002, 68 &#8211; 90 , Gas\u00f3leo)<br \/>\nFIAT Ducato II Cami\u00f3n de plataforma\/Chasis (230) (A\u00f1o 04.1998 &#8211; 04.2002, 90 , Gas\u00f3leo)<br \/>\nFIAT Ducato II Furg\u00f3n (230L) (A\u00f1o 04.1998 &#8211; 04.2002, 90 , Gas\u00f3leo)<br \/>\nFIAT Scudo I Cami\u00f3n de plataforma\/Chasis (220) (A\u00f1o 09.1996 &#8211; 12.2006, 92 , Gas\u00f3leo)<br \/>\nFIAT Scudo I Familiar (220) (A\u00f1o 02.1996 &#8211; 12.2006, 69 &#8211; 92 , Gas\u00f3leo)<br \/>\nFIAT Scudo I Furg\u00f3n (220) (A\u00f1o 02.1996 &#8211; 12.2006, 69 &#8211; 92 , Gas\u00f3leo)<br \/>\nFIAT Ulysse I (220) (A\u00f1o 02.1995 &#8211; 08.2002, 90 &#8211; 92 , Gas\u00f3leo)<br \/>\nPEUGEOT 205 F Furg\u00f3n (A\u00f1o 08.1990 &#8211; 05.1997, 60 &#8211; 79 , Gas\u00f3leo)<br \/>\nPEUGEOT 205 XA\/XAD Furg\u00f3n (A\u00f1o 02.1983 &#8211; 07.1990, 60 , Gas\u00f3leo)<br \/>\nPEUGEOT 205 I Hatchback (A\u00f1o 08.1983 &#8211; 10.1987, 60 , Gas\u00f3leo)<br \/>\nPEUGEOT 205 II Hatchback (A\u00f1o 07.1987 &#8211; 09.1998, 60 &#8211; 79 , Gas\u00f3leo)<br \/>\nPEUGEOT 305 II Berlina (A\u00f1o 10.1982 &#8211; 12.1988, 60 &#8211; 65 , Gas\u00f3leo)<br \/>\nPEUGEOT 305 II Familiar (A\u00f1o 10.1982 &#8211; 12.1988, 60 &#8211; 65 , Gas\u00f3leo)<br \/>\nPEUGEOT 306 Berlina (A\u00f1o 02.1994 &#8211; 05.2001, 60 &#8211; 90 , Gas\u00f3leo)<br \/>\nPEUGEOT 306 Familiar (A\u00f1o 02.1997 &#8211; 04.2002, 60 &#8211; 90 , Gas\u00f3leo)<br \/>\nPEUGEOT 306 Hatchback (A\u00f1o 04.1993 &#8211; 05.2001, 58 &#8211; 90 , Gas\u00f3leo)<br \/>\nPEUGEOT 306 Furg\u00f3n \/ Hatchback (A\u00f1o 04.1993 &#8211; 05.1999, 60 &#8211; 68 , Gas\u00f3leo)<br \/>\nPEUGEOT 306 Furg\u00f3n \/ Familiar (A\u00f1o 02.1994 &#8211; 06.2000, 60 &#8211; 94 , Gas\u00f3leo)<br \/>\nPEUGEOT 309 Furg\u00f3n \/ Hatchback (10S, 3S) (A\u00f1o 10.1985 &#8211; 10.1993, 64 , Gas\u00f3leo)<br \/>\nPEUGEOT 309 I Hatchback (A\u00f1o 06.1986 &#8211; 07.1989, 64 , Gas\u00f3leo)<br \/>\nPEUGEOT 309 II Hatchback (A\u00f1o 07.1989 &#8211; 12.1993, 60 &#8211; 78 , Gas\u00f3leo)<br \/>\nPEUGEOT 405 I Berlina (15B) (A\u00f1o 10.1987 &#8211; 12.1992, 64 &#8211; 90 , Gas\u00f3leo)<br \/>\nPEUGEOT 405 I Familiar (15E) (A\u00f1o 10.1988 &#8211; 08.1992, 64 &#8211; 90 , Gas\u00f3leo)<br \/>\nPEUGEOT 405 I Furg\u00f3n \/ Familiar (15_) (A\u00f1o 04.1990 &#8211; 07.1992, 60 , Gas\u00f3leo)<br \/>\nPEUGEOT 405 II Berlina (4B) (A\u00f1o 08.1992 &#8211; 11.1999, 68 &#8211; 94 , Gas\u00f3leo)<br \/>\nPEUGEOT 405 II Familiar (4E) (A\u00f1o 08.1992 &#8211; 10.1998, 68 &#8211; 94 , Gas\u00f3leo)<br \/>\nPEUGEOT 405 II Furg\u00f3n \/ Familiar (4E_) (A\u00f1o 08.1992 &#8211; 12.1995, 69 , Gas\u00f3leo)<br \/>\nPEUGEOT 406 Berlina (A\u00f1o 10.1995 &#8211; 05.2004, 92 &#8211; 94 , Gas\u00f3leo)<br \/>\nPEUGEOT 806 (A\u00f1o 05.1997 &#8211; 08.2002, 92 , Gas\u00f3leo)<br \/>\nPEUGEOT Boxer Bus (230) (A\u00f1o 03.1994 &#8211; 04.2002, 90 &#8211; 92 , Gas\u00f3leo)<br \/>\nPEUGEOT Boxer Cami\u00f3n de plataforma\/Chasis (230) (A\u00f1o 06.1994 &#8211; 04.2002, 90 &#8211; 92 , Gas\u00f3leo)<br \/>\nPEUGEOT Boxer Furg\u00f3n (230) (A\u00f1o 03.1994 &#8211; 04.2002, 68 &#8211; 92 , Gas\u00f3leo)<br \/>\nPEUGEOT Expert I (224) (A\u00f1o 10.1995 &#8211; 05.1998, 92 &#8211; 94 , Gas\u00f3leo)<br \/>\nPEUGEOT Expert I Cami\u00f3n de plataforma\/Chasis (A\u00f1o 02.1996 &#8211; 05.1998, 92 , Gas\u00f3leo)<br \/>\nPEUGEOT Expert I Furg\u00f3n (A\u00f1o 02.1996 &#8211; 05.1998, 92 , Gas\u00f3leo)<br \/>\nPEUGEOT J5 Bus (290) (A\u00f1o 10.1990 &#8211; 02.1994, 70 , Gas\u00f3leo)<br \/>\nPEUGEOT J5 Cami\u00f3n de plataforma\/Chasis (290) (A\u00f1o 10.1990 &#8211; 02.1994, 70 , Gas\u00f3leo)<br \/>\nPEUGEOT J5 Furg\u00f3n (280) (A\u00f1o 09.1987 &#8211; 08.1990, 69 , Gas\u00f3leo)<br \/>\nPEUGEOT J5 Furg\u00f3n (290) (A\u00f1o 10.1990 &#8211; 03.1994, 70 , Gas\u00f3leo)<br \/>\nPEUGEOT Partner I Combispace (A\u00f1o 05.1996 &#8211; 12.2002, 68 &#8211; 69 , Gas\u00f3leo)<br \/>\nPEUGEOT Partner I Furg\u00f3n (A\u00f1o 05.1996 &#8211; 12.2002, 58 &#8211; 69 , Gas\u00f3leo)<\/p>\n<p>LA PIEZA ES NUEVA Y ORIGINAL.<\/p>\n","protected":false},"excerpt":{"rendered":"<p>V\u00e1lvula de escape de los motores 1900CC DS TB\/DS de: CITRO\u00cbN Berlingo \/ Berlingo First I (MF, GJK, GFK) (A\u00f1o 07.1996 &#8211; 12.2003, 68 , Gas\u00f3leo) CITRO\u00cbN BX Hatchback (A\u00f1o 03.1987 &#8211; 10.1993, 69 &#8211; 90 , Gas\u00f3leo) CITRO\u00cbN BX Familiar (A\u00f1o 01.1987 &#8211; 12.1994, 69 &#8211; 90 , Gas\u00f3leo) CITRO\u00cbN C25 Bus (A\u00f1o 07.1987 [&hellip;]<\/p>\n","protected":false},"featured_media":27757,"template":"","meta":{"_seopress_robots_primary_cat":"","_seopress_titles_title":"","_seopress_titles_desc":"","_seopress_robots_index":""},"product_cat":[235,194,147,149,150,189,129,155,130,132,23,88,188,156,20,157,137,138,158,24,104,113,141,143,144],"product_tag":[],"class_list":{"0":"post-27756","1":"product","2":"type-product","3":"status-publish","4":"has-post-thumbnail","6":"product_cat-recambios-peugeot-205","7":"product_cat-recambios-peugeot-305","8":"product_cat-recambios-peugeot-306","9":"product_cat-recambios-peugeot-309","10":"product_cat-recambios-peugeot-405","11":"product_cat-recambios-peugeot-806","12":"product_cat-recambios-citroen-berlingo","13":"product_cat-recambios-peugeot-boxer","14":"product_cat-recambios-citroen-bx","15":"product_cat-recambios-citroen-c25","16":"product_cat-recambios-citroen","17":"product_cat-recambios-fiat-ducato","18":"product_cat-recambios-citroen-evasion","19":"product_cat-recambios-peugeot-expert","20":"product_cat-recambios-fiat","21":"product_cat-recambios-peugeot-j5","22":"product_cat-recambios-citroen-jumper","23":"product_cat-recambios-citroen-jumpy","24":"product_cat-recambios-peugeot-partner","25":"product_cat-recambios-peugeot","26":"product_cat-recambios-fiat-scudo","27":"product_cat-recambios-fiat-ulysse","28":"product_cat-recambios-citroen-xantia","29":"product_cat-recambios-citroen-xsara","30":"product_cat-recambios-citroen-zx","32":"first","33":"outofstock","34":"taxable","35":"shipping-taxable","36":"purchasable","37":"product-type-simple"},"_links":{"self":[{"href":"https:\/\/galicianparts.com\/shop\/wp-json\/wp\/v2\/product\/27756"}],"collection":[{"href":"https:\/\/galicianparts.com\/shop\/wp-json\/wp\/v2\/product"}],"about":[{"href":"https:\/\/galicianparts.com\/shop\/wp-json\/wp\/v2\/types\/product"}],"wp:featuredmedia":[{"embeddable":true,"href":"https:\/\/galicianparts.com\/shop\/wp-json\/wp\/v2\/media\/27757"}],"wp:attachment":[{"href":"https:\/\/galicianparts.com\/shop\/wp-json\/wp\/v2\/media?parent=27756"}],"wp:term":[{"taxonomy":"product_cat","embeddable":true,"href":"https:\/\/galicianparts.com\/shop\/wp-json\/wp\/v2\/product_cat?post=27756"},{"taxonomy":"product_tag","embeddable":true,"href":"https:\/\/galicianparts.com\/shop\/wp-json\/wp\/v2\/product_tag?post=27756"}],"curies":[{"name":"wp","href":"https:\/\/api.w.org\/{rel}","templated":true}]}}