{"id":27863,"date":"2021-07-06T09:18:05","date_gmt":"2021-07-06T07:18:05","guid":{"rendered":"https:\/\/galicianparts.com\/shop\/producto\/82372779-filtro-aire-lancia-delta-evo-integrale-alfa-33-alfasud-clean-ma-434\/"},"modified":"2026-02-20T19:51:27","modified_gmt":"2026-02-20T17:51:27","slug":"82372779-filtro-aire-lancia-delta-evo-integrale-alfa-33-alfasud-clean-ma-434","status":"publish","type":"product","link":"https:\/\/galicianparts.com\/shop\/producto\/82372779-filtro-aire-lancia-delta-evo-integrale-alfa-33-alfasud-clean-ma-434\/","title":{"rendered":"82372779 Filtro aire Lancia Delta EVo \/ Integrale \/Alfa 33 \/Alfasud Clean MA434"},"content":{"rendered":"<p>Filtro del aire Clean MA 434 de:<\/p>\n<p>LANCIA Delta I (831)<br \/>\n1.1, A\u00f1o 01.1986 &#8211; 12.1990, 1116 ccm, 64 CV<br \/>\n1.3, A\u00f1o 09.1983 &#8211; 08.1992, 1301 ccm, 79 CV<br \/>\n1.6 GT, A\u00f1o 11.1982 &#8211; 04.1986, 1585 ccm, 105 CV<br \/>\n1.6 GT i.e., A\u00f1o 05.1987 &#8211; 08.1992, 1585 ccm, 90 CV<br \/>\n1.6 GT i.e., A\u00f1o 08.1986 &#8211; 08.1988, 1585 ccm, 109 CV<br \/>\n1.6 HF Turbo, A\u00f1o 10.1983 &#8211; 12.1986, 1585 ccm, 131 CV<br \/>\n1.6 HF Turbo, A\u00f1o 08.1986 &#8211; 05.1993, 1585 ccm, 166 CV<br \/>\n1.6 HF Turbo, A\u00f1o 08.1986 &#8211; 08.1988, 1585 ccm, 140 CV<br \/>\n1.6 HF Turbo, A\u00f1o 04.1987 &#8211; 03.1989, 1585 ccm, 132 CV<br \/>\n2.0 16V HF Evo Integrale, A\u00f1o 06.1993 &#8211; 01.1994, 1995 ccm, 211 CV<br \/>\n2.0 16V HF Integrale, A\u00f1o 03.1989 &#8211; 09.1991, 1995 ccm, 196 CV<br \/>\n2.0 HF Integrale, A\u00f1o 11.1986 &#8211; 08.1988, 1995 ccm, 166 CV<br \/>\n2.0 HF Integrale, A\u00f1o 10.1987 &#8211; 12.1991, 1995 ccm, 181 CV<br \/>\n2.0 HF Integrale, A\u00f1o 12.1986 &#8211; 12.1992, 1995 ccm, 177 CV<br \/>\nLANCIA Prisma (831)<br \/>\n1.3, A\u00f1o 01.1983 &#8211; 12.1989, 1301 ccm, 79 CV<br \/>\n1.5, A\u00f1o 09.1985 &#8211; 02.1992, 1498 ccm, 75 CV<br \/>\n1.5, A\u00f1o 08.1986 &#8211; 02.1992, 1498 ccm, 80 CV<br \/>\n1.6, A\u00f1o 08.1986 &#8211; 02.1992, 1585 ccm, 99 CV<br \/>\n1.6, A\u00f1o 01.1983 &#8211; 04.1986, 1585 ccm, 105 CV<br \/>\n1.6 i.e., A\u00f1o 05.1986 &#8211; 12.1989, 1585 ccm, 108 CV<br \/>\n1.6 i.e. Super, A\u00f1o 05.1987 &#8211; 12.1989, 1585 ccm, 90 CV<\/p>\n<p>ALFA ROMEO 145 (930)<br \/>\n1.4 i.e. (930.A3), A\u00f1o 07.1994 &#8211; 12.1996, 1351 ccm, 90 CV<br \/>\n1.6 i.e. (930.A2), A\u00f1o 10.1994 &#8211; 12.1996, 1596 ccm, 103 CV<br \/>\nALFA ROMEO 146 (930)<br \/>\n1.4 i.e. (930.B3), A\u00f1o 12.1994 &#8211; 12.1996, 1351 ccm, 90 CV<br \/>\n1.6 i.e. (930.B2), A\u00f1o 12.1994 &#8211; 12.1996, 1596 ccm, 103 CV<br \/>\nALFA ROMEO 33 Hatchback (905)<br \/>\n1.7 i.e., A\u00f1o 09.1988 &#8211; 12.1989, 1712 ccm, 105 CV<br \/>\n1.8 TD, A\u00f1o 01.1986 &#8211; 06.1990, 1779 ccm, 73 CV<br \/>\nALFA ROMEO 33 Sportwagon (905A)<br \/>\n1.4, A\u00f1o 01.1984 &#8211; 12.1988, 1351 ccm, 90 CV<br \/>\n1.7 i.e., A\u00f1o 09.1988 &#8211; 12.1989, 1712 ccm, 105 CV<br \/>\nALFA ROMEO Alfasud Hatchback (901)<br \/>\n1.5 ti, A\u00f1o 03.1980 &#8211; 12.1984, 1490 ccm, 95 CV<br \/>\n1.5 ti, A\u00f1o 01.1979 &#8211; 09.1984, 1490 ccm, 83 CV<br \/>\n1.5 ti Sprint, A\u00f1o 01.1983 &#8211; 12.1984, 1490 ccm, 105 CV<br \/>\nALFA ROMEO Sprint \/ Alfasud Sprint (902A)<br \/>\n1.5, A\u00f1o 01.1980 &#8211; 12.1989, 1490 ccm, 102 CV<br \/>\n1.5, A\u00f1o 05.1978 &#8211; 12.1981, 1490 ccm, 83 CV<br \/>\n1.5, A\u00f1o 07.1979 &#8211; 01.1987, 1490 ccm, 95 CV<br \/>\n1.5 (902C), A\u00f1o 03.1982 &#8211; 12.1988, 1490 ccm, 105 CV<br \/>\n1.7, A\u00f1o 03.1987 &#8211; 12.1989, 1712 ccm, 118 CV<br \/>\n1.7 i.e., A\u00f1o 10.1987 &#8211; 12.1989, 1712 ccm, 105 CV<\/p>\n<p>LA PIEZA ES NUEVA CLEAN<\/p>\n","protected":false},"excerpt":{"rendered":"<p>Filtro del aire Clean MA 434 de: LANCIA Delta I (831) 1.1, A\u00f1o 01.1986 &#8211; 12.1990, 1116 ccm, 64 CV 1.3, A\u00f1o 09.1983 &#8211; 08.1992, 1301 ccm, 79 CV 1.6 GT, A\u00f1o 11.1982 &#8211; 04.1986, 1585 ccm, 105 CV 1.6 GT i.e., A\u00f1o 05.1987 &#8211; 08.1992, 1585 ccm, 90 CV 1.6 GT i.e., A\u00f1o 08.1986 [&hellip;]<\/p>\n","protected":false},"featured_media":27864,"template":"","meta":{"_seopress_robots_primary_cat":"","_seopress_titles_title":"","_seopress_titles_desc":"","_seopress_robots_index":""},"product_cat":[45,46,43,16,218,118,21,123,219],"product_tag":[],"class_list":{"0":"post-27863","1":"product","2":"type-product","3":"status-publish","4":"has-post-thumbnail","6":"product_cat-recambios-alfa-romeo-145","7":"product_cat-recambios-alfa-romeo-146","8":"product_cat-recambios-alfa-romeo-33","9":"product_cat-recambios-alfa-romeo","10":"product_cat-recambios-alfa-romeo-alfasud","11":"product_cat-recambios-lancia-delta","12":"product_cat-recambios-lancia","13":"product_cat-recambios-lancia-prisma","14":"product_cat-recambios-alfa-romeo-sprint","16":"first","17":"instock","18":"taxable","19":"shipping-taxable","20":"purchasable","21":"product-type-simple"},"_links":{"self":[{"href":"https:\/\/galicianparts.com\/shop\/wp-json\/wp\/v2\/product\/27863"}],"collection":[{"href":"https:\/\/galicianparts.com\/shop\/wp-json\/wp\/v2\/product"}],"about":[{"href":"https:\/\/galicianparts.com\/shop\/wp-json\/wp\/v2\/types\/product"}],"wp:featuredmedia":[{"embeddable":true,"href":"https:\/\/galicianparts.com\/shop\/wp-json\/wp\/v2\/media\/27864"}],"wp:attachment":[{"href":"https:\/\/galicianparts.com\/shop\/wp-json\/wp\/v2\/media?parent=27863"}],"wp:term":[{"taxonomy":"product_cat","embeddable":true,"href":"https:\/\/galicianparts.com\/shop\/wp-json\/wp\/v2\/product_cat?post=27863"},{"taxonomy":"product_tag","embeddable":true,"href":"https:\/\/galicianparts.com\/shop\/wp-json\/wp\/v2\/product_tag?post=27863"}],"curies":[{"name":"wp","href":"https:\/\/api.w.org\/{rel}","templated":true}]}}