{"id":28067,"date":"2021-07-07T12:07:10","date_gmt":"2021-07-07T10:07:10","guid":{"rendered":"https:\/\/galicianparts.com\/shop\/producto\/46308006-capuchon-palier-fiat-500-panda-nuevo-original\/"},"modified":"2021-11-09T11:52:54","modified_gmt":"2021-11-09T09:52:54","slug":"46308006-capuchon-palier-fiat-500-panda-nuevo-original","status":"publish","type":"product","link":"https:\/\/galicianparts.com\/shop\/producto\/46308006-capuchon-palier-fiat-500-panda-nuevo-original\/","title":{"rendered":"46308006 Capuch\u00f3n palier Fiat 500 \/ Panda NUEVO ORIGINAL"},"content":{"rendered":"<p>Capuch\u00f3n del semieje de:<br \/>\nDi\u00e1metro barra: 16mm<br \/>\nDi\u00e1metro: 59mm<br \/>\nAltura: 100mm<br \/>\nFIAT &#8211; 83 500 MY2012 (2012-&#8230;.)<br \/>\nFIAT &#8211; 3P NUOVA 500 (2007-2012)<br \/>\nFIAT &#8211; 2Q NUOVA PANDA (2003-2009)<br \/>\nFIAT &#8211; 71 PANDA CLASSIC (2012-2012)<br \/>\nFIAT &#8211; 3U PANDA MY 2009 (2009-2010)<br \/>\nFIAT &#8211; 0X PANDA MY 2011 (2010-2011)<\/p>\n<p>LA PIEZA ES NUEVA Y ORIGINAL.<\/p>\n","protected":false},"excerpt":{"rendered":"<p>Capuch\u00f3n del semieje de: Di\u00e1metro barra: 16mm Di\u00e1metro: 59mm Altura: 100mm FIAT &#8211; 83 500 MY2012 (2012-&#8230;.) FIAT &#8211; 3P NUOVA 500 (2007-2012) FIAT &#8211; 2Q NUOVA PANDA (2003-2009) FIAT &#8211; 71 PANDA CLASSIC (2012-2012) FIAT &#8211; 3U PANDA MY 2009 (2009-2010) FIAT &#8211; 0X PANDA MY 2011 (2010-2011) LA PIEZA ES NUEVA Y ORIGINAL.<\/p>\n","protected":false},"featured_media":28068,"template":"","meta":{"_seopress_robots_primary_cat":"","_seopress_titles_title":"","_seopress_titles_desc":"","_seopress_robots_index":""},"product_cat":[74,20,99],"product_tag":[],"class_list":{"0":"post-28067","1":"product","2":"type-product","3":"status-publish","4":"has-post-thumbnail","6":"product_cat-recambios-fiat-500","7":"product_cat-recambios-fiat","8":"product_cat-recambios-fiat-panda","10":"first","11":"instock","12":"taxable","13":"shipping-taxable","14":"purchasable","15":"product-type-simple"},"_links":{"self":[{"href":"https:\/\/galicianparts.com\/shop\/wp-json\/wp\/v2\/product\/28067"}],"collection":[{"href":"https:\/\/galicianparts.com\/shop\/wp-json\/wp\/v2\/product"}],"about":[{"href":"https:\/\/galicianparts.com\/shop\/wp-json\/wp\/v2\/types\/product"}],"wp:featuredmedia":[{"embeddable":true,"href":"https:\/\/galicianparts.com\/shop\/wp-json\/wp\/v2\/media\/28068"}],"wp:attachment":[{"href":"https:\/\/galicianparts.com\/shop\/wp-json\/wp\/v2\/media?parent=28067"}],"wp:term":[{"taxonomy":"product_cat","embeddable":true,"href":"https:\/\/galicianparts.com\/shop\/wp-json\/wp\/v2\/product_cat?post=28067"},{"taxonomy":"product_tag","embeddable":true,"href":"https:\/\/galicianparts.com\/shop\/wp-json\/wp\/v2\/product_tag?post=28067"}],"curies":[{"name":"wp","href":"https:\/\/api.w.org\/{rel}","templated":true}]}}