{"id":28084,"date":"2021-07-07T13:04:55","date_gmt":"2021-07-07T11:04:55","guid":{"rendered":"https:\/\/galicianparts.com\/shop\/producto\/9649829580-pack-4-jutas-toricas-colector-admision-fiat-scudo-citroen-peugeot-nuevo-original\/"},"modified":"2021-07-07T13:09:13","modified_gmt":"2021-07-07T11:09:13","slug":"9649829580-pack-4-jutas-toricas-colector-admision-fiat-scudo-citroen-peugeot-nuevo-original","status":"publish","type":"product","link":"https:\/\/galicianparts.com\/shop\/producto\/9649829580-pack-4-jutas-toricas-colector-admision-fiat-scudo-citroen-peugeot-nuevo-original\/","title":{"rendered":"9649829580 Pack 4 jutas t\u00f3ricas colector admisi\u00f3n Fiat Scudo \/ Citroen \/ Peugeot NUEVO ORIGINAL"},"content":{"rendered":"<p>Set, juego de cuatro juntas t\u00f3ricas del colector de admisi\u00f3n de 6mm de espesor por 35mm de di\u00e1metro interior de los motores 1600CC JTD de:<br \/>\nFIAT PROFESSIONAL &#8211; 3H NUOVO SCUDO (2007-&#8230;.)<br \/>\nCITROEN &#8211; JUMPY<br \/>\nPEUGEOT &#8211; EXPERT<\/p>\n<p>LA PIEZA ES NUEVA Y ORIGINAL.<\/p>\n","protected":false},"excerpt":{"rendered":"<p>Set, juego de cuatro juntas t\u00f3ricas del colector de admisi\u00f3n de 6mm de espesor por 35mm de di\u00e1metro interior de los motores 1600CC JTD de: FIAT PROFESSIONAL &#8211; 3H NUOVO SCUDO (2007-&#8230;.) CITROEN &#8211; JUMPY PEUGEOT &#8211; EXPERT LA PIEZA ES NUEVA Y ORIGINAL.<\/p>\n","protected":false},"featured_media":28085,"template":"","meta":{"_seopress_robots_primary_cat":"","_seopress_titles_title":"","_seopress_titles_desc":"","_seopress_robots_index":""},"product_cat":[23,156,20,138,24,104],"product_tag":[],"class_list":{"0":"post-28084","1":"product","2":"type-product","3":"status-publish","4":"has-post-thumbnail","6":"product_cat-recambios-citroen","7":"product_cat-recambios-peugeot-expert","8":"product_cat-recambios-fiat","9":"product_cat-recambios-citroen-jumpy","10":"product_cat-recambios-peugeot","11":"product_cat-recambios-fiat-scudo","13":"first","14":"instock","15":"taxable","16":"shipping-taxable","17":"purchasable","18":"product-type-simple"},"_links":{"self":[{"href":"https:\/\/galicianparts.com\/shop\/wp-json\/wp\/v2\/product\/28084"}],"collection":[{"href":"https:\/\/galicianparts.com\/shop\/wp-json\/wp\/v2\/product"}],"about":[{"href":"https:\/\/galicianparts.com\/shop\/wp-json\/wp\/v2\/types\/product"}],"wp:featuredmedia":[{"embeddable":true,"href":"https:\/\/galicianparts.com\/shop\/wp-json\/wp\/v2\/media\/28085"}],"wp:attachment":[{"href":"https:\/\/galicianparts.com\/shop\/wp-json\/wp\/v2\/media?parent=28084"}],"wp:term":[{"taxonomy":"product_cat","embeddable":true,"href":"https:\/\/galicianparts.com\/shop\/wp-json\/wp\/v2\/product_cat?post=28084"},{"taxonomy":"product_tag","embeddable":true,"href":"https:\/\/galicianparts.com\/shop\/wp-json\/wp\/v2\/product_tag?post=28084"}],"curies":[{"name":"wp","href":"https:\/\/api.w.org\/{rel}","templated":true}]}}