{"id":28198,"date":"2021-07-12T10:05:41","date_gmt":"2021-07-12T08:05:41","guid":{"rendered":"https:\/\/galicianparts.com\/shop\/producto\/7661617-tapa-inferior-distribucion-m1-7-d-fiat-uno-fiorino-elba-duna-nuevo-original\/"},"modified":"2021-07-29T14:30:27","modified_gmt":"2021-07-29T12:30:27","slug":"7661617-tapa-inferior-distribucion-m1-7-d-fiat-uno-fiorino-elba-duna-nuevo-original","status":"publish","type":"product","link":"https:\/\/galicianparts.com\/shop\/producto\/7661617-tapa-inferior-distribucion-m1-7-d-fiat-uno-fiorino-elba-duna-nuevo-original\/","title":{"rendered":"7661617 Tapa inferior distribuci\u00f3n M1.7 D Fiat Uno \/ Fiorino \/ Elba \/ Duna NUEVO ORIGINAL"},"content":{"rendered":"<p>Tapa met\u00e1lica, protector inferior de la distribuci\u00f3n de los modelos 1700CC Di\u00e9sel de:<br \/>\nFIAT &#8211; 2B DUNA BENZINA\/DIESEL (1986-1990)<br \/>\nFIAT &#8211; XP ELBA CSL (1991-1996)<br \/>\nFIAT &#8211; XR MILLE (1994-1995)<br \/>\nFIAT &#8211; XS MILLE CLIP (1995-1997)<br \/>\nFIAT &#8211; ML UNO CS (1988-1990)<br \/>\nFIAT &#8211; MU UNO DIESEL R\/89 (1989-1995)<br \/>\nFIAT &#8211; 1D UNO MONDO (1995-2010)<br \/>\nFIAT PROFESSIONAL &#8211; 2M FIORINO (1991-1993)<br \/>\nFIAT PROFESSIONAL &#8211; 3A FIORINO EXPORT (2004-2008)<br \/>\nFIAT PROFESSIONAL &#8211; 2N FIORINO RL (1993-2000)<\/p>\n<p>LA PIEZA ES NUEVA Y ORIGINAL.<\/p>\n","protected":false},"excerpt":{"rendered":"<p>Tapa met\u00e1lica, protector inferior de la distribuci\u00f3n de los modelos 1700CC Di\u00e9sel de: FIAT &#8211; 2B DUNA BENZINA\/DIESEL (1986-1990) FIAT &#8211; XP ELBA CSL (1991-1996) FIAT &#8211; XR MILLE (1994-1995) FIAT &#8211; XS MILLE CLIP (1995-1997) FIAT &#8211; ML UNO CS (1988-1990) FIAT &#8211; MU UNO DIESEL R\/89 (1989-1995) FIAT &#8211; 1D UNO MONDO (1995-2010) [&hellip;]<\/p>\n","protected":false},"featured_media":28199,"template":"","meta":{"_seopress_robots_primary_cat":"","_seopress_titles_title":"","_seopress_titles_desc":"","_seopress_robots_index":""},"product_cat":[89,90,20,91,114],"product_tag":[],"class_list":{"0":"post-28198","1":"product","2":"type-product","3":"status-publish","4":"has-post-thumbnail","6":"product_cat-recambios-fiat-duna","7":"product_cat-recambios-fiat-elba","8":"product_cat-recambios-fiat","9":"product_cat-recambios-fiat-fiorino","10":"product_cat-recambios-fiat-uno","12":"first","13":"instock","14":"taxable","15":"shipping-taxable","16":"purchasable","17":"product-type-simple"},"_links":{"self":[{"href":"https:\/\/galicianparts.com\/shop\/wp-json\/wp\/v2\/product\/28198"}],"collection":[{"href":"https:\/\/galicianparts.com\/shop\/wp-json\/wp\/v2\/product"}],"about":[{"href":"https:\/\/galicianparts.com\/shop\/wp-json\/wp\/v2\/types\/product"}],"wp:featuredmedia":[{"embeddable":true,"href":"https:\/\/galicianparts.com\/shop\/wp-json\/wp\/v2\/media\/28199"}],"wp:attachment":[{"href":"https:\/\/galicianparts.com\/shop\/wp-json\/wp\/v2\/media?parent=28198"}],"wp:term":[{"taxonomy":"product_cat","embeddable":true,"href":"https:\/\/galicianparts.com\/shop\/wp-json\/wp\/v2\/product_cat?post=28198"},{"taxonomy":"product_tag","embeddable":true,"href":"https:\/\/galicianparts.com\/shop\/wp-json\/wp\/v2\/product_tag?post=28198"}],"curies":[{"name":"wp","href":"https:\/\/api.w.org\/{rel}","templated":true}]}}