{"id":28251,"date":"2021-07-12T12:17:14","date_gmt":"2021-07-12T10:17:14","guid":{"rendered":"https:\/\/galicianparts.com\/shop\/producto\/98468338-valvula-admision-m2-5-2-8-d-fiat-ducato-citroen-jumper-peugeot-boxer-nuevo-original\/"},"modified":"2025-03-20T13:34:39","modified_gmt":"2025-03-20T11:34:39","slug":"98468338-valvula-admision-m2-5-2-8-d-fiat-ducato-citroen-jumper-peugeot-boxer-nuevo-original","status":"publish","type":"product","link":"https:\/\/galicianparts.com\/shop\/producto\/98468338-valvula-admision-m2-5-2-8-d-fiat-ducato-citroen-jumper-peugeot-boxer-nuevo-original\/","title":{"rendered":"98468338 V\u00e1lvula admisi\u00f3n M 2.5-2.8D Fiat Ducato \/Citroen \/Peugeot NUEVA ORIGINAL"},"content":{"rendered":"<p>V\u00e1lvula de admisi\u00f3n del motor de:<br \/>\nLargo: 122 mm<br \/>\nDi\u00e1metro v\u00e1stago: 8 mm<br \/>\nDi\u00e1metro plato: 43,5 mm<\/p>\n<p>FIAT PROFESSIONAL &#8211; PE DUCATO&#8217;94 DIESEL (1994-2002) 2500 DS \/ 2800 ASP.<br \/>\nCITROEN &#8211; JUMPER (1994-2002) 2500 DS \/ 2800 ASP.<br \/>\nPEUGEOT &#8211; BOXER (1994-2002) 2500 DS \/ 2800 ASP.<\/p>\n<p>LA PIEZA ES NUEVA Y ORIGINAL.<\/p>\n","protected":false},"excerpt":{"rendered":"<p>V\u00e1lvula de admisi\u00f3n del motor de: Largo: 122 mm Di\u00e1metro v\u00e1stago: 8 mm Di\u00e1metro plato: 43,5 mm FIAT PROFESSIONAL &#8211; PE DUCATO&#8217;94 DIESEL (1994-2002) 2500 DS \/ 2800 ASP. CITROEN &#8211; JUMPER (1994-2002) 2500 DS \/ 2800 ASP. PEUGEOT &#8211; BOXER (1994-2002) 2500 DS \/ 2800 ASP. LA PIEZA ES NUEVA Y ORIGINAL.<\/p>\n","protected":false},"featured_media":93420,"template":"","meta":{"_seopress_robots_primary_cat":"","_seopress_titles_title":"","_seopress_titles_desc":"","_seopress_robots_index":""},"product_cat":[88,20],"product_tag":[],"class_list":{"0":"post-28251","1":"product","2":"type-product","3":"status-publish","4":"has-post-thumbnail","6":"product_cat-recambios-fiat-ducato","7":"product_cat-recambios-fiat","9":"first","10":"instock","11":"taxable","12":"shipping-taxable","13":"purchasable","14":"product-type-simple"},"_links":{"self":[{"href":"https:\/\/galicianparts.com\/shop\/wp-json\/wp\/v2\/product\/28251"}],"collection":[{"href":"https:\/\/galicianparts.com\/shop\/wp-json\/wp\/v2\/product"}],"about":[{"href":"https:\/\/galicianparts.com\/shop\/wp-json\/wp\/v2\/types\/product"}],"wp:featuredmedia":[{"embeddable":true,"href":"https:\/\/galicianparts.com\/shop\/wp-json\/wp\/v2\/media\/93420"}],"wp:attachment":[{"href":"https:\/\/galicianparts.com\/shop\/wp-json\/wp\/v2\/media?parent=28251"}],"wp:term":[{"taxonomy":"product_cat","embeddable":true,"href":"https:\/\/galicianparts.com\/shop\/wp-json\/wp\/v2\/product_cat?post=28251"},{"taxonomy":"product_tag","embeddable":true,"href":"https:\/\/galicianparts.com\/shop\/wp-json\/wp\/v2\/product_tag?post=28251"}],"curies":[{"name":"wp","href":"https:\/\/api.w.org\/{rel}","templated":true}]}}