{"id":28312,"date":"2021-07-12T19:40:27","date_gmt":"2021-07-12T17:40:27","guid":{"rendered":"https:\/\/galicianparts.com\/shop\/producto\/40004350-reten-ciguenal-64x80x8-fiat-uno-turbo-punto-gt-lancia-seat-autobianchi-original\/"},"modified":"2023-09-28T12:59:50","modified_gmt":"2023-09-28T10:59:50","slug":"40004350-reten-ciguenal-64x80x8-fiat-uno-turbo-punto-gt-lancia-seat-autobianchi-original","status":"publish","type":"product","link":"https:\/\/galicianparts.com\/shop\/producto\/40004350-reten-ciguenal-64x80x8-fiat-uno-turbo-punto-gt-lancia-seat-autobianchi-original\/","title":{"rendered":"40004350 Ret\u00e9n cig\u00fce\u00f1al 64x80x8 Fiat Uno Turbo \/ Punto GT \/ Lancia \/ Seat \/ Autobianchi ORIGINAL"},"content":{"rendered":"<p>Ret\u00e9n del cig\u00fce\u00f1al 64x80x8 de la tapa soporte del cig\u00fce\u00f1al de:<br \/>\nFIAT 127 Hatchback (127) (A\u00f1o 06.1971 &#8211; 12.1986, 40 &#8211; 70 , Gasolina)<br \/>\nFIAT 127 Panorama (127) (A\u00f1o 01.1977 &#8211; 12.1986, 50 , Gasolina)<br \/>\nFIAT 128 Berlina (128) (A\u00f1o 03.1969 &#8211; 12.1984, 45 &#8211; 73 , Gasolina)<br \/>\nFIAT 128 Coup\u00e9 (128) (A\u00f1o 03.1972 &#8211; 02.1981, 64 &#8211; 75 , Gasolina)<br \/>\nFIAT 128 Familiare (128) (A\u00f1o 10.1969 &#8211; 10.1982, 45 &#8211; 68 , Gasolina)<br \/>\nFIAT 147 Hatchback (A\u00f1o 10.1976 &#8211; 12.1995, 50 , Gasolina)<br \/>\nFIAT 600 Berlina (A\u00f1o 10.1960 &#8211; 02.1971, 23 &#8211; 32 , Gasolina)<br \/>\nFIAT 850 Berlina (A\u00f1o 07.1964 &#8211; 10.1972, 34 &#8211; 52 , Gasolina)<br \/>\nFIAT 850 Coup\u00e9 (100) (A\u00f1o 02.1968 &#8211; 10.1972, 52 , Gasolina)<br \/>\nFIAT 850 Spider (A\u00f1o 10.1965 &#8211; 12.1973, 48 &#8211; 58 , Gasolina)<br \/>\nFIAT 900 T\/E Panorama (200_) (A\u00f1o 01.1978 &#8211; 01.1986, 35 , Gasolina)<br \/>\nFIAT 900 T\/E Pulmino (200_) (A\u00f1o 01.1978 &#8211; 01.1986, 35 , Gasolina)<br \/>\nFIAT Brava Hatchback (182) (A\u00f1o 10.1995 &#8211; 10.2001, 90 &#8211; 103 , Gasolina)<br \/>\nFIAT Bravo I Hatchback (182) (A\u00f1o 10.1995 &#8211; 10.2001, 90 &#8211; 103 , Gasolina)<br \/>\nFIAT Cinquecento (170) (A\u00f1o 07.1991 &#8211; 07.1999, 40 &#8211; 41 , Gasolina)<br \/>\nFIAT Cinquecento Furg\u00f3n \/ Hatchback (170) (A\u00f1o 07.1991 &#8211; 02.1998, 39 , Gasolina)<br \/>\nFIAT Duna Berlina (A\u00f1o 02.1996 &#8211; 09.2000, 86 , Gasolina)<br \/>\nFIAT Elba (A\u00f1o 01.1992 &#8211; 12.1996, 75 , Gasolina)<br \/>\nFIAT Fiorino Furg\u00f3n (127) (A\u00f1o 10.1977 &#8211; 10.1986, 45 , Gasolina)<br \/>\nFIAT Fiorino II Furg\u00f3n (146) (A\u00f1o 05.1988 &#8211; 05.2001, 67 &#8211; 75 , Gasolina)<br \/>\nFIAT Fiorino II Pick-up (146) (A\u00f1o 01.1988 &#8211; 05.2001, 67 &#8211; 75 , Gasolina)<br \/>\nFIAT Marea Berlina (185) (A\u00f1o 09.1996 &#8211; 05.2002, 103 , Gasolina)<br \/>\nFIAT Marea Weekend (185) (A\u00f1o 09.1996 &#8211; 05.2002, 103 , Gasolina)<br \/>\nFIAT Palio I Hatchback (178) (A\u00f1o 04.1996 &#8211; 10.2002, 69 , Gasolina)<br \/>\nFIAT Palio I Weekend (178) (A\u00f1o 07.1997 &#8211; 10.2003, 69 &#8211; 92 , Gasolina)<br \/>\nFIAT Panda I Hatchback (141) (A\u00f1o 10.1980 &#8211; 10.2003, 34 &#8211; 45 , Gasolina)<br \/>\nFIAT Panda Van (141) (A\u00f1o 01.1986 &#8211; 07.1992, 34 , Gasolina)<br \/>\nFIAT Punto GT (1993-1997)<br \/>\nFIAT Punto I Hatchback (176) (A\u00f1o 01.1994 &#8211; 09.1999, 131 &#8211; 133 , Gasolina)<br \/>\nFIAT Regata Berlina (138) (A\u00f1o 09.1983 &#8211; 07.1989, 58 &#8211; 82 , Gas\u00f3leo,Gasolina)<br \/>\nFIAT Regata Weekend (A\u00f1o 01.1984 &#8211; 07.1989, 68 &#8211; 82 , Gasolina)<br \/>\nFIAT Ritmo I Cabrio (A\u00f1o 01.1980 &#8211; 07.1989, 68 &#8211; 86 , Gasolina)<br \/>\nFIAT Ritmo I Hatchback (138) (A\u00f1o 01.1978 &#8211; 12.1988, 55 &#8211; 85 , Gas\u00f3leo,Gasolina)<br \/>\nFIAT Scudo I Cami\u00f3n de plataforma\/Chasis (220) (A\u00f1o 09.1996 &#8211; 12.2006, 79 , Gasolina)<br \/>\nFIAT Scudo I Familiar (220) (A\u00f1o 02.1996 &#8211; 12.2006, 79 , Gasolina)<br \/>\nFIAT Scudo I Furg\u00f3n (220) (A\u00f1o 02.1996 &#8211; 12.2006, 79 , Gasolina)<br \/>\nFIAT Seicento \/ 600 Hatchback (187) (A\u00f1o 01.1998 &#8211; 01.2010, 39 , Gasolina)<br \/>\nFIAT Seicento \/ 600 Van (287) (A\u00f1o 01.1998 &#8211; 01.2010, 39 , Gasolina)<br \/>\nFIAT Siena (178, 172) (A\u00f1o 04.1996 &#8211; 12.2009, 69 , Gasolina)<br \/>\nFIAT Tempra Berlina (159) (A\u00f1o 03.1990 &#8211; 08.1996, 69 &#8211; 90 , Gasolina)<br \/>\nFIAT Tempra S.W. (159) (A\u00f1o 10.1990 &#8211; 08.1996, 69 &#8211; 90 , Gasolina)<br \/>\nFIAT Tipo Hatchback (160) (A\u00f1o 07.1987 &#8211; 05.1997, 70 &#8211; 92 , Gasolina)<br \/>\nFIAT Uno Turbo 1370cc (1989-1993)<br \/>\nFIAT Uno Furg\u00f3n (146) (A\u00f1o 02.1988 &#8211; 07.1996, 45 , Gasolina)<br \/>\nFIAT Uno Hatchback (146) (A\u00f1o 01.1983 &#8211; 06.2006, 41 &#8211; 118 , Gasolina)<br \/>\nFIAT X 1\/9 (128) (A\u00f1o 05.1973 &#8211; 12.1989, 68 &#8211; 85 , Gasolina)<br \/>\nCITRO\u00cbN Jumpy I MPV (A\u00f1o 10.1995 &#8211; 08.2000, 79 , Gasolina)<br \/>\nLANCIA A 112 Hatchback (A\u00f1o 03.1981 &#8211; 06.1986, 40 , Gasolina)<br \/>\nLANCIA Dedra Berlina (835) (A\u00f1o 08.1989 &#8211; 07.1999, 75 &#8211; 103 , Gasolina)<br \/>\nLANCIA Dedra Familiar (835) (A\u00f1o 10.1994 &#8211; 07.1999, 90 &#8211; 103 , Gasolina)<br \/>\nLANCIA Delta I (831) (A\u00f1o 09.1979 &#8211; 12.1992, 64 &#8211; 86 , Gasolina)<br \/>\nLANCIA Delta II (836) (A\u00f1o 06.1993 &#8211; 08.1999, 69 &#8211; 103 , Gasolina)<br \/>\nLANCIA Prisma (831) (A\u00f1o 01.1983 &#8211; 02.1992, 75 &#8211; 86 , Gasolina)<br \/>\nPEUGEOT Expert I (224) (A\u00f1o 02.1996 &#8211; 09.2000, 79 , Gasolina)<br \/>\nSEAT 127 (A\u00f1o 04.1972 &#8211; 12.1982, 45 , Gasolina)<br \/>\nSEAT 600 D Berlina (A\u00f1o 09.1963 &#8211; 04.1970, 23 , Gasolina)<br \/>\nSEAT Fura (025A) (A\u00f1o 01.1982 &#8211; 12.1986, 40 &#8211; 45 , Gasolina)<br \/>\nSEAT Ibiza I Hatchback (021A) (A\u00f1o 06.1984 &#8211; 05.1993, 40 &#8211; 57 , Gas\u00f3leo,Gasolina)<br \/>\nSEAT Malaga (023A) (A\u00f1o 05.1985 &#8211; 12.1993, 54 &#8211; 57 , Gas\u00f3leo)<br \/>\nSEAT Marbella Hatchback (28) (A\u00f1o 08.1986 &#8211; 10.1998, 34 &#8211; 44 , Gasolina)<br \/>\nSEAT Marbella Furg\u00f3n (028A) (A\u00f1o 01.1987 &#8211; 12.1993, 34 &#8211; 40 , Gasolina)<br \/>\nSEAT Panda (141A) (A\u00f1o 10.1980 &#8211; 12.1986, 42 , Gasolina)<br \/>\nSEAT Ritmo (138) (A\u00f1o 10.1979 &#8211; 09.1983, 56 , Gas\u00f3leo)<br \/>\nSEAT Ronda (022A) (A\u00f1o 06.1982 &#8211; 12.1986, 54 &#8211; 56 , Gas\u00f3leo)<br \/>\nSEAT Terra Familiar (24) (A\u00f1o 02.1987 &#8211; 12.1996, 40 , Gasolina)<br \/>\nSEAT Terra Furg\u00f3n (024A) (A\u00f1o 01.1987 &#8211; 12.1995, 40 , Gasolina)<\/p>\n<p>LA PIEZA ES NUEVA Y ORIGINAL.<\/p>\n","protected":false},"excerpt":{"rendered":"<p>Ret\u00e9n del cig\u00fce\u00f1al 64x80x8 de la tapa soporte del cig\u00fce\u00f1al de: FIAT 127 Hatchback (127) (A\u00f1o 06.1971 &#8211; 12.1986, 40 &#8211; 70 , Gasolina) FIAT 127 Panorama (127) (A\u00f1o 01.1977 &#8211; 12.1986, 50 , Gasolina) FIAT 128 Berlina (128) (A\u00f1o 03.1969 &#8211; 12.1984, 45 &#8211; 73 , Gasolina) FIAT 128 Coup\u00e9 (128) (A\u00f1o 03.1972 &#8211; [&hellip;]<\/p>\n","protected":false},"featured_media":67924,"template":"","meta":{"_seopress_robots_primary_cat":"","_seopress_titles_title":"","_seopress_titles_desc":"","_seopress_robots_index":""},"product_cat":[179,68,69,222,75,168,76,186,63,25,81,82,84,23,117,118,89,90,156,20,91,208,162,138,21,164,207,95,98,237,99,24,123,101,102,198,103,165,104,26,106,107,111,233,112,114,206],"product_tag":[],"class_list":{"0":"post-28312","1":"product","2":"type-product","3":"status-publish","4":"has-post-thumbnail","6":"product_cat-recambios-seat-127","7":"product_cat-recambios-fiat-127","8":"product_cat-recambios-fiat-128","9":"product_cat-recambios-fiat-147","10":"product_cat-recambios-fiat-600","11":"product_cat-recambios-seat-600","12":"product_cat-recambios-fiat-850","13":"product_cat-recambios-fiat-900","14":"product_cat-recambios-autobianchi-a112","15":"product_cat-recambios-autobianchi","16":"product_cat-recambios-fiat-brava","17":"product_cat-recambios-fiat-bravo","18":"product_cat-recambios-fiat-cinquecento","19":"product_cat-recambios-citroen","20":"product_cat-recambios-lancia-dedra","21":"product_cat-recambios-lancia-delta","22":"product_cat-recambios-fiat-duna","23":"product_cat-recambios-fiat-elba","24":"product_cat-recambios-peugeot-expert","25":"product_cat-recambios-fiat","26":"product_cat-recambios-fiat-fiorino","27":"product_cat-recambios-seat-fura","28":"product_cat-recambios-seat-ibiza","29":"product_cat-recambios-citroen-jumpy","30":"product_cat-recambios-lancia","31":"product_cat-recambios-seat-malaga","32":"product_cat-recambios-seat-marbella","33":"product_cat-recambios-fiat-marea","34":"product_cat-recambios-fiat-palio","35":"product_cat-recambios-seat-panda","36":"product_cat-recambios-fiat-panda","37":"product_cat-recambios-peugeot","38":"product_cat-recambios-lancia-prisma","39":"product_cat-recambios-fiat-punto","40":"product_cat-recambios-fiat-regata","41":"product_cat-recambios-seat-ritmo","42":"product_cat-recambios-fiat-ritmo","43":"product_cat-recambios-seat-ronda","44":"product_cat-recambios-fiat-scudo","45":"product_cat-recambios-seat","46":"product_cat-recambios-fiat-seicento","47":"product_cat-recambios-fiat-siena","48":"product_cat-recambios-fiat-tempra","49":"product_cat-recambios-seat-terra","50":"product_cat-recambios-fiat-tipo","51":"product_cat-recambios-fiat-uno","52":"product_cat-recambios-fiat-x1-9","54":"first","55":"outofstock","56":"taxable","57":"shipping-taxable","58":"purchasable","59":"product-type-simple"},"_links":{"self":[{"href":"https:\/\/galicianparts.com\/shop\/wp-json\/wp\/v2\/product\/28312"}],"collection":[{"href":"https:\/\/galicianparts.com\/shop\/wp-json\/wp\/v2\/product"}],"about":[{"href":"https:\/\/galicianparts.com\/shop\/wp-json\/wp\/v2\/types\/product"}],"wp:featuredmedia":[{"embeddable":true,"href":"https:\/\/galicianparts.com\/shop\/wp-json\/wp\/v2\/media\/67924"}],"wp:attachment":[{"href":"https:\/\/galicianparts.com\/shop\/wp-json\/wp\/v2\/media?parent=28312"}],"wp:term":[{"taxonomy":"product_cat","embeddable":true,"href":"https:\/\/galicianparts.com\/shop\/wp-json\/wp\/v2\/product_cat?post=28312"},{"taxonomy":"product_tag","embeddable":true,"href":"https:\/\/galicianparts.com\/shop\/wp-json\/wp\/v2\/product_tag?post=28312"}],"curies":[{"name":"wp","href":"https:\/\/api.w.org\/{rel}","templated":true}]}}