{"id":28623,"date":"2021-07-14T11:40:58","date_gmt":"2021-07-14T09:40:58","guid":{"rendered":"https:\/\/galicianparts.com\/shop\/producto\/40000070-reten-100x80x10-ciguenal-m-1-6-fiat-124-132-original\/"},"modified":"2024-07-17T18:12:27","modified_gmt":"2024-07-17T16:12:27","slug":"40000070-reten-100x80x10-ciguenal-m-1-6-fiat-124-132-original","status":"publish","type":"product","link":"https:\/\/galicianparts.com\/shop\/producto\/40000070-reten-100x80x10-ciguenal-m-1-6-fiat-124-132-original\/","title":{"rendered":"40000070 Ret\u00e9n 100x80x10 cig\u00fce\u00f1al M 1.6 Fiat 124 \/ 132 ORIGINAL"},"content":{"rendered":"<p>Ret\u00e9n 100x80x10 del cig\u00fce\u00f1al de:<br \/>\nFIAT 124 Berlina (124) 1.6 (1973-1975) 1592cc 95cv<br \/>\nFIAT 124 Coup\u00e9 (124) 1.6 Sport (1972-1975) 1592cc 104cv \/ 108cv<br \/>\nFIAT 124 Sport Spider (124) 1.6 (1969-1974) 1592cc 108cv \/ 104cv<br \/>\nFIAT 132 (132_) 1.6 (1972-1976) 1592cc 98cv<\/p>\n<p>LA PIEZA ES NUEVA Y ORIGINAL.<\/p>\n","protected":false},"excerpt":{"rendered":"<p>Ret\u00e9n 100x80x10 del cig\u00fce\u00f1al de: FIAT 124 Berlina (124) 1.6 (1973-1975) 1592cc 95cv FIAT 124 Coup\u00e9 (124) 1.6 Sport (1972-1975) 1592cc 104cv \/ 108cv FIAT 124 Sport Spider (124) 1.6 (1969-1974) 1592cc 108cv \/ 104cv FIAT 132 (132_) 1.6 (1972-1976) 1592cc 98cv LA PIEZA ES NUEVA Y ORIGINAL.<\/p>\n","protected":false},"featured_media":28629,"template":"","meta":{"_seopress_robots_primary_cat":"","_seopress_titles_title":"","_seopress_titles_desc":"","_seopress_robots_index":""},"product_cat":[65,71,20],"product_tag":[],"class_list":{"0":"post-28623","1":"product","2":"type-product","3":"status-publish","4":"has-post-thumbnail","6":"product_cat-recambios-fiat-124","7":"product_cat-recambios-fiat-132","8":"product_cat-recambios-fiat","10":"first","11":"instock","12":"taxable","13":"shipping-taxable","14":"purchasable","15":"product-type-simple"},"_links":{"self":[{"href":"https:\/\/galicianparts.com\/shop\/wp-json\/wp\/v2\/product\/28623"}],"collection":[{"href":"https:\/\/galicianparts.com\/shop\/wp-json\/wp\/v2\/product"}],"about":[{"href":"https:\/\/galicianparts.com\/shop\/wp-json\/wp\/v2\/types\/product"}],"wp:featuredmedia":[{"embeddable":true,"href":"https:\/\/galicianparts.com\/shop\/wp-json\/wp\/v2\/media\/28629"}],"wp:attachment":[{"href":"https:\/\/galicianparts.com\/shop\/wp-json\/wp\/v2\/media?parent=28623"}],"wp:term":[{"taxonomy":"product_cat","embeddable":true,"href":"https:\/\/galicianparts.com\/shop\/wp-json\/wp\/v2\/product_cat?post=28623"},{"taxonomy":"product_tag","embeddable":true,"href":"https:\/\/galicianparts.com\/shop\/wp-json\/wp\/v2\/product_tag?post=28623"}],"curies":[{"name":"wp","href":"https:\/\/api.w.org\/{rel}","templated":true}]}}