{"id":28664,"date":"2021-07-14T13:03:44","date_gmt":"2021-07-14T11:03:44","guid":{"rendered":"https:\/\/galicianparts.com\/shop\/producto\/5926177-polea-ciguenal-fiat-uno-turbo-fiorino-elba-lancia-delta-nuevo-original\/"},"modified":"2023-11-09T12:22:59","modified_gmt":"2023-11-09T10:22:59","slug":"5926177-polea-ciguenal-fiat-uno-turbo-fiorino-elba-lancia-delta-nuevo-original","status":"publish","type":"product","link":"https:\/\/galicianparts.com\/shop\/producto\/5926177-polea-ciguenal-fiat-uno-turbo-fiorino-elba-lancia-delta-nuevo-original\/","title":{"rendered":"5926177 Polea bomba aceite Fiat Uno Turbo \/ Fiorino \/ Elba \/ Lancia Delta NUEVO ORIGINAL"},"content":{"rendered":"<p>Pi\u00f1\u00f3n de 30 dientes, engranaje de la correa de distribuci\u00f3n de:<br \/>\nFIAT &#8211; XP ELBA CSL 1500CC (1991-1996)<br \/>\nFIAT &#8211; MS UNO R\/89 1116CC 1500CC (1989-1995)<br \/>\nFIAT &#8211; MT UNO 1300CC TURBO R\/89 (1989-1993)<br \/>\nLANCIA &#8211; TB DELTA R.86 1100CC 1300CC 1500CC (1986-1992)<br \/>\nFIAT PROFESSIONAL &#8211; 2M FIORINO 1500CCC (1991-1993)<\/p>\n<p>LA PIEZA ES NUEVA Y ORIGINAL.<\/p>\n","protected":false},"excerpt":{"rendered":"<p>Pi\u00f1\u00f3n de 30 dientes, engranaje de la correa de distribuci\u00f3n de: FIAT &#8211; XP ELBA CSL 1500CC (1991-1996) FIAT &#8211; MS UNO R\/89 1116CC 1500CC (1989-1995) FIAT &#8211; MT UNO 1300CC TURBO R\/89 (1989-1993) LANCIA &#8211; TB DELTA R.86 1100CC 1300CC 1500CC (1986-1992) FIAT PROFESSIONAL &#8211; 2M FIORINO 1500CCC (1991-1993) LA PIEZA ES NUEVA Y [&hellip;]<\/p>\n","protected":false},"featured_media":80091,"template":"","meta":{"_seopress_robots_primary_cat":"","_seopress_titles_title":"","_seopress_titles_desc":"","_seopress_robots_index":""},"product_cat":[118,90,20,91,21,114],"product_tag":[],"class_list":{"0":"post-28664","1":"product","2":"type-product","3":"status-publish","4":"has-post-thumbnail","6":"product_cat-recambios-lancia-delta","7":"product_cat-recambios-fiat-elba","8":"product_cat-recambios-fiat","9":"product_cat-recambios-fiat-fiorino","10":"product_cat-recambios-lancia","11":"product_cat-recambios-fiat-uno","13":"first","14":"instock","15":"taxable","16":"shipping-taxable","17":"purchasable","18":"product-type-simple"},"_links":{"self":[{"href":"https:\/\/galicianparts.com\/shop\/wp-json\/wp\/v2\/product\/28664"}],"collection":[{"href":"https:\/\/galicianparts.com\/shop\/wp-json\/wp\/v2\/product"}],"about":[{"href":"https:\/\/galicianparts.com\/shop\/wp-json\/wp\/v2\/types\/product"}],"wp:featuredmedia":[{"embeddable":true,"href":"https:\/\/galicianparts.com\/shop\/wp-json\/wp\/v2\/media\/80091"}],"wp:attachment":[{"href":"https:\/\/galicianparts.com\/shop\/wp-json\/wp\/v2\/media?parent=28664"}],"wp:term":[{"taxonomy":"product_cat","embeddable":true,"href":"https:\/\/galicianparts.com\/shop\/wp-json\/wp\/v2\/product_cat?post=28664"},{"taxonomy":"product_tag","embeddable":true,"href":"https:\/\/galicianparts.com\/shop\/wp-json\/wp\/v2\/product_tag?post=28664"}],"curies":[{"name":"wp","href":"https:\/\/api.w.org\/{rel}","templated":true}]}}