{"id":28869,"date":"2021-07-15T17:51:52","date_gmt":"2021-07-15T15:51:52","guid":{"rendered":"https:\/\/galicianparts.com\/shop\/producto\/55204106-latiguillo-bomba-gasoil-m1-3-jtd-fiat-lancia-peugeot-citroen-nuevo-original\/"},"modified":"2023-11-29T10:32:23","modified_gmt":"2023-11-29T08:32:23","slug":"55204106-latiguillo-bomba-gasoil-m1-3-jtd-fiat-lancia-peugeot-citroen-nuevo-original","status":"publish","type":"product","link":"https:\/\/galicianparts.com\/shop\/producto\/55204106-latiguillo-bomba-gasoil-m1-3-jtd-fiat-lancia-peugeot-citroen-nuevo-original\/","title":{"rendered":"55204106 Latiguillo bomba gasoil M1.3 JTD Fiat \/Lancia \/Peugeot \/Citro\u00ebn NUEVO ORIGINAL"},"content":{"rendered":"<p>Tubo r\u00edgido, manguito de recuperaci\u00f3n de la bomba de combustible de:<br \/>\nFIAT &#8211; 2Y GRANDE PUNTO (2005-2008)<br \/>\nFIAT &#8211; 4C GRANDE PUNTO (2008-2009)<br \/>\nFIAT &#8211; 3P NUOVA 500 (2007-2012)<br \/>\nFIAT &#8211; 2Q NUOVA PANDA (2003-2009)<br \/>\nFIAT &#8211; 3D PALIO 2V REST.2 (2005-2011)<br \/>\nLANCIA &#8211; TE YPSILON (2003-2009)<br \/>\nLANCIA &#8211; TI YPSILON (2009-2011)<br \/>\nFIAT PROFESSIONAL &#8211; 3C DOBLO REST. 2005 (2005-&#8230;.)<br \/>\nFIAT PROFESSIONAL &#8211; 3N NUOVO FIORINO-QUBO (2007-&#8230;.)<br \/>\nCITROEN NEMO<br \/>\nPEUGEOT BIPPER<\/p>\n<p>LA PIEZA ES NUEVA Y ORIGINAL.<\/p>\n","protected":false},"excerpt":{"rendered":"<p>Tubo r\u00edgido, manguito de recuperaci\u00f3n de la bomba de combustible de: FIAT &#8211; 2Y GRANDE PUNTO (2005-2008) FIAT &#8211; 4C GRANDE PUNTO (2008-2009) FIAT &#8211; 3P NUOVA 500 (2007-2012) FIAT &#8211; 2Q NUOVA PANDA (2003-2009) FIAT &#8211; 3D PALIO 2V REST.2 (2005-2011) LANCIA &#8211; TE YPSILON (2003-2009) LANCIA &#8211; TI YPSILON (2009-2011) FIAT PROFESSIONAL &#8211; [&hellip;]<\/p>\n","protected":false},"featured_media":77718,"template":"","meta":{"_seopress_robots_primary_cat":"","_seopress_titles_title":"","_seopress_titles_desc":"","_seopress_robots_index":""},"product_cat":[74,23,87,20,91,92,21,98,99,24,127],"product_tag":[],"class_list":{"0":"post-28869","1":"product","2":"type-product","3":"status-publish","4":"has-post-thumbnail","6":"product_cat-recambios-fiat-500","7":"product_cat-recambios-citroen","8":"product_cat-recambios-fiat-doblo","9":"product_cat-recambios-fiat","10":"product_cat-recambios-fiat-fiorino","11":"product_cat-recambios-fiat-grande-punto","12":"product_cat-recambios-lancia","13":"product_cat-recambios-fiat-palio","14":"product_cat-recambios-fiat-panda","15":"product_cat-recambios-peugeot","16":"product_cat-recambios-lancia-ypsilon","18":"first","19":"outofstock","20":"taxable","21":"shipping-taxable","22":"purchasable","23":"product-type-simple"},"_links":{"self":[{"href":"https:\/\/galicianparts.com\/shop\/wp-json\/wp\/v2\/product\/28869"}],"collection":[{"href":"https:\/\/galicianparts.com\/shop\/wp-json\/wp\/v2\/product"}],"about":[{"href":"https:\/\/galicianparts.com\/shop\/wp-json\/wp\/v2\/types\/product"}],"wp:featuredmedia":[{"embeddable":true,"href":"https:\/\/galicianparts.com\/shop\/wp-json\/wp\/v2\/media\/77718"}],"wp:attachment":[{"href":"https:\/\/galicianparts.com\/shop\/wp-json\/wp\/v2\/media?parent=28869"}],"wp:term":[{"taxonomy":"product_cat","embeddable":true,"href":"https:\/\/galicianparts.com\/shop\/wp-json\/wp\/v2\/product_cat?post=28869"},{"taxonomy":"product_tag","embeddable":true,"href":"https:\/\/galicianparts.com\/shop\/wp-json\/wp\/v2\/product_tag?post=28869"}],"curies":[{"name":"wp","href":"https:\/\/api.w.org\/{rel}","templated":true}]}}