{"id":28970,"date":"2021-07-16T19:01:04","date_gmt":"2021-07-16T17:01:04","guid":{"rendered":"https:\/\/galicianparts.com\/shop\/producto\/5995971-deposito-refrigerante-autobianchi-lancia-y10-turbo-touring-nuevo-original\/"},"modified":"2021-09-09T13:47:44","modified_gmt":"2021-09-09T11:47:44","slug":"5995971-deposito-refrigerante-autobianchi-lancia-y10-turbo-touring-nuevo-original","status":"publish","type":"product","link":"https:\/\/galicianparts.com\/shop\/producto\/5995971-deposito-refrigerante-autobianchi-lancia-y10-turbo-touring-nuevo-original\/","title":{"rendered":"5995971 Dep\u00f3sito refrigerante Autobianchi \/ Lancia Y10 Turbo \/ Touring NUEVO ORIGINAL"},"content":{"rendered":"<p>Vaso de expansi\u00f3n, dep\u00f3sito de recuperaci\u00f3n de refrigerante de:<br \/>\nAUTOBIANCHI Y10 TURBO \/ TOURING<br \/>\nLANCIA Y10 TURBO \/ TOURING<\/p>\n<p>LA PIEZA ES NUEVA Y ORIGINAL.<\/p>\n","protected":false},"excerpt":{"rendered":"<p>Vaso de expansi\u00f3n, dep\u00f3sito de recuperaci\u00f3n de refrigerante de: AUTOBIANCHI Y10 TURBO \/ TOURING LANCIA Y10 TURBO \/ TOURING LA PIEZA ES NUEVA Y ORIGINAL.<\/p>\n","protected":false},"featured_media":28971,"template":"","meta":{"_seopress_robots_primary_cat":"","_seopress_titles_title":"","_seopress_titles_desc":"","_seopress_robots_index":""},"product_cat":[25,21,64,126],"product_tag":[],"class_list":{"0":"post-28970","1":"product","2":"type-product","3":"status-publish","4":"has-post-thumbnail","6":"product_cat-recambios-autobianchi","7":"product_cat-recambios-lancia","8":"product_cat-recambios-autobianchi-y10","9":"product_cat-recambios-lancia-y10","11":"first","12":"outofstock","13":"taxable","14":"shipping-taxable","15":"purchasable","16":"product-type-simple"},"_links":{"self":[{"href":"https:\/\/galicianparts.com\/shop\/wp-json\/wp\/v2\/product\/28970"}],"collection":[{"href":"https:\/\/galicianparts.com\/shop\/wp-json\/wp\/v2\/product"}],"about":[{"href":"https:\/\/galicianparts.com\/shop\/wp-json\/wp\/v2\/types\/product"}],"wp:featuredmedia":[{"embeddable":true,"href":"https:\/\/galicianparts.com\/shop\/wp-json\/wp\/v2\/media\/28971"}],"wp:attachment":[{"href":"https:\/\/galicianparts.com\/shop\/wp-json\/wp\/v2\/media?parent=28970"}],"wp:term":[{"taxonomy":"product_cat","embeddable":true,"href":"https:\/\/galicianparts.com\/shop\/wp-json\/wp\/v2\/product_cat?post=28970"},{"taxonomy":"product_tag","embeddable":true,"href":"https:\/\/galicianparts.com\/shop\/wp-json\/wp\/v2\/product_tag?post=28970"}],"curies":[{"name":"wp","href":"https:\/\/api.w.org\/{rel}","templated":true}]}}