{"id":28989,"date":"2021-07-16T21:03:55","date_gmt":"2021-07-16T19:03:55","guid":{"rendered":"https:\/\/galicianparts.com\/shop\/producto\/9569342587-bomba-aceite-m-2-0-jtd-hdi-fiat-lancia-citroen-peugeot-original\/"},"modified":"2024-11-20T12:40:56","modified_gmt":"2024-11-20T10:40:56","slug":"9569342587-bomba-aceite-m-2-0-jtd-hdi-fiat-lancia-citroen-peugeot-original","status":"publish","type":"product","link":"https:\/\/galicianparts.com\/shop\/producto\/9569342587-bomba-aceite-m-2-0-jtd-hdi-fiat-lancia-citroen-peugeot-original\/","title":{"rendered":"9569342587 Bomba aceite M 2.0 JTD \/ HDI \/ Fiat \/ Lancia \/ Citroen \/ Peugeot ORIGINAL"},"content":{"rendered":"<p>9638783980 Bomba de aceite de los motores 2000 JTD \/ HDI de:<br \/>\nFIAT Scudo I (220) (1999-2006) 94 &#8211; 109 CV, Gas\u00f3leo<br \/>\nFIAT Ulysse II (179) (2002-2006) 107 &#8211; 109 CV, Gas\u00f3leo<br \/>\nFIAT Ulysse I (220) (1999-2002) 109 CV Gas\u00f3leo<br \/>\nCITRO\u00cbN Berlingo \/ Berlingo First I (MF, GJK, GFK) (1999-2005) 90 CV Gas\u00f3leo<br \/>\nCITRO\u00cbN Berlingo \/ Berlingo First I Furg\u00f3n (M) (1999-2011) 90 CV Gas\u00f3leo<br \/>\nCITRO\u00cbN C5 I (2001-2004) 90 &#8211; 109 CV Gas\u00f3leo<br \/>\nCITRO\u00cbN C8 (2002-&#8230;) 109 CV Gas\u00f3leo<br \/>\nCITRO\u00cbN Evasion (22, U6) (1999-2002) 109 CV Gas\u00f3leo<br \/>\nCITRO\u00cbN Jumpy I (1999-2006) 94 &#8211; 109 CV Gas\u00f3leo<br \/>\nCITRO\u00cbN Xsara Hatchback (N1) (2001-2005) 109 CV Gas\u00f3leo<br \/>\nCITRO\u00cbN Xsara Picasso (N68) (1999-2011) 90 CV Gas\u00f3leo<br \/>\nLANCIA &#8211; SK \u00abZ\u00bb (1994-2002)<br \/>\nLANCIA Phedra (179) (2002-2010) 107 &#8211; 109 CV Gas\u00f3leo<br \/>\nPEUGEOT 206 Hatchback (2A\/C) (1999-2009) 90 CV Gas\u00f3leo<br \/>\nPEUGEOT 307 (3A\/C) (A\u00f1o 08.2000 &#8211; 03.2007, 90 &#8211; 107 CV, Gas\u00f3leo)<br \/>\nPEUGEOT 406 Berlina (1998-2004) 90 &#8211; 109 CV Gas\u00f3leo<br \/>\nPEUGEOT 607 Berlina (2000-2005) 107 &#8211; 109 CV Gas\u00f3leo<br \/>\nPEUGEOT 806 (1999-2002) 109 CV Gas\u00f3leo<br \/>\nPEUGEOT 807 (2004-&#8230;) 109 &#8211; 136 CV Gas\u00f3leo<br \/>\nPEUGEOT Expert I (2000-2006) 109 CV Gas\u00f3leo<br \/>\nPEUGEOT Partner I (2000-2008) 90 CV Gas\u00f3leo<\/p>\n<p>LA PIEZA ES NUEVA Y ORIGINAL.<\/p>\n","protected":false},"excerpt":{"rendered":"<p>9638783980 Bomba de aceite de los motores 2000 JTD \/ HDI de: FIAT Scudo I (220) (1999-2006) 94 &#8211; 109 CV, Gas\u00f3leo FIAT Ulysse II (179) (2002-2006) 107 &#8211; 109 CV, Gas\u00f3leo FIAT Ulysse I (220) (1999-2002) 109 CV Gas\u00f3leo CITRO\u00cbN Berlingo \/ Berlingo First I (MF, GJK, GFK) (1999-2005) 90 CV Gas\u00f3leo CITRO\u00cbN Berlingo [&hellip;]<\/p>\n","protected":false},"featured_media":28990,"template":"","meta":{"_seopress_robots_primary_cat":"","_seopress_titles_title":"","_seopress_titles_desc":"","_seopress_robots_index":""},"product_cat":[146,148,151,183,189,182,129,135,181,23,188,156,20,138,21,158,24,122,104,113,143,128],"product_tag":[],"class_list":{"0":"post-28989","1":"product","2":"type-product","3":"status-publish","4":"has-post-thumbnail","6":"product_cat-recambios-peugeot-206","7":"product_cat-recambios-peugeot-307","8":"product_cat-recambios-peugeot-406","9":"product_cat-recambios-peugeot-607","10":"product_cat-recambios-peugeot-806","11":"product_cat-recambios-peugeot-807","12":"product_cat-recambios-citroen-berlingo","13":"product_cat-recambios-citroen-c5","14":"product_cat-recambios-citroen-c8","15":"product_cat-recambios-citroen","16":"product_cat-recambios-citroen-evasion","17":"product_cat-recambios-peugeot-expert","18":"product_cat-recambios-fiat","19":"product_cat-recambios-citroen-jumpy","20":"product_cat-recambios-lancia","21":"product_cat-recambios-peugeot-partner","22":"product_cat-recambios-peugeot","23":"product_cat-recambios-lancia-phedra","24":"product_cat-recambios-fiat-scudo","25":"product_cat-recambios-fiat-ulysse","26":"product_cat-recambios-citroen-xsara","27":"product_cat-recambios-lancia-z","29":"first","30":"outofstock","31":"taxable","32":"shipping-taxable","33":"purchasable","34":"product-type-simple"},"_links":{"self":[{"href":"https:\/\/galicianparts.com\/shop\/wp-json\/wp\/v2\/product\/28989"}],"collection":[{"href":"https:\/\/galicianparts.com\/shop\/wp-json\/wp\/v2\/product"}],"about":[{"href":"https:\/\/galicianparts.com\/shop\/wp-json\/wp\/v2\/types\/product"}],"wp:featuredmedia":[{"embeddable":true,"href":"https:\/\/galicianparts.com\/shop\/wp-json\/wp\/v2\/media\/28990"}],"wp:attachment":[{"href":"https:\/\/galicianparts.com\/shop\/wp-json\/wp\/v2\/media?parent=28989"}],"wp:term":[{"taxonomy":"product_cat","embeddable":true,"href":"https:\/\/galicianparts.com\/shop\/wp-json\/wp\/v2\/product_cat?post=28989"},{"taxonomy":"product_tag","embeddable":true,"href":"https:\/\/galicianparts.com\/shop\/wp-json\/wp\/v2\/product_tag?post=28989"}],"curies":[{"name":"wp","href":"https:\/\/api.w.org\/{rel}","templated":true}]}}