{"id":29177,"date":"2021-07-27T12:48:47","date_gmt":"2021-07-27T10:48:47","guid":{"rendered":"https:\/\/galicianparts.com\/shop\/producto\/5944404-carcasa-inferior-calefaccion-fiat-regata-r86-original\/"},"modified":"2021-07-27T12:56:51","modified_gmt":"2021-07-27T10:56:51","slug":"5944404-carcasa-inferior-calefaccion-fiat-regata-r86-original","status":"publish","type":"product","link":"https:\/\/galicianparts.com\/shop\/producto\/5944404-carcasa-inferior-calefaccion-fiat-regata-r86-original\/","title":{"rendered":"5944404 Carcasa inferior calefacci\u00f3n Fiat Regata R86 ORIGINAL"},"content":{"rendered":"<p>Tapa inferior del m\u00f3dulo de la calefacci\u00f3n de Fiat Regata R86.<\/p>\n<p>LA PIEZA ES ORIGINAL, TIENE EL PEQUE\u00d1O DESPERFECTO QUE SE VE EN LA FOTO.<\/p>\n","protected":false},"excerpt":{"rendered":"<p>Tapa inferior del m\u00f3dulo de la calefacci\u00f3n de Fiat Regata R86. LA PIEZA ES ORIGINAL, TIENE EL PEQUE\u00d1O DESPERFECTO QUE SE VE EN LA FOTO.<\/p>\n","protected":false},"featured_media":29178,"template":"","meta":{"_seopress_robots_primary_cat":"","_seopress_titles_title":"","_seopress_titles_desc":"","_seopress_robots_index":""},"product_cat":[20,102],"product_tag":[],"class_list":{"0":"post-29177","1":"product","2":"type-product","3":"status-publish","4":"has-post-thumbnail","6":"product_cat-recambios-fiat","7":"product_cat-recambios-fiat-regata","9":"first","10":"instock","11":"taxable","12":"shipping-taxable","13":"purchasable","14":"product-type-simple"},"_links":{"self":[{"href":"https:\/\/galicianparts.com\/shop\/wp-json\/wp\/v2\/product\/29177"}],"collection":[{"href":"https:\/\/galicianparts.com\/shop\/wp-json\/wp\/v2\/product"}],"about":[{"href":"https:\/\/galicianparts.com\/shop\/wp-json\/wp\/v2\/types\/product"}],"wp:featuredmedia":[{"embeddable":true,"href":"https:\/\/galicianparts.com\/shop\/wp-json\/wp\/v2\/media\/29178"}],"wp:attachment":[{"href":"https:\/\/galicianparts.com\/shop\/wp-json\/wp\/v2\/media?parent=29177"}],"wp:term":[{"taxonomy":"product_cat","embeddable":true,"href":"https:\/\/galicianparts.com\/shop\/wp-json\/wp\/v2\/product_cat?post=29177"},{"taxonomy":"product_tag","embeddable":true,"href":"https:\/\/galicianparts.com\/shop\/wp-json\/wp\/v2\/product_tag?post=29177"}],"curies":[{"name":"wp","href":"https:\/\/api.w.org\/{rel}","templated":true}]}}