{"id":29345,"date":"2021-07-30T11:11:13","date_gmt":"2021-07-30T09:11:13","guid":{"rendered":"https:\/\/galicianparts.com\/shop\/producto\/46406966-disco-embrague-fiat-punto-1-6-bravo-1-4-uno-brava-marea-lancia-ypsilon-original-valeo\/"},"modified":"2023-05-16T08:44:24","modified_gmt":"2023-05-16T06:44:24","slug":"46406966-disco-embrague-fiat-punto-1-6-bravo-1-4-uno-brava-marea-lancia-ypsilon-original-valeo","status":"publish","type":"product","link":"https:\/\/galicianparts.com\/shop\/producto\/46406966-disco-embrague-fiat-punto-1-6-bravo-1-4-uno-brava-marea-lancia-ypsilon-original-valeo\/","title":{"rendered":"46406966 Disco embrague Fiat Punto \/ Bravo \/Uno \/Brava \/Marea \/Lancia Ypsilon ORIGINAL VALEO"},"content":{"rendered":"<p>Disco del embrague de:<br \/>\nDi\u00e1metro: 190 mm<br \/>\nDientes: 20<\/p>\n<p>FIAT Punto I  (176)<br \/>\n1.6, A\u00f1o 01.1994 &#8211; 04.1997, 1581 , 88<br \/>\nFIAT Uno Hatchback (146)<br \/>\n1.5 i.e. 75, A\u00f1o 10.1985 &#8211; 12.1993, 1499 , 75<br \/>\nFIAT Brava Hatchback (182)<br \/>\n1.4, A\u00f1o 10.1995 &#8211; 10.2001, 1370 , 75<br \/>\n1.4 12 V, A\u00f1o 10.1995 &#8211; 08.1998, 1370 , 80<br \/>\nFIAT Bravo I Hatchback (182)<br \/>\n1.4, A\u00f1o 10.1995 &#8211; 10.2001, 1370 , 80<br \/>\n1.4, A\u00f1o 10.1995 &#8211; 10.2001, 1370 , 75<br \/>\nFIAT Marea (185)<br \/>\n1.4 80 12V, A\u00f1o 09.1996 &#8211; 05.2002, 1370 , 80<\/p>\n<p>LANCIA Y (840)<br \/>\n1.4 12V, A\u00f1o 10.1996 &#8211; 09.2003, 1370 , 80<br \/>\n1.4 12V, A\u00f1o 03.1996 &#8211; 09.2003, 1370 , 75<\/p>\n<p>LA PIEZA ES NUEVA Y ORIGINAL VALEO.<\/p>\n","protected":false},"excerpt":{"rendered":"<p>Disco del embrague de: Di\u00e1metro: 190 mm Dientes: 20 FIAT Punto I (176) 1.6, A\u00f1o 01.1994 &#8211; 04.1997, 1581 , 88 FIAT Uno Hatchback (146) 1.5 i.e. 75, A\u00f1o 10.1985 &#8211; 12.1993, 1499 , 75 FIAT Brava Hatchback (182) 1.4, A\u00f1o 10.1995 &#8211; 10.2001, 1370 , 75 1.4 12 V, A\u00f1o 10.1995 &#8211; 08.1998, 1370 [&hellip;]<\/p>\n","protected":false},"featured_media":29346,"template":"","meta":{"_seopress_robots_primary_cat":"","_seopress_titles_title":"","_seopress_titles_desc":"","_seopress_robots_index":""},"product_cat":[81,82,20,21,95,101,114,127],"product_tag":[],"class_list":{"0":"post-29345","1":"product","2":"type-product","3":"status-publish","4":"has-post-thumbnail","6":"product_cat-recambios-fiat-brava","7":"product_cat-recambios-fiat-bravo","8":"product_cat-recambios-fiat","9":"product_cat-recambios-lancia","10":"product_cat-recambios-fiat-marea","11":"product_cat-recambios-fiat-punto","12":"product_cat-recambios-fiat-uno","13":"product_cat-recambios-lancia-ypsilon","15":"first","16":"instock","17":"taxable","18":"shipping-taxable","19":"purchasable","20":"product-type-simple"},"_links":{"self":[{"href":"https:\/\/galicianparts.com\/shop\/wp-json\/wp\/v2\/product\/29345"}],"collection":[{"href":"https:\/\/galicianparts.com\/shop\/wp-json\/wp\/v2\/product"}],"about":[{"href":"https:\/\/galicianparts.com\/shop\/wp-json\/wp\/v2\/types\/product"}],"wp:featuredmedia":[{"embeddable":true,"href":"https:\/\/galicianparts.com\/shop\/wp-json\/wp\/v2\/media\/29346"}],"wp:attachment":[{"href":"https:\/\/galicianparts.com\/shop\/wp-json\/wp\/v2\/media?parent=29345"}],"wp:term":[{"taxonomy":"product_cat","embeddable":true,"href":"https:\/\/galicianparts.com\/shop\/wp-json\/wp\/v2\/product_cat?post=29345"},{"taxonomy":"product_tag","embeddable":true,"href":"https:\/\/galicianparts.com\/shop\/wp-json\/wp\/v2\/product_tag?post=29345"}],"curies":[{"name":"wp","href":"https:\/\/api.w.org\/{rel}","templated":true}]}}