{"id":29502,"date":"2021-08-03T18:15:25","date_gmt":"2021-08-03T16:15:25","guid":{"rendered":"https:\/\/galicianparts.com\/shop\/producto\/9403297339-tuerca-de-palier-fiat-scudo-1-6-2-0-jtd-citroen-jumpy-peugeot-expert-original\/"},"modified":"2023-10-05T09:58:08","modified_gmt":"2023-10-05T07:58:08","slug":"9403297339-tuerca-de-palier-fiat-scudo-1-6-2-0-jtd-citroen-jumpy-peugeot-expert-original","status":"publish","type":"product","link":"https:\/\/galicianparts.com\/shop\/producto\/9403297339-tuerca-de-palier-fiat-scudo-1-6-2-0-jtd-citroen-jumpy-peugeot-expert-original\/","title":{"rendered":"9403297339 Tuerca M 24 palier Fiat Scudo 1.6-2.0 JTD \/Citro\u00ebn Jumpy \/Peugeot Expert ORIGINAL"},"content":{"rendered":"<p>Tuerca del semieje de la transmisi\u00f3n de:<br \/>\nM\u00e9trica: 24<br \/>\nDi\u00e1metro arandela: 40 mm<\/p>\n<p>FIAT PROFESSIONAL &#8211; 3H NUOVO SCUDO (2007-&#8230;.) 1600\u00a0JTD\u00a090\u00a0CV\/66KW\u00a0E4 \/ 1600\u00a0JTD\u00a090CV\/66KW\u00a0E5<br \/>\nFIAT PROFESSIONAL &#8211; 3H NUOVO SCUDO (2007-&#8230;.) 2000\u00a0JTD\u00a0120\u00a0CV\/88KW\u00a0E4 \/ 2000\u00a0JTD\u00a0120CV\u00a0\/\u00a088KW\u00a0FAP\u00a0E4 \/ 2000\u00a0JTD\u00a0140\u00a0CV\/103KW\u00a0E4<br \/>\nFIAT PROFESSIONAL &#8211; 3H NUOVO SCUDO (2007-&#8230;.) 2000\u00a0JTD\u00a0128CV\/94KW\u00a0FAP\u00a0E5 \/ 2000\u00a0JTD\u00a0165CV\/120KW\u00a0E5<br \/>\nPEUGEOT &#8211; EXPERT<br \/>\nCITROEN &#8211; JUMPY<\/p>\n<p>LA PIEZA ES NUEVA Y ORIGINAL.<\/p>\n","protected":false},"excerpt":{"rendered":"<p>Tuerca del semieje de la transmisi\u00f3n de: M\u00e9trica: 24 Di\u00e1metro arandela: 40 mm FIAT PROFESSIONAL &#8211; 3H NUOVO SCUDO (2007-&#8230;.) 1600\u00a0JTD\u00a090\u00a0CV\/66KW\u00a0E4 \/ 1600\u00a0JTD\u00a090CV\/66KW\u00a0E5 FIAT PROFESSIONAL &#8211; 3H NUOVO SCUDO (2007-&#8230;.) 2000\u00a0JTD\u00a0120\u00a0CV\/88KW\u00a0E4 \/ 2000\u00a0JTD\u00a0120CV\u00a0\/\u00a088KW\u00a0FAP\u00a0E4 \/ 2000\u00a0JTD\u00a0140\u00a0CV\/103KW\u00a0E4 FIAT PROFESSIONAL &#8211; 3H NUOVO SCUDO (2007-&#8230;.) 2000\u00a0JTD\u00a0128CV\/94KW\u00a0FAP\u00a0E5 \/ 2000\u00a0JTD\u00a0165CV\/120KW\u00a0E5 PEUGEOT &#8211; EXPERT CITROEN &#8211; JUMPY LA PIEZA ES NUEVA [&hellip;]<\/p>\n","protected":false},"featured_media":29503,"template":"","meta":{"_seopress_robots_primary_cat":"","_seopress_titles_title":"","_seopress_titles_desc":"","_seopress_robots_index":""},"product_cat":[23,156,20,138,24,104],"product_tag":[],"class_list":{"0":"post-29502","1":"product","2":"type-product","3":"status-publish","4":"has-post-thumbnail","6":"product_cat-recambios-citroen","7":"product_cat-recambios-peugeot-expert","8":"product_cat-recambios-fiat","9":"product_cat-recambios-citroen-jumpy","10":"product_cat-recambios-peugeot","11":"product_cat-recambios-fiat-scudo","13":"first","14":"instock","15":"taxable","16":"shipping-taxable","17":"purchasable","18":"product-type-simple"},"_links":{"self":[{"href":"https:\/\/galicianparts.com\/shop\/wp-json\/wp\/v2\/product\/29502"}],"collection":[{"href":"https:\/\/galicianparts.com\/shop\/wp-json\/wp\/v2\/product"}],"about":[{"href":"https:\/\/galicianparts.com\/shop\/wp-json\/wp\/v2\/types\/product"}],"wp:featuredmedia":[{"embeddable":true,"href":"https:\/\/galicianparts.com\/shop\/wp-json\/wp\/v2\/media\/29503"}],"wp:attachment":[{"href":"https:\/\/galicianparts.com\/shop\/wp-json\/wp\/v2\/media?parent=29502"}],"wp:term":[{"taxonomy":"product_cat","embeddable":true,"href":"https:\/\/galicianparts.com\/shop\/wp-json\/wp\/v2\/product_cat?post=29502"},{"taxonomy":"product_tag","embeddable":true,"href":"https:\/\/galicianparts.com\/shop\/wp-json\/wp\/v2\/product_tag?post=29502"}],"curies":[{"name":"wp","href":"https:\/\/api.w.org\/{rel}","templated":true}]}}