{"id":29784,"date":"2021-08-09T21:19:47","date_gmt":"2021-08-09T19:19:47","guid":{"rendered":"https:\/\/galicianparts.com\/shop\/producto\/46554298-deposito-servofreno-fiat-punto-1-8-16v-99-03-fiat-idea-nuevo-original\/"},"modified":"2022-01-24T20:38:53","modified_gmt":"2022-01-24T18:38:53","slug":"46554298-deposito-servofreno-fiat-punto-1-8-16v-99-03-fiat-idea-nuevo-original","status":"publish","type":"product","link":"https:\/\/galicianparts.com\/shop\/producto\/46554298-deposito-servofreno-fiat-punto-1-8-16v-99-03-fiat-idea-nuevo-original\/","title":{"rendered":"46554298 Dep\u00f3sito servofreno Fiat Punto 1.8 16v (99-03) Fiat Idea NUEVO ORIGINAL"},"content":{"rendered":"<p>Dep\u00f3sito del l\u00edquido de frenos de:<br \/>\nFIAT PUNTO 1.8 16V (1999-2003)<br \/>\nFIAT IDEA CONDUCCI\u00d3N A DERECHA (2003-2008) <\/p>\n<p>LA PIEZA ES NUEVA Y ORIGINAL.<\/p>\n","protected":false},"excerpt":{"rendered":"<p>Dep\u00f3sito del l\u00edquido de frenos de: FIAT PUNTO 1.8 16V (1999-2003) FIAT IDEA CONDUCCI\u00d3N A DERECHA (2003-2008) LA PIEZA ES NUEVA Y ORIGINAL.<\/p>\n","protected":false},"featured_media":29785,"template":"","meta":{"_seopress_robots_primary_cat":"","_seopress_titles_title":"","_seopress_titles_desc":"","_seopress_robots_index":""},"product_cat":[20,93,101],"product_tag":[],"class_list":{"0":"post-29784","1":"product","2":"type-product","3":"status-publish","4":"has-post-thumbnail","6":"product_cat-recambios-fiat","7":"product_cat-recambios-fiat-idea","8":"product_cat-recambios-fiat-punto","10":"first","11":"outofstock","12":"taxable","13":"shipping-taxable","14":"purchasable","15":"product-type-simple"},"_links":{"self":[{"href":"https:\/\/galicianparts.com\/shop\/wp-json\/wp\/v2\/product\/29784"}],"collection":[{"href":"https:\/\/galicianparts.com\/shop\/wp-json\/wp\/v2\/product"}],"about":[{"href":"https:\/\/galicianparts.com\/shop\/wp-json\/wp\/v2\/types\/product"}],"wp:featuredmedia":[{"embeddable":true,"href":"https:\/\/galicianparts.com\/shop\/wp-json\/wp\/v2\/media\/29785"}],"wp:attachment":[{"href":"https:\/\/galicianparts.com\/shop\/wp-json\/wp\/v2\/media?parent=29784"}],"wp:term":[{"taxonomy":"product_cat","embeddable":true,"href":"https:\/\/galicianparts.com\/shop\/wp-json\/wp\/v2\/product_cat?post=29784"},{"taxonomy":"product_tag","embeddable":true,"href":"https:\/\/galicianparts.com\/shop\/wp-json\/wp\/v2\/product_tag?post=29784"}],"curies":[{"name":"wp","href":"https:\/\/api.w.org\/{rel}","templated":true}]}}