{"id":29826,"date":"2021-08-10T12:06:53","date_gmt":"2021-08-10T10:06:53","guid":{"rendered":"https:\/\/galicianparts.com\/shop\/producto\/5890406-bomba-agua-fiat-127-ritmo-panda-uno-lancia-y10-seat-127-autobianchi-y10-original\/"},"modified":"2023-09-06T10:58:18","modified_gmt":"2023-09-06T08:58:18","slug":"5890406-bomba-agua-fiat-127-ritmo-panda-uno-lancia-y10-seat-127-autobianchi-y10-original","status":"publish","type":"product","link":"https:\/\/galicianparts.com\/shop\/producto\/5890406-bomba-agua-fiat-127-ritmo-panda-uno-lancia-y10-seat-127-autobianchi-y10-original\/","title":{"rendered":"5890406 Bomba agua Fiat 127 \/ Ritmo \/ Panda \/ Uno \/ Lancia Y10 ORIGINAL"},"content":{"rendered":"<p>71737960 &#8211; 4336009 Bomba de agua de:<\/p>\n<p>FIAT Ritmo I Hatchback (138)<br \/>\n1.0, A\u00f1o 09.1978 &#8211; 09.1982, 1049 ccm, 60 cv<br \/>\nFIAT 127 (127)<br \/>\n1.0, A\u00f1o 04.1977 &#8211; 12.1986, 1049 ccm, 50 cv<br \/>\n1.0 Sport, A\u00f1o 07.1978 &#8211; 02.1982, 1049 ccm, 70 cv<br \/>\n1.3 Di\u00e9sel, A\u00f1o 04.1981 &#8211; 12.1986, 1301 ccm, 45 cv<br \/>\n1.3 Sport, A\u00f1o 12.1981 &#8211; 05.1983, 1301 ccm, 75 cv<br \/>\nFIAT Panda I Hatchback (141)<br \/>\n1.3 D, A\u00f1o 04.1986 &#8211; 12.1992, 1302 ccm, 37 cv<br \/>\nFIAT Fiorino Furg\u00f3n (127)<br \/>\n1.0, A\u00f1o 01.1980 &#8211; 12.1987, 1049 ccm, 50 cv<br \/>\nFIAT Fiorino II (146)<br \/>\n60 1.1, A\u00f1o 05.1988 &#8211; 12.1993, 1116 ccm, 54 cv<br \/>\n70 1.3, A\u00f1o 01.1988 &#8211; 12.1994, 1301 ccm, 67 cv<br \/>\nFIAT Fiorino I (147))<br \/>\n1.0, A\u00f1o 01.1980 &#8211; 12.1987, 1049 ccm, 50 cv<br \/>\n1.0, A\u00f1o 12.1986 &#8211; 04.1988, 1049 ccm, 56 cv<br \/>\n1.1 60, A\u00f1o 11.1986 &#8211; 04.1988, 1116 ccm, 55 cv<br \/>\n1.3, A\u00f1o 12.1987 &#8211; 08.1993, 1301 ccm, 67 cv<br \/>\n1.3 D, A\u00f1o 03.1982 &#8211; 01.1988, 1288 ccm, 45 cv<br \/>\nFIAT Uno Hatchback (146)<br \/>\n1.3 Super di\u00e9sel, A\u00f1o 06.1983 &#8211; 03.1992, 1302 ccm, 45 cv<br \/>\nFIAT Duna (146)<br \/>\n1.7 DS, A\u00f1o 01.1987 &#8211; 12.1991, 1698 ccm, 60 cv<br \/>\n60 1.1, A\u00f1o 01.1987 &#8211; 12.1991, 1116 ccm, 58 cv<br \/>\n70 1.3, A\u00f1o 01.1987 &#8211; 12.1991, 1301 ccm, 67 cv<br \/>\nFIAT Elba<br \/>\n1.3, A\u00f1o 04.1986 &#8211; 12.1993, 1297 ccm, 58 cv<\/p>\n<p>AUTOBIANCHI Y10 Hatchback<br \/>\n1.0, A\u00f1o 03.1985 &#8211; 10.1995, 1049 ccm, 56 cv<br \/>\n1.0 4WD, A\u00f1o 12.1986 &#8211; 10.1995, 999 ccm, 50 cv<br \/>\n1.0 Turbo, A\u00f1o 03.1985 &#8211; 10.1995, 1049 ccm, 85 cv<br \/>\n1.3 i.e. GT, A\u00f1o 06.1989 &#8211; 10.1995, 1297 ccm, 73 cv<br \/>\n1.3 i.e. GT, A\u00f1o 06.1989 &#8211; 10.1995, 1301 ccm, 78 cv<\/p>\n<p>LANCIA Y10 (156)<br \/>\n1.0 (156C), A\u00f1o 03.1985 &#8211; 07.1989, 1049 ccm, 56 cv<br \/>\n1.0 Turbo, A\u00f1o 03.1985 &#8211; 02.1989, 1049 ccm, 84 cv<br \/>\n1.3 i.e. (156AB), A\u00f1o 11.1987 &#8211; 05.1993, 1301 ccm, 76 cv<br \/>\n1.3 i.e. (156AF), A\u00f1o 02.1989 &#8211; 12.1995, 1297 ccm, 72 cv<\/p>\n<p>LA PIEZA ES NUEVA Y ORIGINAL.<\/p>\n","protected":false},"excerpt":{"rendered":"<p>71737960 &#8211; 4336009 Bomba de agua de: FIAT Ritmo I Hatchback (138) 1.0, A\u00f1o 09.1978 &#8211; 09.1982, 1049 ccm, 60 cv FIAT 127 (127) 1.0, A\u00f1o 04.1977 &#8211; 12.1986, 1049 ccm, 50 cv 1.0 Sport, A\u00f1o 07.1978 &#8211; 02.1982, 1049 ccm, 70 cv 1.3 Di\u00e9sel, A\u00f1o 04.1981 &#8211; 12.1986, 1301 ccm, 45 cv 1.3 Sport, [&hellip;]<\/p>\n","protected":false},"featured_media":29827,"template":"","meta":{"_seopress_robots_primary_cat":"","_seopress_titles_title":"","_seopress_titles_desc":"","_seopress_robots_index":""},"product_cat":[68,25,89,20,91,21,99,103,114,126,64],"product_tag":[],"class_list":{"0":"post-29826","1":"product","2":"type-product","3":"status-publish","4":"has-post-thumbnail","6":"product_cat-recambios-fiat-127","7":"product_cat-recambios-autobianchi","8":"product_cat-recambios-fiat-duna","9":"product_cat-recambios-fiat","10":"product_cat-recambios-fiat-fiorino","11":"product_cat-recambios-lancia","12":"product_cat-recambios-fiat-panda","13":"product_cat-recambios-fiat-ritmo","14":"product_cat-recambios-fiat-uno","15":"product_cat-recambios-lancia-y10","16":"product_cat-recambios-autobianchi-y10","18":"first","19":"instock","20":"taxable","21":"shipping-taxable","22":"purchasable","23":"product-type-simple"},"_links":{"self":[{"href":"https:\/\/galicianparts.com\/shop\/wp-json\/wp\/v2\/product\/29826"}],"collection":[{"href":"https:\/\/galicianparts.com\/shop\/wp-json\/wp\/v2\/product"}],"about":[{"href":"https:\/\/galicianparts.com\/shop\/wp-json\/wp\/v2\/types\/product"}],"wp:featuredmedia":[{"embeddable":true,"href":"https:\/\/galicianparts.com\/shop\/wp-json\/wp\/v2\/media\/29827"}],"wp:attachment":[{"href":"https:\/\/galicianparts.com\/shop\/wp-json\/wp\/v2\/media?parent=29826"}],"wp:term":[{"taxonomy":"product_cat","embeddable":true,"href":"https:\/\/galicianparts.com\/shop\/wp-json\/wp\/v2\/product_cat?post=29826"},{"taxonomy":"product_tag","embeddable":true,"href":"https:\/\/galicianparts.com\/shop\/wp-json\/wp\/v2\/product_tag?post=29826"}],"curies":[{"name":"wp","href":"https:\/\/api.w.org\/{rel}","templated":true}]}}