{"id":29901,"date":"2021-08-11T14:30:41","date_gmt":"2021-08-11T12:30:41","guid":{"rendered":"https:\/\/galicianparts.com\/shop\/producto\/7625608-polea-superior-distribucion-m-1-3d-fiat-127-panda-uno-fiorino-nuevo-original\/"},"modified":"2021-08-11T14:34:05","modified_gmt":"2021-08-11T12:34:05","slug":"7625608-polea-superior-distribucion-m-1-3d-fiat-127-panda-uno-fiorino-nuevo-original","status":"publish","type":"product","link":"https:\/\/galicianparts.com\/shop\/producto\/7625608-polea-superior-distribucion-m-1-3d-fiat-127-panda-uno-fiorino-nuevo-original\/","title":{"rendered":"7625608 Polea superior distribuci\u00f3n M 1.3D Fiat 127 \/ Panda \/ Uno \/ Fiorino NUEVO ORIGINAL"},"content":{"rendered":"<p>Engranaje del \u00e1rbol de levas, pi\u00f1\u00f3n superior de la distribuci\u00f3n de:<br \/>\nFIAT 127 1301cc DIESEL<br \/>\nFIAT &#8211; 2P PANDA DS (1986-1993)<br \/>\nFIAT &#8211; MU UNO 1.3 DIESEL R\/89 (1989-1995)<br \/>\nFIAT PROFESSIONAL &#8211; 2M FIORINO 1301cc DIESEL (1991-1993)<\/p>\n<p>LA PIEZA ES NUEVA Y ORIGINAL.<\/p>\n","protected":false},"excerpt":{"rendered":"<p>Engranaje del \u00e1rbol de levas, pi\u00f1\u00f3n superior de la distribuci\u00f3n de: FIAT 127 1301cc DIESEL FIAT &#8211; 2P PANDA DS (1986-1993) FIAT &#8211; MU UNO 1.3 DIESEL R\/89 (1989-1995) FIAT PROFESSIONAL &#8211; 2M FIORINO 1301cc DIESEL (1991-1993) LA PIEZA ES NUEVA Y ORIGINAL.<\/p>\n","protected":false},"featured_media":29902,"template":"","meta":{"_seopress_robots_primary_cat":"","_seopress_titles_title":"","_seopress_titles_desc":"","_seopress_robots_index":""},"product_cat":[68,20,91,99,114],"product_tag":[],"class_list":{"0":"post-29901","1":"product","2":"type-product","3":"status-publish","4":"has-post-thumbnail","6":"product_cat-recambios-fiat-127","7":"product_cat-recambios-fiat","8":"product_cat-recambios-fiat-fiorino","9":"product_cat-recambios-fiat-panda","10":"product_cat-recambios-fiat-uno","12":"first","13":"instock","14":"taxable","15":"shipping-taxable","16":"purchasable","17":"product-type-simple"},"_links":{"self":[{"href":"https:\/\/galicianparts.com\/shop\/wp-json\/wp\/v2\/product\/29901"}],"collection":[{"href":"https:\/\/galicianparts.com\/shop\/wp-json\/wp\/v2\/product"}],"about":[{"href":"https:\/\/galicianparts.com\/shop\/wp-json\/wp\/v2\/types\/product"}],"wp:featuredmedia":[{"embeddable":true,"href":"https:\/\/galicianparts.com\/shop\/wp-json\/wp\/v2\/media\/29902"}],"wp:attachment":[{"href":"https:\/\/galicianparts.com\/shop\/wp-json\/wp\/v2\/media?parent=29901"}],"wp:term":[{"taxonomy":"product_cat","embeddable":true,"href":"https:\/\/galicianparts.com\/shop\/wp-json\/wp\/v2\/product_cat?post=29901"},{"taxonomy":"product_tag","embeddable":true,"href":"https:\/\/galicianparts.com\/shop\/wp-json\/wp\/v2\/product_tag?post=29901"}],"curies":[{"name":"wp","href":"https:\/\/api.w.org\/{rel}","templated":true}]}}