{"id":30034,"date":"2021-08-17T19:41:43","date_gmt":"2021-08-17T17:41:43","guid":{"rendered":"https:\/\/galicianparts.com\/shop\/producto\/7540301-tensor-correa-distribucion-m-1-7d-fiat-ritmo-regata-seat-ibiza-ronda-malaga-original\/"},"modified":"2022-10-24T10:32:54","modified_gmt":"2022-10-24T08:32:54","slug":"7540301-tensor-correa-distribucion-m-1-7d-fiat-ritmo-regata-seat-ibiza-ronda-malaga-original","status":"publish","type":"product","link":"https:\/\/galicianparts.com\/shop\/producto\/7540301-tensor-correa-distribucion-m-1-7d-fiat-ritmo-regata-seat-ibiza-ronda-malaga-original\/","title":{"rendered":"7540301 Tensor correa distribuci\u00f3n M 1.7D Fiat Ritmo \/ Regata \/ Seat Ibiza \/ Ronda \/ M\u00e1laga ORIGINAL"},"content":{"rendered":"<p>Polea tensora de la correa dentada de:<br \/>\nFIAT Regata Berlina (138) 1.7 Di\u00e9sel 60 (1983-1986) 1714cc 58 CV<br \/>\nFIAT Regata Weekend 1.7 Di\u00e9sel 60 (1984-1989) 1698cc 60 CV<br \/>\nFIAT Ritmo I Hatchback (138) 1.7 Di\u00e9sel 55 (1979-1982) 1714cc 55 CV<br \/>\nSEAT Ibiza I Hatchback (021A) 1.7 D (1984-1993) 1714cc 54 CV \/ 57 CV<br \/>\nSEAT Malaga (023A) 1.7 D (1985-1993) 1714cc 54 CV \/ 57 CV<br \/>\nSEAT Ronda (022A) 1.7 Di\u00e9sel (1982-1986) 1714cc 54 CV \/ 56 CV<\/p>\n<p>LA PIEZA ES NUEVA Y ORIGINAL.<\/p>\n","protected":false},"excerpt":{"rendered":"<p>Polea tensora de la correa dentada de: FIAT Regata Berlina (138) 1.7 Di\u00e9sel 60 (1983-1986) 1714cc 58 CV FIAT Regata Weekend 1.7 Di\u00e9sel 60 (1984-1989) 1698cc 60 CV FIAT Ritmo I Hatchback (138) 1.7 Di\u00e9sel 55 (1979-1982) 1714cc 55 CV SEAT Ibiza I Hatchback (021A) 1.7 D (1984-1993) 1714cc 54 CV \/ 57 CV SEAT [&hellip;]<\/p>\n","protected":false},"featured_media":30035,"template":"","meta":{"_seopress_robots_primary_cat":"","_seopress_titles_title":"","_seopress_titles_desc":"","_seopress_robots_index":""},"product_cat":[20,162,164,102,103,165,26],"product_tag":[],"class_list":{"0":"post-30034","1":"product","2":"type-product","3":"status-publish","4":"has-post-thumbnail","6":"product_cat-recambios-fiat","7":"product_cat-recambios-seat-ibiza","8":"product_cat-recambios-seat-malaga","9":"product_cat-recambios-fiat-regata","10":"product_cat-recambios-fiat-ritmo","11":"product_cat-recambios-seat-ronda","12":"product_cat-recambios-seat","14":"first","15":"outofstock","16":"taxable","17":"shipping-taxable","18":"purchasable","19":"product-type-simple"},"_links":{"self":[{"href":"https:\/\/galicianparts.com\/shop\/wp-json\/wp\/v2\/product\/30034"}],"collection":[{"href":"https:\/\/galicianparts.com\/shop\/wp-json\/wp\/v2\/product"}],"about":[{"href":"https:\/\/galicianparts.com\/shop\/wp-json\/wp\/v2\/types\/product"}],"wp:featuredmedia":[{"embeddable":true,"href":"https:\/\/galicianparts.com\/shop\/wp-json\/wp\/v2\/media\/30035"}],"wp:attachment":[{"href":"https:\/\/galicianparts.com\/shop\/wp-json\/wp\/v2\/media?parent=30034"}],"wp:term":[{"taxonomy":"product_cat","embeddable":true,"href":"https:\/\/galicianparts.com\/shop\/wp-json\/wp\/v2\/product_cat?post=30034"},{"taxonomy":"product_tag","embeddable":true,"href":"https:\/\/galicianparts.com\/shop\/wp-json\/wp\/v2\/product_tag?post=30034"}],"curies":[{"name":"wp","href":"https:\/\/api.w.org\/{rel}","templated":true}]}}