{"id":30341,"date":"2021-09-01T11:07:02","date_gmt":"2021-09-01T09:07:02","guid":{"rendered":"https:\/\/galicianparts.com\/shop\/producto\/9632400580-sensor-ciguenal-m-1-8-2-0-2-2-fiat-lancia-citroen-peugeot-nuevo-original\/"},"modified":"2022-06-28T17:26:17","modified_gmt":"2022-06-28T15:26:17","slug":"9632400580-sensor-ciguenal-m-1-8-2-0-2-2-fiat-lancia-citroen-peugeot-nuevo-original","status":"publish","type":"product","link":"https:\/\/galicianparts.com\/shop\/producto\/9632400580-sensor-ciguenal-m-1-8-2-0-2-2-fiat-lancia-citroen-peugeot-nuevo-original\/","title":{"rendered":"9632400580 Sensor cig\u00fce\u00f1al M 1.8 2.0 2.2 Fiat \/ Lancia \/ Citroen \/ Peugeot NUEVO ORIGINAL"},"content":{"rendered":"<p>Captador del volante de inercia de:<br \/>\nCITRO\u00cbN Evasion (22, U6) (1994 -2002)2.0 16V 1997 , 136cv<br \/>\nCITRO\u00cbN Jumpy I MPV (1994-2006) 2.0 i 16V 1997 , 138cv<br \/>\nCITRO\u00cbN Berlingo \/ Berlingo First I Furg\u00f3n (M) (1996-2011)2.0 HDI 90 1997 , 90cv 2.0 HDI 90 4WD,1997 , 90cv<br \/>\nCITRO\u00cbN Berlingo \/ Berlingo First I (MF, GJK, GFK) (1996-2011) 2.0 HDI 90, 1997 , 90cv<br \/>\nCITRO\u00cbN Xsara Hatchback (N1) (1997-2005) 2.0 16V, 1997 , 136cv<br \/>\nCITRO\u00cbN Xsara Familiar (N2) (1997-2010) 2.0 16V, 1997 , 136cv<br \/>\nCITRO\u00cbN Xsara Coup\u00e9 (N0) (1998-2005) 2.0 16V, 1997 , 136cv<br \/>\nCITRO\u00cbN Xsara Picasso (N68) (1999-2012)1.8  16V, 1749 , 115cv, 2.0 16V, 1997 , 136cv<br \/>\nCITRO\u00cbN Jumpy I Furg\u00f3n (1994-2006) 2.0 i 16V, 1997 , 138cv<br \/>\nCITRO\u00cbN C5 I Hatchback (2001-2005) 1.8 16V, 1749 , 115cv, 2.0 16V, 1997 , 136cv,  2.0 16V HPi, 1997 , 140cv 2.0 HDi, 1997 , 90cv, 2.0 HDi, 1997 , 109cv, 2.2 HDi,  2179 , 133cv<br \/>\nCITRO\u00cbN Jumper I Bus (244) (2002 &#8211; &#8230;) 2.0, 1998 , 110cv, 2.0 HDi, 1997 , 84cv<br \/>\nCITRO\u00cbN Jumper I Furg\u00f3n (244) (2002 &#8211; &#8230;) 2.0, 1998 , 110cv, 2.0 HDi, 1997 , 84cv<br \/>\nCITRO\u00cbN C5 II Hatchback (2004 &#8211; &#8230;) 2.2 HDi, 2179 , 133cv<br \/>\nFIAT Ulysse I (220) (1994-2002) 2.0 16V, 1997 , 136cv<br \/>\nFIAT Scudo I Familiar (220) (1996-2006) 2.0 16V, 1997 , 136cv<br \/>\nFIAT Ducato II Bus (230) (1994-2002) 2.0 JTD, 1997 , 84cv<br \/>\nFIAT Ducato II Bus (244) (2002- &#8230;) 2.0, 1998 , 110cv, 2.0 JTD, 1997 , 84cv<br \/>\nFIAT Ducato II Furg\u00f3n (244) (2002-&#8230;) 2.0, 1998 , 110cv 2.0 JTD, 1997 , 84cv<br \/>\nFIAT Ducato II Cami\u00f3n de plataforma\/Chasis (244) (2002 &#8211; &#8230;) 2.0 JTD, 1997 , 84cv<br \/>\nLANCIA Zeta (220) (1995-2002) 2.0 16V, 1997 , 136cv<br \/>\nPEUGEOT 806 (1994-2002) 2.0 16V, 1997 , 136cv<br \/>\nPEUGEOT Boxer Bus (230) (1994-2002) 2.0 i,n1998 , 109cv, 2.0 i 4&#215;4, 1998 , 109cv<br \/>\nPEUGEOT 406 Berlina (1995-2005) 1.8 16V, 1749 , 116cv 2.0 16V, 1997 , 136cv, 2.0 16V HPi, 1997 , 140cv, 2.0 HDi 110, 1997 , 107cv 2.0 HDI 110, 1997 , 109cv, 2.0 HDI 90, 1997 , 90cv<br \/>\nPEUGEOT Expert I (224) (1995-2006) 2.0, 1997 , 136cv<br \/>\nPEUGEOT 406 Familiar (1996-2004) 1.8 16V, 1749 , 116cv, 2.0 16V, 1997 , 136cv, 2.0 16V HPi, 1997 , 140cv, 2.0 HDi 110, 1997 , 107cv, 2.0 HDI 110, 1997 , 109cv, 2.0 HDI 90, 1997 , 90cv<br \/>\nPEUGEOT Boxer Furg\u00f3n (230) (1994-2003) 2.0 i, 1998 , 109cv<br \/>\nPEUGEOT Partner I Furg\u00f3n (1996-2015) 2.0 HDi, 1997 , 90cv<br \/>\nPEUGEOT Partner I Combispace (1996-2015) 2.0 HDI, 1997 , 90cv<br \/>\nPEUGEOT 406 Coup\u00e9 (1997-2005) 2.0 16V, 1997 , 136cv<br \/>\nPEUGEOT 206 Hatchback (2A\/C) (1998-2012) 2.0 HDI 90, 1997 , 90cv 2.0 S16, 1997 , 136cv<br \/>\nPEUGEOT Boxer Cami\u00f3n de plataforma\/Chasis (230) (1994-2002) 2.0 i, 1998 , 109cv<br \/>\nPEUGEOT 607 Berlina (2000-&#8230;) 2.2 HDI, 2179 , 133cv<br \/>\nPEUGEOT 206 CC (2D) (2000-2008) 2.0 S16, 1997 , 136cv<br \/>\nPEUGEOT 307 Hatchback (3A\/C) (2000-2012) 2.0 16V, 1997 , 136cv 2.0 HDi 90, 1997 , 90cv<br \/>\nPEUGEOT 307 SW (3H) (2002-2009) 2.0 16V, 1997 , 136cv 2.0 HDI 90, 1997 ,90cv<br \/>\nPEUGEOT Boxer Bus (244) (2001-&#8230;) 2.0 HDi, 1997 , 84cv 2.2 HDi, 2179 , 101cv<br \/>\nPEUGEOT Boxer Furg\u00f3n (244) (2001-&#8230;) 2.0 HDi, 1997, 84cv 2.2 HDi, 2179 , 101cv<br \/>\nPEUGEOT 206 SW (2E\/K) (2002-&#8230;) 2.0 16V,1997 , 136cv  2.0 HDi, 1997 , 90cv<br \/>\nPEUGEOT Boxer Cami\u00f3n de plataforma\/Chasis (244) (2001-&#8230;) 2.2 HDi, 2179 , 101cv<br \/>\nPEUGEOT 307 CC (3B) (2003-2009) 2.0 16V, 1997 , 136cv<br \/>\nPEUGEOT 307 Familiar (3E) (2002-2009) 2.0, 1997 , 136cv, 2.0 HDI 90,1997 , 90cv<\/p>\n<p>LA PIEZA ES NUEVA Y ORIGINAL.<\/p>\n","protected":false},"excerpt":{"rendered":"<p>Captador del volante de inercia de: CITRO\u00cbN Evasion (22, U6) (1994 -2002)2.0 16V 1997 , 136cv CITRO\u00cbN Jumpy I MPV (1994-2006) 2.0 i 16V 1997 , 138cv CITRO\u00cbN Berlingo \/ Berlingo First I Furg\u00f3n (M) (1996-2011)2.0 HDI 90 1997 , 90cv 2.0 HDI 90 4WD,1997 , 90cv CITRO\u00cbN Berlingo \/ Berlingo First I (MF, GJK, [&hellip;]<\/p>\n","protected":false},"featured_media":30342,"template":"","meta":{"_seopress_robots_primary_cat":"","_seopress_titles_title":"","_seopress_titles_desc":"","_seopress_robots_index":""},"product_cat":[146,148,151,183,189,129,155,135,23,88,188,156,20,137,138,21,158,24,104,113,143,128],"product_tag":[],"class_list":{"0":"post-30341","1":"product","2":"type-product","3":"status-publish","4":"has-post-thumbnail","6":"product_cat-recambios-peugeot-206","7":"product_cat-recambios-peugeot-307","8":"product_cat-recambios-peugeot-406","9":"product_cat-recambios-peugeot-607","10":"product_cat-recambios-peugeot-806","11":"product_cat-recambios-citroen-berlingo","12":"product_cat-recambios-peugeot-boxer","13":"product_cat-recambios-citroen-c5","14":"product_cat-recambios-citroen","15":"product_cat-recambios-fiat-ducato","16":"product_cat-recambios-citroen-evasion","17":"product_cat-recambios-peugeot-expert","18":"product_cat-recambios-fiat","19":"product_cat-recambios-citroen-jumper","20":"product_cat-recambios-citroen-jumpy","21":"product_cat-recambios-lancia","22":"product_cat-recambios-peugeot-partner","23":"product_cat-recambios-peugeot","24":"product_cat-recambios-fiat-scudo","25":"product_cat-recambios-fiat-ulysse","26":"product_cat-recambios-citroen-xsara","27":"product_cat-recambios-lancia-z","29":"first","30":"outofstock","31":"taxable","32":"shipping-taxable","33":"purchasable","34":"product-type-simple"},"_links":{"self":[{"href":"https:\/\/galicianparts.com\/shop\/wp-json\/wp\/v2\/product\/30341"}],"collection":[{"href":"https:\/\/galicianparts.com\/shop\/wp-json\/wp\/v2\/product"}],"about":[{"href":"https:\/\/galicianparts.com\/shop\/wp-json\/wp\/v2\/types\/product"}],"wp:featuredmedia":[{"embeddable":true,"href":"https:\/\/galicianparts.com\/shop\/wp-json\/wp\/v2\/media\/30342"}],"wp:attachment":[{"href":"https:\/\/galicianparts.com\/shop\/wp-json\/wp\/v2\/media?parent=30341"}],"wp:term":[{"taxonomy":"product_cat","embeddable":true,"href":"https:\/\/galicianparts.com\/shop\/wp-json\/wp\/v2\/product_cat?post=30341"},{"taxonomy":"product_tag","embeddable":true,"href":"https:\/\/galicianparts.com\/shop\/wp-json\/wp\/v2\/product_tag?post=30341"}],"curies":[{"name":"wp","href":"https:\/\/api.w.org\/{rel}","templated":true}]}}