{"id":30421,"date":"2021-09-01T14:27:55","date_gmt":"2021-09-01T12:27:55","guid":{"rendered":"https:\/\/galicianparts.com\/shop\/producto\/46813025-tubo-egr-m-1-9d-fiat-punto-palio-strada-siena-nuevo-original\/"},"modified":"2023-01-23T12:20:15","modified_gmt":"2023-01-23T10:20:15","slug":"46813025-tubo-egr-m-1-9d-fiat-punto-palio-strada-siena-nuevo-original","status":"publish","type":"product","link":"https:\/\/galicianparts.com\/shop\/producto\/46813025-tubo-egr-m-1-9d-fiat-punto-palio-strada-siena-nuevo-original\/","title":{"rendered":"46813025 Tubo EGR M 1.9D Fiat Punto \/ Palio \/ Strada \/ Siena NUEVO ORIGINAL"},"content":{"rendered":"<p>46529643 Tubo recuperaci\u00f3n de gases electrov\u00e1lvula EGR de los modelos 1900cc Di\u00e9sel de:<br \/>\nFIAT &#8211; 2H PALIO 2V EXTRA EUROPA REST. 2002 (2002-2011)<br \/>\nFIAT &#8211; 2K PALIO WE EXTRA EUROPA REST. 2002 (2002-2008)<br \/>\nFIAT &#8211; PY PALIO\/WEEKEND EUROPA (1997-2002)<br \/>\nFIAT &#8211; 1P PUNTO DS (1999-2003)<br \/>\nFIAT &#8211; 2L SIENA EXTRA EUROPA REST.(2002-2012)<br \/>\nFIAT PROFESSIONAL &#8211; 1W DOBLO (2000-2004)<br \/>\nFIAT PROFESSIONAL &#8211; 2W DOBLO MY. 2004 (2004-2005)<br \/>\nFIAT PROFESSIONAL &#8211; 1G STRADA (1999-2005)<\/p>\n<p>LA PIEZA ES NUEVA Y ORIGINAL.<\/p>\n","protected":false},"excerpt":{"rendered":"<p>46529643 Tubo recuperaci\u00f3n de gases electrov\u00e1lvula EGR de los modelos 1900cc Di\u00e9sel de: FIAT &#8211; 2H PALIO 2V EXTRA EUROPA REST. 2002 (2002-2011) FIAT &#8211; 2K PALIO WE EXTRA EUROPA REST. 2002 (2002-2008) FIAT &#8211; PY PALIO\/WEEKEND EUROPA (1997-2002) FIAT &#8211; 1P PUNTO DS (1999-2003) FIAT &#8211; 2L SIENA EXTRA EUROPA REST.(2002-2012) FIAT PROFESSIONAL &#8211; [&hellip;]<\/p>\n","protected":false},"featured_media":30422,"template":"","meta":{"_seopress_robots_primary_cat":"","_seopress_titles_title":"","_seopress_titles_desc":"","_seopress_robots_index":""},"product_cat":[87,20,98,101,107,109],"product_tag":[],"class_list":{"0":"post-30421","1":"product","2":"type-product","3":"status-publish","4":"has-post-thumbnail","6":"product_cat-recambios-fiat-doblo","7":"product_cat-recambios-fiat","8":"product_cat-recambios-fiat-palio","9":"product_cat-recambios-fiat-punto","10":"product_cat-recambios-fiat-siena","11":"product_cat-recambios-fiat-strada","13":"first","14":"outofstock","15":"taxable","16":"shipping-taxable","17":"purchasable","18":"product-type-simple"},"_links":{"self":[{"href":"https:\/\/galicianparts.com\/shop\/wp-json\/wp\/v2\/product\/30421"}],"collection":[{"href":"https:\/\/galicianparts.com\/shop\/wp-json\/wp\/v2\/product"}],"about":[{"href":"https:\/\/galicianparts.com\/shop\/wp-json\/wp\/v2\/types\/product"}],"wp:featuredmedia":[{"embeddable":true,"href":"https:\/\/galicianparts.com\/shop\/wp-json\/wp\/v2\/media\/30422"}],"wp:attachment":[{"href":"https:\/\/galicianparts.com\/shop\/wp-json\/wp\/v2\/media?parent=30421"}],"wp:term":[{"taxonomy":"product_cat","embeddable":true,"href":"https:\/\/galicianparts.com\/shop\/wp-json\/wp\/v2\/product_cat?post=30421"},{"taxonomy":"product_tag","embeddable":true,"href":"https:\/\/galicianparts.com\/shop\/wp-json\/wp\/v2\/product_tag?post=30421"}],"curies":[{"name":"wp","href":"https:\/\/api.w.org\/{rel}","templated":true}]}}