{"id":30472,"date":"2021-09-02T10:43:03","date_gmt":"2021-09-02T08:43:03","guid":{"rendered":"https:\/\/galicianparts.com\/shop\/producto\/9601842680-sensor-temperatura-refrigerante-fiat-scudo-ducato-ulysse-citroen-peugeot-lancia\/"},"modified":"2024-10-25T10:54:30","modified_gmt":"2024-10-25T08:54:30","slug":"9601842680-sensor-temperatura-refrigerante-fiat-scudo-ducato-ulysse-citroen-peugeot-lancia","status":"publish","type":"product","link":"https:\/\/galicianparts.com\/shop\/producto\/9601842680-sensor-temperatura-refrigerante-fiat-scudo-ducato-ulysse-citroen-peugeot-lancia\/","title":{"rendered":"9601842680 Sensor temperatura refrigerante Fiat Scudo \/ Ducato \/ Ulysse \/ Citroen \/ Peugeot \/ Lancia"},"content":{"rendered":"<p>Electrov\u00e1lvula, sensor de temperatura del refrigerante del motor de:<br \/>\nCITRO\u00cbN Berlingo \/ Berlingo First I (MF, GJK, GFK) (1761 &#8211; 1905 , 58 &#8211; 90 CV)<br \/>\nCITRO\u00cbN Berlingo \/ Berlingo First I Furg\u00f3n (M) (1769 &#8211; 1905 , 59 &#8211; 70 CV)<br \/>\nCITRO\u00cbN Evasion (22, U6) (1761 &#8211; 2088 , 90 &#8211; 132 CV)<br \/>\nCITRO\u00cbN Jumpy I MPV (1905 , 69 &#8211; 92 CV)<br \/>\nCITRO\u00cbN Jumpy I Cami\u00f3n de plataforma\/Chasis (1905 , 92 CV)<br \/>\nCITRO\u00cbN Jumpy I Furg\u00f3n (1905 , 69 &#8211; 92 CV)<br \/>\nCITRO\u00cbN Jumper<br \/>\nCITRO\u00cbN XM I Hatchback (Y3) (2088 &#8211; 2138 , 82 &#8211; 109 CV)<br \/>\nCITRO\u00cbN XM II Hatchback (Y4) (1998 &#8211; 2963 , 82 &#8211; 200 CV)<br \/>\nCITRO\u00cbN XM I Familiar (Y3) (2088 &#8211; 2138 , 82 &#8211; 109 CV)<br \/>\nCITRO\u00cbN XM II Familiar (Y4) (1998 &#8211; 2963 , 82 &#8211; 167 CV)<br \/>\nCITRO\u00cbN Xsara Coup\u00e9 (N0) (1998 , 163 &#8211; 167 CV)<br \/>\nFIAT Ducato II Bus (230) (1905 , 90 CV)<br \/>\nFIAT Ducato II Cami\u00f3n de plataforma\/Chasis (230) (1905 , 90 CV)<br \/>\nFIAT Ducato II Furg\u00f3n (230L) (1905 , 90 CV)<br \/>\nFIAT Scudo I Cami\u00f3n de plataforma\/Chasis (220) (1905 , 92 CV)<br \/>\nFIAT Scudo I Familiar (220) (1905 , 69 &#8211; 92 CV)<br \/>\nFIAT Scudo I Furg\u00f3n (220) (1905 , 69 &#8211; 92 CV)<br \/>\nFIAT Ulysse I (220) (1761 &#8211; 2088 , 90 &#8211; 132 CV)<br \/>\nLANCIA Zeta (220) (2088 , 109 CV)<br \/>\nPEUGEOT 106 I Hatchback (1361 &#8211; 1587 , 88 &#8211; 94 CV)<br \/>\nPEUGEOT 306 Berlina (1360 &#8211; 1998 , 64 &#8211; 152 CV)<br \/>\nPEUGEOT 306 Familiar (1761 &#8211; 1998 , 68 &#8211; 132 CV)<br \/>\nPEUGEOT 306 Cabrio (1587 &#8211; 1998 , 89 &#8211; 135 CV)<br \/>\nPEUGEOT 306 Hatchback (1124 &#8211; 1998 , 58 &#8211; 169 CV)<br \/>\nPEUGEOT 306 Furg\u00f3n \/ Hatchback (1769 &#8211; 1905 , 60 &#8211; 68 CV)<br \/>\nPEUGEOT 406 Berlina (1580 &#8211; 2088 , 75 &#8211; 136 CV)<br \/>\nPEUGEOT 406 Familiar (1761 &#8211; 2088 , 75 &#8211; 132 CV)<br \/>\nPEUGEOT 406 Coup\u00e9 (1997 &#8211; 1998 , 132 &#8211; 136 CV)<br \/>\nPEUGEOT 806 (1761 &#8211; 2088 , 90 &#8211; 132 CV)<br \/>\nPEUGEOT Boxer Bus (230) (1905 , 69 &#8211; 92 CV)<br \/>\nPEUGEOT Boxer Cami\u00f3n de plataforma\/Chasis (230) (1905 , 92 CV)<br \/>\nPEUGEOT Boxer Furg\u00f3n (230) (1905 , 68 &#8211; 92 CV)<br \/>\nPEUGEOT Expert I (224) (1905 , 70 &#8211; 92 CV)<br \/>\nPEUGEOT Expert I Cami\u00f3n de plataforma\/Chasis (1905 , 70 &#8211; 92 CV)<br \/>\nPEUGEOT Expert I Furg\u00f3n (1905 , 70 &#8211; 92 CV)<br \/>\nPEUGEOT Partner I Combispace (1761 &#8211; 1905 , 68 &#8211; 90 CV)<br \/>\nPEUGEOT Partner I Furg\u00f3n (1769 &#8211; 1905 , 58 &#8211; 69 CV)<\/p>\n<p>LA PIEZA ES NUEVA Y ORIGINAL.<\/p>\n","protected":false},"excerpt":{"rendered":"<p>Electrov\u00e1lvula, sensor de temperatura del refrigerante del motor de: CITRO\u00cbN Berlingo \/ Berlingo First I (MF, GJK, GFK) (1761 &#8211; 1905 , 58 &#8211; 90 CV) CITRO\u00cbN Berlingo \/ Berlingo First I Furg\u00f3n (M) (1769 &#8211; 1905 , 59 &#8211; 70 CV) CITRO\u00cbN Evasion (22, U6) (1761 &#8211; 2088 , 90 &#8211; 132 CV) CITRO\u00cbN [&hellip;]<\/p>\n","protected":false},"featured_media":30473,"template":"","meta":{"_seopress_robots_primary_cat":"","_seopress_titles_title":"","_seopress_titles_desc":"","_seopress_robots_index":""},"product_cat":[145,147,151,189,129,155,23,88,188,156,20,137,138,21,158,24,104,113,142,143,128],"product_tag":[],"class_list":{"0":"post-30472","1":"product","2":"type-product","3":"status-publish","4":"has-post-thumbnail","6":"product_cat-recambios-peugeot-106","7":"product_cat-recambios-peugeot-306","8":"product_cat-recambios-peugeot-406","9":"product_cat-recambios-peugeot-806","10":"product_cat-recambios-citroen-berlingo","11":"product_cat-recambios-peugeot-boxer","12":"product_cat-recambios-citroen","13":"product_cat-recambios-fiat-ducato","14":"product_cat-recambios-citroen-evasion","15":"product_cat-recambios-peugeot-expert","16":"product_cat-recambios-fiat","17":"product_cat-recambios-citroen-jumper","18":"product_cat-recambios-citroen-jumpy","19":"product_cat-recambios-lancia","20":"product_cat-recambios-peugeot-partner","21":"product_cat-recambios-peugeot","22":"product_cat-recambios-fiat-scudo","23":"product_cat-recambios-fiat-ulysse","24":"product_cat-recambios-citroen-xm","25":"product_cat-recambios-citroen-xsara","26":"product_cat-recambios-lancia-z","28":"first","29":"outofstock","30":"taxable","31":"shipping-taxable","32":"purchasable","33":"product-type-simple"},"_links":{"self":[{"href":"https:\/\/galicianparts.com\/shop\/wp-json\/wp\/v2\/product\/30472"}],"collection":[{"href":"https:\/\/galicianparts.com\/shop\/wp-json\/wp\/v2\/product"}],"about":[{"href":"https:\/\/galicianparts.com\/shop\/wp-json\/wp\/v2\/types\/product"}],"wp:featuredmedia":[{"embeddable":true,"href":"https:\/\/galicianparts.com\/shop\/wp-json\/wp\/v2\/media\/30473"}],"wp:attachment":[{"href":"https:\/\/galicianparts.com\/shop\/wp-json\/wp\/v2\/media?parent=30472"}],"wp:term":[{"taxonomy":"product_cat","embeddable":true,"href":"https:\/\/galicianparts.com\/shop\/wp-json\/wp\/v2\/product_cat?post=30472"},{"taxonomy":"product_tag","embeddable":true,"href":"https:\/\/galicianparts.com\/shop\/wp-json\/wp\/v2\/product_tag?post=30472"}],"curies":[{"name":"wp","href":"https:\/\/api.w.org\/{rel}","templated":true}]}}