{"id":30539,"date":"2021-09-02T13:54:22","date_gmt":"2021-09-02T11:54:22","guid":{"rendered":"https:\/\/galicianparts.com\/shop\/producto\/40004370-reten-ciguenal-70x85x8-fiat-palio-mille-nuevo-original\/"},"modified":"2021-09-02T13:55:24","modified_gmt":"2021-09-02T11:55:24","slug":"40004370-reten-ciguenal-70x85x8-fiat-palio-mille-nuevo-original","status":"publish","type":"product","link":"https:\/\/galicianparts.com\/shop\/producto\/40004370-reten-ciguenal-70x85x8-fiat-palio-mille-nuevo-original\/","title":{"rendered":"40004370 Ret\u00e9n cig\u00fce\u00f1al 70x85x8 Fiat Palio \/ Mille NUEVO ORIGINAL"},"content":{"rendered":"<p>Ret\u00e9n del cig\u00fce\u00f1al 70x85x8 de la tapa soporte del cig\u00fce\u00f1al de:<br \/>\nFIAT &#8211; XR MILLE 1000cc (1994-1995)<br \/>\nFIAT &#8211; 1X PALIO 2V EXTRA EUROPA 994cc (1997-2002)<\/p>\n<p>LA PIEZA ES NUEVA Y ORIGINAL.<\/p>\n","protected":false},"excerpt":{"rendered":"<p>Ret\u00e9n del cig\u00fce\u00f1al 70x85x8 de la tapa soporte del cig\u00fce\u00f1al de: FIAT &#8211; XR MILLE 1000cc (1994-1995) FIAT &#8211; 1X PALIO 2V EXTRA EUROPA 994cc (1997-2002) LA PIEZA ES NUEVA Y ORIGINAL.<\/p>\n","protected":false},"featured_media":30540,"template":"","meta":{"_seopress_robots_primary_cat":"","_seopress_titles_title":"","_seopress_titles_desc":"","_seopress_robots_index":""},"product_cat":[20,98,114],"product_tag":[],"class_list":{"0":"post-30539","1":"product","2":"type-product","3":"status-publish","4":"has-post-thumbnail","6":"product_cat-recambios-fiat","7":"product_cat-recambios-fiat-palio","8":"product_cat-recambios-fiat-uno","10":"first","11":"instock","12":"taxable","13":"shipping-taxable","14":"purchasable","15":"product-type-simple"},"_links":{"self":[{"href":"https:\/\/galicianparts.com\/shop\/wp-json\/wp\/v2\/product\/30539"}],"collection":[{"href":"https:\/\/galicianparts.com\/shop\/wp-json\/wp\/v2\/product"}],"about":[{"href":"https:\/\/galicianparts.com\/shop\/wp-json\/wp\/v2\/types\/product"}],"wp:featuredmedia":[{"embeddable":true,"href":"https:\/\/galicianparts.com\/shop\/wp-json\/wp\/v2\/media\/30540"}],"wp:attachment":[{"href":"https:\/\/galicianparts.com\/shop\/wp-json\/wp\/v2\/media?parent=30539"}],"wp:term":[{"taxonomy":"product_cat","embeddable":true,"href":"https:\/\/galicianparts.com\/shop\/wp-json\/wp\/v2\/product_cat?post=30539"},{"taxonomy":"product_tag","embeddable":true,"href":"https:\/\/galicianparts.com\/shop\/wp-json\/wp\/v2\/product_tag?post=30539"}],"curies":[{"name":"wp","href":"https:\/\/api.w.org\/{rel}","templated":true}]}}