{"id":30654,"date":"2021-09-03T11:38:52","date_gmt":"2021-09-03T09:38:52","guid":{"rendered":"https:\/\/galicianparts.com\/shop\/producto\/46307675-capuchon-palier-alfa-mito-fiat-punto-stilo-doblo-lancia-ypsilon-nuevo-original\/"},"modified":"2023-09-20T12:51:02","modified_gmt":"2023-09-20T10:51:02","slug":"46307675-capuchon-palier-alfa-mito-fiat-punto-stilo-doblo-lancia-ypsilon-nuevo-original","status":"publish","type":"product","link":"https:\/\/galicianparts.com\/shop\/producto\/46307675-capuchon-palier-alfa-mito-fiat-punto-stilo-doblo-lancia-ypsilon-nuevo-original\/","title":{"rendered":"46307675 Capuch\u00f3n palier Alfa Mito \/ Fiat Punto \/ Stilo \/ Doblo \/ Lancia Ypsilon NUEVO ORIGINAL"},"content":{"rendered":"<p>Capuch\u00f3n del semieje de 22mm di\u00e1metro 1  69mm de di\u00e1metro2 69mm de largo de:<br \/>\nALFA ROMEO MiTo (955) (A\u00f1o 09.2008 &#8211; &#8230;)<br \/>\nFIAT Punto II Hatchback (188) (A\u00f1o 09.1999 &#8211; 07.2012)<br \/>\nFIAT Doblo I Familiar (119, 223) (A\u00f1o 03.2001 &#8211; &#8230;)<br \/>\nFIAT Doblo I Cargo (223) (A\u00f1o 11.2000 &#8211; &#8230;)<br \/>\nFIAT Stilo Hatchback (192) (A\u00f1o 10.2001 &#8211; 11.2010)<br \/>\nFIAT Stilo Multi Wagon (192) (A\u00f1o 01.2003 &#8211; 08.2008)<br \/>\nFIAT Idea (350) (A\u00f1o 12.2003 &#8211; &#8230;)<br \/>\nFIAT Grande Punto Hatchback (199) (A\u00f1o 10.2005 &#8211; &#8230;)<br \/>\nFIAT 500 Hatchback (312) (A\u00f1o 10.2007 &#8211; &#8230;)<br \/>\nFIAT Linea (323, 110) (A\u00f1o 06.2007 &#8211; &#8230;)<br \/>\nFIAT Fiorino III Furg\u00f3n \/ Familiar (225) (A\u00f1o 01.2007 &#8211; &#8230;)<br \/>\nFIAT Qubo (225) (A\u00f1o 02.2008 &#8211; &#8230;)<br \/>\nFIAT Punto Evo Hatchback (199) (A\u00f1o 07.2008 &#8211; &#8230;)<br \/>\nFIAT 500 C Cabrio (312) (A\u00f1o 09.2009 &#8211; &#8230;)<br \/>\nFIAT Punto III Furg\u00f3n (199) (A\u00f1o 02.2006 &#8211; &#8230;)<br \/>\nFIAT Grande Punto Furg\u00f3n \/ Hatchback (199) (A\u00f1o 10.2005 &#8211; 06.2013)<br \/>\nLANCIA Ypsilon II (843) (A\u00f1o 10.2003 &#8211; 12.2011)<br \/>\nLANCIA Musa (350) (A\u00f1o 10.2004 &#8211; 09.2012)<\/p>\n<p>LA PIEZA ES NUEVA Y ORIGINAL.<\/p>\n","protected":false},"excerpt":{"rendered":"<p>Capuch\u00f3n del semieje de 22mm di\u00e1metro 1 69mm de di\u00e1metro2 69mm de largo de: ALFA ROMEO MiTo (955) (A\u00f1o 09.2008 &#8211; &#8230;) FIAT Punto II Hatchback (188) (A\u00f1o 09.1999 &#8211; 07.2012) FIAT Doblo I Familiar (119, 223) (A\u00f1o 03.2001 &#8211; &#8230;) FIAT Doblo I Cargo (223) (A\u00f1o 11.2000 &#8211; &#8230;) FIAT Stilo Hatchback (192) (A\u00f1o [&hellip;]<\/p>\n","protected":false},"featured_media":30655,"template":"","meta":{"_seopress_robots_primary_cat":"","_seopress_titles_title":"","_seopress_titles_desc":"","_seopress_robots_index":""},"product_cat":[74,16,87,20,91,92,93,21,94,47,121,101,346,108,127],"product_tag":[],"class_list":{"0":"post-30654","1":"product","2":"type-product","3":"status-publish","4":"has-post-thumbnail","6":"product_cat-recambios-fiat-500","7":"product_cat-recambios-alfa-romeo","8":"product_cat-recambios-fiat-doblo","9":"product_cat-recambios-fiat","10":"product_cat-recambios-fiat-fiorino","11":"product_cat-recambios-fiat-grande-punto","12":"product_cat-recambios-fiat-idea","13":"product_cat-recambios-lancia","14":"product_cat-recambios-fiat-linea","15":"product_cat-recambios-alfa-romeo-mito","16":"product_cat-recambios-lancia-musa","17":"product_cat-recambios-fiat-punto","18":"product_cat-recambios-fiat-qubo","19":"product_cat-recambios-fiat-stilo","20":"product_cat-recambios-lancia-ypsilon","22":"first","23":"outofstock","24":"taxable","25":"shipping-taxable","26":"purchasable","27":"product-type-simple"},"_links":{"self":[{"href":"https:\/\/galicianparts.com\/shop\/wp-json\/wp\/v2\/product\/30654"}],"collection":[{"href":"https:\/\/galicianparts.com\/shop\/wp-json\/wp\/v2\/product"}],"about":[{"href":"https:\/\/galicianparts.com\/shop\/wp-json\/wp\/v2\/types\/product"}],"wp:featuredmedia":[{"embeddable":true,"href":"https:\/\/galicianparts.com\/shop\/wp-json\/wp\/v2\/media\/30655"}],"wp:attachment":[{"href":"https:\/\/galicianparts.com\/shop\/wp-json\/wp\/v2\/media?parent=30654"}],"wp:term":[{"taxonomy":"product_cat","embeddable":true,"href":"https:\/\/galicianparts.com\/shop\/wp-json\/wp\/v2\/product_cat?post=30654"},{"taxonomy":"product_tag","embeddable":true,"href":"https:\/\/galicianparts.com\/shop\/wp-json\/wp\/v2\/product_tag?post=30654"}],"curies":[{"name":"wp","href":"https:\/\/api.w.org\/{rel}","templated":true}]}}