{"id":30728,"date":"2021-09-06T08:53:35","date_gmt":"2021-09-06T06:53:35","guid":{"rendered":"https:\/\/galicianparts.com\/shop\/producto\/7777069-pack-5-topes-sujecion-faldon-fiat-punto-gt-coupe-nuevo-original\/"},"modified":"2021-09-27T13:11:27","modified_gmt":"2021-09-27T11:11:27","slug":"7777069-pack-5-topes-sujecion-faldon-fiat-punto-gt-coupe-nuevo-original","status":"publish","type":"product","link":"https:\/\/galicianparts.com\/shop\/producto\/7777069-pack-5-topes-sujecion-faldon-fiat-punto-gt-coupe-nuevo-original\/","title":{"rendered":"7777069 Pack 5 Topes sujeci\u00f3n fald\u00f3n Fiat Punto GT \/ Coupe  NUEVO ORIGINAL"},"content":{"rendered":"<p>Set, juego de cinco clips, topes de sujeci\u00f3n del fald\u00f3n de los modelos con carrocer\u00eda 3 puertas de:<br \/>\nFIAT &#8211; PX COUPE&#8217; GAMMA&#8217;96 (1996-2000)<br \/>\nFIAT &#8211; NV PUNTO 55-60-75-90 (1993-1997)<br \/>\nFIAT &#8211; 1N PUNTO BZ (2000-2003)<br \/>\nFIAT &#8211; 1A PUNTO BZ. GAMMA &#8217;97 GT \/ Sporting (1997-1999)<br \/>\nFIAT &#8211; 1C PUNTO CABRIO GAMMA&#8217;97 (1997-2000)<br \/>\nFIAT &#8211; 1P PUNTO DS (2000-2003)<br \/>\nFIAT &#8211; NW PUNTO GT (1993-1997)<\/p>\n<p>LA PIEZA ES NUEVA Y ORIGINAL.<\/p>\n","protected":false},"excerpt":{"rendered":"<p>Set, juego de cinco clips, topes de sujeci\u00f3n del fald\u00f3n de los modelos con carrocer\u00eda 3 puertas de: FIAT &#8211; PX COUPE&#8217; GAMMA&#8217;96 (1996-2000) FIAT &#8211; NV PUNTO 55-60-75-90 (1993-1997) FIAT &#8211; 1N PUNTO BZ (2000-2003) FIAT &#8211; 1A PUNTO BZ. GAMMA &#8217;97 GT \/ Sporting (1997-1999) FIAT &#8211; 1C PUNTO CABRIO GAMMA&#8217;97 (1997-2000) FIAT [&hellip;]<\/p>\n","protected":false},"featured_media":30729,"template":"","meta":{"_seopress_robots_primary_cat":"","_seopress_titles_title":"","_seopress_titles_desc":"","_seopress_robots_index":""},"product_cat":[85,20,101],"product_tag":[],"class_list":{"0":"post-30728","1":"product","2":"type-product","3":"status-publish","4":"has-post-thumbnail","6":"product_cat-recambios-fiat-coupe","7":"product_cat-recambios-fiat","8":"product_cat-recambios-fiat-punto","10":"first","11":"outofstock","12":"taxable","13":"shipping-taxable","14":"purchasable","15":"product-type-simple"},"_links":{"self":[{"href":"https:\/\/galicianparts.com\/shop\/wp-json\/wp\/v2\/product\/30728"}],"collection":[{"href":"https:\/\/galicianparts.com\/shop\/wp-json\/wp\/v2\/product"}],"about":[{"href":"https:\/\/galicianparts.com\/shop\/wp-json\/wp\/v2\/types\/product"}],"wp:featuredmedia":[{"embeddable":true,"href":"https:\/\/galicianparts.com\/shop\/wp-json\/wp\/v2\/media\/30729"}],"wp:attachment":[{"href":"https:\/\/galicianparts.com\/shop\/wp-json\/wp\/v2\/media?parent=30728"}],"wp:term":[{"taxonomy":"product_cat","embeddable":true,"href":"https:\/\/galicianparts.com\/shop\/wp-json\/wp\/v2\/product_cat?post=30728"},{"taxonomy":"product_tag","embeddable":true,"href":"https:\/\/galicianparts.com\/shop\/wp-json\/wp\/v2\/product_tag?post=30728"}],"curies":[{"name":"wp","href":"https:\/\/api.w.org\/{rel}","templated":true}]}}