{"id":30847,"date":"2021-09-07T10:29:33","date_gmt":"2021-09-07T08:29:33","guid":{"rendered":"https:\/\/galicianparts.com\/shop\/producto\/7301404-carter-m2-5-d-td-fiat-ducato-citreoen-c25-peugeot-j5-nuevo-original\/"},"modified":"2022-02-11T12:26:03","modified_gmt":"2022-02-11T10:26:03","slug":"7301404-carter-m2-5-d-td-fiat-ducato-citreoen-c25-peugeot-j5-nuevo-original","status":"publish","type":"product","link":"https:\/\/galicianparts.com\/shop\/producto\/7301404-carter-m2-5-d-td-fiat-ducato-citreoen-c25-peugeot-j5-nuevo-original\/","title":{"rendered":"7301404 C\u00e1rter M2.5 D\/TD Fiat Ducato \/ Citreoen C25 \/ Peugeot J5 NUEVO ORIGINAL"},"content":{"rendered":"<p>Tapa del c\u00e1rter de aceite de los modelos con motor 2500cc di\u00e9sel y turbo di\u00e9sel de:<br \/>\nFIAT PROFESSIONAL &#8211; ND DUCATO 4X4 R.90 (1990-1994)<br \/>\nFIAT PROFESSIONAL &#8211; NA NUOVO DUCATO DS.R.90 (1990-1994)<br \/>\nCITROEN &#8211; C25<br \/>\nPEUGEOT &#8211; J5<\/p>\n<p>LA PIEZA ES NUEVA Y ORIGINAL.<\/p>\n","protected":false},"excerpt":{"rendered":"<p>Tapa del c\u00e1rter de aceite de los modelos con motor 2500cc di\u00e9sel y turbo di\u00e9sel de: FIAT PROFESSIONAL &#8211; ND DUCATO 4X4 R.90 (1990-1994) FIAT PROFESSIONAL &#8211; NA NUOVO DUCATO DS.R.90 (1990-1994) CITROEN &#8211; C25 PEUGEOT &#8211; J5 LA PIEZA ES NUEVA Y ORIGINAL.<\/p>\n","protected":false},"featured_media":30848,"template":"","meta":{"_seopress_robots_primary_cat":"","_seopress_titles_title":"","_seopress_titles_desc":"","_seopress_robots_index":""},"product_cat":[132,23,88,20,157,24],"product_tag":[],"class_list":{"0":"post-30847","1":"product","2":"type-product","3":"status-publish","4":"has-post-thumbnail","6":"product_cat-recambios-citroen-c25","7":"product_cat-recambios-citroen","8":"product_cat-recambios-fiat-ducato","9":"product_cat-recambios-fiat","10":"product_cat-recambios-peugeot-j5","11":"product_cat-recambios-peugeot","13":"first","14":"outofstock","15":"taxable","16":"shipping-taxable","17":"purchasable","18":"product-type-simple"},"_links":{"self":[{"href":"https:\/\/galicianparts.com\/shop\/wp-json\/wp\/v2\/product\/30847"}],"collection":[{"href":"https:\/\/galicianparts.com\/shop\/wp-json\/wp\/v2\/product"}],"about":[{"href":"https:\/\/galicianparts.com\/shop\/wp-json\/wp\/v2\/types\/product"}],"wp:featuredmedia":[{"embeddable":true,"href":"https:\/\/galicianparts.com\/shop\/wp-json\/wp\/v2\/media\/30848"}],"wp:attachment":[{"href":"https:\/\/galicianparts.com\/shop\/wp-json\/wp\/v2\/media?parent=30847"}],"wp:term":[{"taxonomy":"product_cat","embeddable":true,"href":"https:\/\/galicianparts.com\/shop\/wp-json\/wp\/v2\/product_cat?post=30847"},{"taxonomy":"product_tag","embeddable":true,"href":"https:\/\/galicianparts.com\/shop\/wp-json\/wp\/v2\/product_tag?post=30847"}],"curies":[{"name":"wp","href":"https:\/\/api.w.org\/{rel}","templated":true}]}}