{"id":30924,"date":"2021-09-07T14:10:12","date_gmt":"2021-09-07T12:10:12","guid":{"rendered":"https:\/\/galicianparts.com\/shop\/producto\/9642965780-tensor-correa-instrumentos-m-2-0-jtd-hdi-fiat-lancia-peugeot-citroen-nuevooriginal\/"},"modified":"2021-09-30T11:25:53","modified_gmt":"2021-09-30T09:25:53","slug":"9642965780-tensor-correa-instrumentos-m-2-0-jtd-hdi-fiat-lancia-peugeot-citroen-nuevooriginal","status":"publish","type":"product","link":"https:\/\/galicianparts.com\/shop\/producto\/9642965780-tensor-correa-instrumentos-m-2-0-jtd-hdi-fiat-lancia-peugeot-citroen-nuevooriginal\/","title":{"rendered":"9642965780 Tensor correa instrumentos M 2.0 JTD\/HDI FIat \/ Lancia \/ Peugeot \/ Citroen NUEVOORIGINAL"},"content":{"rendered":"<p>Tensor de 50mm de di\u00e1metro por 26mm de ancho de la correa del alternador de los modelos 2000cc JTD y 2000cc HDI de:<br \/>\nCITRO\u00cbN Evasion (22, U6) (A\u00f1o 03.1994 &#8211; 07.2002)<br \/>\nCITRO\u00cbN Jumpy I MPV (A\u00f1o 06.1994 &#8211; 12.2006)<br \/>\nCITRO\u00cbN Berlingo \/ Berlingo First I Furg\u00f3n (M) (A\u00f1o 07.1996 &#8211; 12.2011)<br \/>\nCITRO\u00cbN Berlingo \/ Berlingo First I (MF, GJK, GFK) (A\u00f1o 07.1996 &#8211; 12.2011)<br \/>\nCITRO\u00cbN Xsara Hatchback (N1) (A\u00f1o 04.1997 &#8211; 12.2005)<br \/>\nCITRO\u00cbN Xsara Familiar (N2) (A\u00f1o 10.1997 &#8211; 03.2010)<br \/>\nCITRO\u00cbN Xantia Hatchback (X2) (A\u00f1o 01.1998 &#8211; 04.2003)<br \/>\nCITRO\u00cbN Xantia Familiar (X2) (A\u00f1o 01.1998 &#8211; 04.2003)<br \/>\nCITRO\u00cbN Xsara Coup\u00e9 (N0) (A\u00f1o 01.1998 &#8211; 04.2005)<br \/>\nCITRO\u00cbN Xsara Picasso (N68) (A\u00f1o 12.1999 &#8211; 06.2012)<br \/>\nCITRO\u00cbN Jumpy I Furg\u00f3n (A\u00f1o 06.1994 &#8211; 10.2006)<br \/>\nCITRO\u00cbN Jumpy I Cami\u00f3n de plataforma\/Chasis (A\u00f1o 10.1999 &#8211; 10.2006)<br \/>\nCITRO\u00cbN C5 I Hatchback (A\u00f1o 03.2001 &#8211; 03.2005)<br \/>\nCITRO\u00cbN C5 I Familiar (A\u00f1o 06.2001 &#8211; 08.2004)<br \/>\nCITRO\u00cbN C4 I Berlina (A\u00f1o 07.2006 &#8211; &#8230;)<br \/>\nCITRO\u00cbN Xsara Furg\u00f3n \/ Familiar (A\u00f1o 05.1998 &#8211; 08.2005)<br \/>\nCITRO\u00cbN Xsara Furg\u00f3n \/ Hatchback (N3) (A\u00f1o 05.1998 &#8211; 03.2005)<br \/>\nCITRO\u00cbN Xantia Furg\u00f3n \/ Familiar (X2) (A\u00f1o 01.1998 &#8211; 04.2003)<br \/>\nCITRO\u00cbN C5 Furg\u00f3n \/ Familiar (DE_, RE_) (A\u00f1o 06.2002 &#8211; 01.2008)<br \/>\nFIAT Ulysse I (220) (A\u00f1o 06.1994 &#8211; 08.2002)<br \/>\nFIAT Scudo I Familiar (220) (A\u00f1o 02.1996 &#8211; 12.2006)<br \/>\nFIAT Scudo I Furg\u00f3n (220) (A\u00f1o 02.1996 &#8211; 12.2006)<br \/>\nFIAT Scudo I Cami\u00f3n de plataforma\/Chasis (220) (A\u00f1o 09.1996 &#8211; 12.2006<br \/>\nLANCIA Zeta (220) (A\u00f1o 05.1995 &#8211; 09.2002)<br \/>\nPEUGEOT 306 Hatchback (A\u00f1o 01.1993 &#8211; 10.2003)<br \/>\nPEUGEOT 306 Berlina (A\u00f1o 04.1993 &#8211; 10.2003)<br \/>\nPEUGEOT 406 Berlina (A\u00f1o 10.1995 &#8211; 01.2005)<br \/>\nPEUGEOT 406 Familiar (A\u00f1o 10.1996 &#8211; 10.2004)<br \/>\nPEUGEOT Partner I Furg\u00f3n (A\u00f1o 04.1996 &#8211; 12.2015)<br \/>\nPEUGEOT Partner I Combispace (A\u00f1o 05.1996 &#8211; 12.2015)<br \/>\nPEUGEOT 206 Hatchback (2A\/C) (A\u00f1o 08.1998 &#8211; 12.2012)<br \/>\nPEUGEOT 306 Familiar (A\u00f1o 06.1994 &#8211; 04.2002)<br \/>\nPEUGEOT 307 Hatchback (3A\/C) (A\u00f1o 08.2000 &#8211; 12.2012)<br \/>\nPEUGEOT 307 SW (3H) (A\u00f1o 03.2002 &#8211; 12.2009)<br \/>\nPEUGEOT Boxer Bus (244) (A\u00f1o 12.2001 &#8211; &#8230;)<br \/>\nPEUGEOT Boxer Furg\u00f3n (244) (A\u00f1o 12.2001 &#8211; &#8230;)<br \/>\nPEUGEOT 206 SW (2E\/K) (A\u00f1o 07.2002 &#8211; &#8230;)<br \/>\nPEUGEOT Boxer Cami\u00f3n de plataforma\/Chasis (244) (A\u00f1o 12.2001 &#8211; &#8230;)<br \/>\nPEUGEOT 307 Familiar (3E) (A\u00f1o 03.2002 &#8211; 12.2009)<br \/>\nPEUGEOT 306 Furg\u00f3n \/ Familiar (A\u00f1o 07.1993 &#8211; 08.2002)<br \/>\nPEUGEOT 307 SW Furg\u00f3n \/ Familiar (3E_, 3H_) (A\u00f1o 04.2002 &#8211; 12.2009)<\/p>\n<p>LA PIEZA ES NUEVA Y ORIGINAL.<\/p>\n","protected":false},"excerpt":{"rendered":"<p>Tensor de 50mm de di\u00e1metro por 26mm de ancho de la correa del alternador de los modelos 2000cc JTD y 2000cc HDI de: CITRO\u00cbN Evasion (22, U6) (A\u00f1o 03.1994 &#8211; 07.2002) CITRO\u00cbN Jumpy I MPV (A\u00f1o 06.1994 &#8211; 12.2006) CITRO\u00cbN Berlingo \/ Berlingo First I Furg\u00f3n (M) (A\u00f1o 07.1996 &#8211; 12.2011) CITRO\u00cbN Berlingo \/ Berlingo [&hellip;]<\/p>\n","protected":false},"featured_media":30925,"template":"","meta":{"_seopress_robots_primary_cat":"","_seopress_titles_title":"","_seopress_titles_desc":"","_seopress_robots_index":""},"product_cat":[146,147,148,151,129,134,135,23,188,20,138,21,158,24,104,113,141,143,128],"product_tag":[],"class_list":{"0":"post-30924","1":"product","2":"type-product","3":"status-publish","4":"has-post-thumbnail","6":"product_cat-recambios-peugeot-206","7":"product_cat-recambios-peugeot-306","8":"product_cat-recambios-peugeot-307","9":"product_cat-recambios-peugeot-406","10":"product_cat-recambios-citroen-berlingo","11":"product_cat-recambios-citroen-c4","12":"product_cat-recambios-citroen-c5","13":"product_cat-recambios-citroen","14":"product_cat-recambios-citroen-evasion","15":"product_cat-recambios-fiat","16":"product_cat-recambios-citroen-jumpy","17":"product_cat-recambios-lancia","18":"product_cat-recambios-peugeot-partner","19":"product_cat-recambios-peugeot","20":"product_cat-recambios-fiat-scudo","21":"product_cat-recambios-fiat-ulysse","22":"product_cat-recambios-citroen-xantia","23":"product_cat-recambios-citroen-xsara","24":"product_cat-recambios-lancia-z","26":"first","27":"instock","28":"taxable","29":"shipping-taxable","30":"purchasable","31":"product-type-simple"},"_links":{"self":[{"href":"https:\/\/galicianparts.com\/shop\/wp-json\/wp\/v2\/product\/30924"}],"collection":[{"href":"https:\/\/galicianparts.com\/shop\/wp-json\/wp\/v2\/product"}],"about":[{"href":"https:\/\/galicianparts.com\/shop\/wp-json\/wp\/v2\/types\/product"}],"wp:featuredmedia":[{"embeddable":true,"href":"https:\/\/galicianparts.com\/shop\/wp-json\/wp\/v2\/media\/30925"}],"wp:attachment":[{"href":"https:\/\/galicianparts.com\/shop\/wp-json\/wp\/v2\/media?parent=30924"}],"wp:term":[{"taxonomy":"product_cat","embeddable":true,"href":"https:\/\/galicianparts.com\/shop\/wp-json\/wp\/v2\/product_cat?post=30924"},{"taxonomy":"product_tag","embeddable":true,"href":"https:\/\/galicianparts.com\/shop\/wp-json\/wp\/v2\/product_tag?post=30924"}],"curies":[{"name":"wp","href":"https:\/\/api.w.org\/{rel}","templated":true}]}}