{"id":30930,"date":"2021-09-07T14:27:58","date_gmt":"2021-09-07T12:27:58","guid":{"rendered":"https:\/\/galicianparts.com\/shop\/producto\/9944452-rotula-axial-direccion-fiat-copue-alfa-145-146-155-gtv-spider-nuevo-original\/"},"modified":"2023-11-20T19:42:33","modified_gmt":"2023-11-20T17:42:33","slug":"9944452-rotula-axial-direccion-fiat-copue-alfa-145-146-155-gtv-spider-nuevo-original","status":"publish","type":"product","link":"https:\/\/galicianparts.com\/shop\/producto\/9944452-rotula-axial-direccion-fiat-copue-alfa-145-146-155-gtv-spider-nuevo-original\/","title":{"rendered":"9944452 Rotula axial direcci\u00f3n Fiat Copue \/ Alfa 145 \/ 146 \/ 155 \/ GTV \/ Spider NUEVO ORIGINAL"},"content":{"rendered":"<p>R\u00f3tula Largo total: 304mm rosca m\u00e9trica 1: 14&#215;1,5 rosca m\u00e9trica 2: 12&#215;1.25 Tirante de la cremallera de direcci\u00f3n de:<br \/>\nALFA ROMEO 145 (930) (A\u00f1o 07.1994 &#8211; 01.2001)<br \/>\n1.4 i.e. 16V T.S. (930.A3A), A\u00f1o 12.1996 &#8211; 01.2001, 1370 , 103<br \/>\n1.6 i.e. 16V T.S. (930.A2), A\u00f1o 12.1996 &#8211; 01.2001, 1598 , 120<br \/>\n1.8 i.e. 16V (930.A1A), A\u00f1o 03.1998 &#8211; 01.2001, 1747 , 144<br \/>\n1.8 i.e. 16V T.S. (930.A1A), A\u00f1o 12.1996 &#8211; 12.1998, 1747 , 140<br \/>\n1.9 JTD (930.A4B), A\u00f1o 02.1999 &#8211; 01.2001, 1910 , 105<br \/>\n1.9 TD (930.A4), A\u00f1o 10.1994 &#8211; 02.1999, 1929 , 90<br \/>\n2.0 16V (930.A5), A\u00f1o 03.1998 &#8211; 01.2001, 1970 , 155<br \/>\n2.0 16V T.S. (930.A5), A\u00f1o 10.1995 &#8211; 01.2001, 1970 , 150<br \/>\nALFA ROMEO 155 (167) (A\u00f1o 01.1992 &#8211; 12.1997)<br \/>\n1.6 16V T.S. (167.A6A), A\u00f1o 05.1996 &#8211; 12.1997, 1598 , 120<br \/>\n1.7 T.S., A\u00f1o 04.1993 &#8211; 04.1996, 1748 , 115<br \/>\n1.7 T.S. (167.A4G), A\u00f1o 04.1993 &#8211; 04.1996, 1748 , 113<br \/>\n1.7 T.S. 16V (167.A4N), A\u00f1o 05.1996 &#8211; 12.1997, 1747 , 140<br \/>\n1.8 T.S. (167.A4A, 167.A4C, 167.A4E), A\u00f1o 02.1992 &#8211; 06.1993, 1773 , 129<br \/>\n1.8 T.S. (167.A4C, 167.A), A\u00f1o 02.1992 &#8211; 12.1997, 1756 , 105<br \/>\n1.8 T.S. Sport, A\u00f1o 01.1992 &#8211; 12.1996, 1773 , 127<br \/>\n1.9 TD, A\u00f1o 04.1993 &#8211; 12.1997, 1929 , 90<br \/>\n2.0 16V Turbo Q4, A\u00f1o 01.1992 &#8211; 12.1997, 1995 , 186<br \/>\n2.0 16V Turbo Q4 (167.A2B, 167.A2C, 167.A2E), A\u00f1o 01.1992 &#8211; 12.1997, 1995 , 190<br \/>\n2.0 T.S., A\u00f1o 02.1992 &#8211; 02.1995, 1995 , 141<br \/>\n2.0 T.S., A\u00f1o 02.1992 &#8211; 04.1993, 1995 , 144<br \/>\n2.0 T.S. 16V, A\u00f1o 03.1995 &#8211; 12.1997, 1970 , 150<br \/>\n2.5 TD, A\u00f1o 04.1993 &#8211; 12.1997, 2499 , 125<br \/>\n2.5 V6, A\u00f1o 02.1992 &#8211; 09.1996, 2492 , 165<br \/>\n2.5 V6, A\u00f1o 10.1992 &#8211; 12.1997, 2492 , 163<br \/>\nALFA ROMEO 146 (930) (A\u00f1o 12.1994 &#8211; 01.2001)<br \/>\n1.4 i.e. 16V T.S. (930.B3A), A\u00f1o 11.1996 &#8211; 01.2001, 1370 , 103<br \/>\n1.6 i.e. 16V T.S. (930.B2B), A\u00f1o 11.1996 &#8211; 01.2001, 1598 , 120<br \/>\n1.8 i.e. 16V T.S. (930.B1A), A\u00f1o 11.1996 &#8211; 01.2001, 1747 , 140<br \/>\n1.8 i.e. 16V T.S. (930.B1A), A\u00f1o 03.1998 &#8211; 01.2001, 1747 , 144<br \/>\n1.9 JTD (930.B4B), A\u00f1o 02.1999 &#8211; 01.2001, 1910 , 105<br \/>\n1.9 TD (930.B4A), A\u00f1o 12.1994 &#8211; 02.1999, 1929 , 90<br \/>\n2.0 16V (930.B5), A\u00f1o 03.1998 &#8211; 01.2001, 1970 , 155<br \/>\n2.0 16V T.S. (930.B5), A\u00f1o 10.1995 &#8211; 01.2001, 1970 , 150<br \/>\nALFA ROMEO GTV (916, 916C) (A\u00f1o 09.1994 &#8211; 10.2005)<br \/>\n2.0 T.SPARK 16V, A\u00f1o 06.1995 &#8211; 10.2005, 1970 , 150<br \/>\n2.0 V6 Turbo, A\u00f1o 06.1995 &#8211; 09.1998, 1996 , 202<br \/>\n3.0 V6 24V, A\u00f1o 10.1996 &#8211; 10.2000, 2959 , 220<br \/>\nALFA ROMEO Spider (916, 916S) (A\u00f1o 09.1994 &#8211; 04.2005)<br \/>\n2.0 T.SPARK 16V, A\u00f1o 06.1995 &#8211; 04.2005, 1970 , 150<br \/>\n3.0 V6, A\u00f1o 06.1995 &#8211; 04.2005, 2959 , 192<br \/>\nFIAT Coupe (175) (A\u00f1o 11.1993 &#8211; 08.2000)<br \/>\n2.0 16V, A\u00f1o 11.1993 &#8211; 08.1996, 1995 , 139<br \/>\n2.0 16V Turbo, A\u00f1o 11.1993 &#8211; 08.1996, 1995 , 190<\/p>\n<p>LA PIEZA ES NUEVA Y ORIGINAL.<\/p>\n","protected":false},"excerpt":{"rendered":"<p>R\u00f3tula Largo total: 304mm rosca m\u00e9trica 1: 14&#215;1,5 rosca m\u00e9trica 2: 12&#215;1.25 Tirante de la cremallera de direcci\u00f3n de: ALFA ROMEO 145 (930) (A\u00f1o 07.1994 &#8211; 01.2001) 1.4 i.e. 16V T.S. (930.A3A), A\u00f1o 12.1996 &#8211; 01.2001, 1370 , 103 1.6 i.e. 16V T.S. (930.A2), A\u00f1o 12.1996 &#8211; 01.2001, 1598 , 120 1.8 i.e. 16V (930.A1A), [&hellip;]<\/p>\n","protected":false},"featured_media":30931,"template":"","meta":{"_seopress_robots_primary_cat":"","_seopress_titles_title":"","_seopress_titles_desc":"","_seopress_robots_index":""},"product_cat":[45,46,48,16,85,20,55,56],"product_tag":[],"class_list":{"0":"post-30930","1":"product","2":"type-product","3":"status-publish","4":"has-post-thumbnail","6":"product_cat-recambios-alfa-romeo-145","7":"product_cat-recambios-alfa-romeo-146","8":"product_cat-recambios-alfa-romeo-155","9":"product_cat-recambios-alfa-romeo","10":"product_cat-recambios-fiat-coupe","11":"product_cat-recambios-fiat","12":"product_cat-recambios-alfa-romeo-gtv","13":"product_cat-recambios-alfa-romeo-spider","15":"first","16":"outofstock","17":"taxable","18":"shipping-taxable","19":"purchasable","20":"product-type-simple"},"_links":{"self":[{"href":"https:\/\/galicianparts.com\/shop\/wp-json\/wp\/v2\/product\/30930"}],"collection":[{"href":"https:\/\/galicianparts.com\/shop\/wp-json\/wp\/v2\/product"}],"about":[{"href":"https:\/\/galicianparts.com\/shop\/wp-json\/wp\/v2\/types\/product"}],"wp:featuredmedia":[{"embeddable":true,"href":"https:\/\/galicianparts.com\/shop\/wp-json\/wp\/v2\/media\/30931"}],"wp:attachment":[{"href":"https:\/\/galicianparts.com\/shop\/wp-json\/wp\/v2\/media?parent=30930"}],"wp:term":[{"taxonomy":"product_cat","embeddable":true,"href":"https:\/\/galicianparts.com\/shop\/wp-json\/wp\/v2\/product_cat?post=30930"},{"taxonomy":"product_tag","embeddable":true,"href":"https:\/\/galicianparts.com\/shop\/wp-json\/wp\/v2\/product_tag?post=30930"}],"curies":[{"name":"wp","href":"https:\/\/api.w.org\/{rel}","templated":true}]}}