{"id":31067,"date":"2021-09-08T13:52:08","date_gmt":"2021-09-08T11:52:08","guid":{"rendered":"https:\/\/galicianparts.com\/shop\/producto\/9629471780-tensor-correa-instrumentos-m-1-9-d-fiat-citroen-peugeot-nuevo-original\/"},"modified":"2025-04-14T19:44:59","modified_gmt":"2025-04-14T17:44:59","slug":"9629471780-tensor-correa-instrumentos-m-1-9-d-fiat-citroen-peugeot-nuevo-original","status":"publish","type":"product","link":"https:\/\/galicianparts.com\/shop\/producto\/9629471780-tensor-correa-instrumentos-m-1-9-d-fiat-citroen-peugeot-nuevo-original\/","title":{"rendered":"9629471780 Tensor correa instrumentos M 1.9D Fiat \/Citroen \/Peugeot NUEVO ORIGINAL"},"content":{"rendered":"<p>Tensor de 85mm de di\u00e1metro por 26mm de ancho de la correa del alternador de los modelos con motor 1900cc di\u00e9sel de:<br \/>\nCITRO\u00cbN Jumpy I MPV (A\u00f1o 06.1994 &#8211; 12.2006)<br \/>\nCITRO\u00cbN Berlingo \/ Berlingo First I Furg\u00f3n (M) (A\u00f1o 07.1996 &#8211; 12.2011)<br \/>\nCITRO\u00cbN Berlingo \/ Berlingo First I (MF, GJK, GFK) (A\u00f1o 07.1996 &#8211; 12.2011)<br \/>\nCITRO\u00cbN Jumpy I Furg\u00f3n (A\u00f1o 06.1994 &#8211; 10.2006)<br \/>\nFIAT Scudo I Familiar (220) (A\u00f1o 02.1996 &#8211; 12.2006)<br \/>\nFIAT Scudo I Furg\u00f3n (220) (A\u00f1o 02.1996 &#8211; 12.2006)<br \/>\nFIAT Scudo I Cami\u00f3n de plataforma\/Chasis (220) (A\u00f1o 09.1996 &#8211; 12.2006)<br \/>\nPEUGEOT 306 Hatchback (A\u00f1o 01.1993 &#8211; 10.2003)<br \/>\nPEUGEOT 306 Berlina (A\u00f1o 04.1993 &#8211; 10.2003)<br \/>\nPEUGEOT Expert I (224) (A\u00f1o 10.1995 &#8211; 12.2006)<br \/>\nPEUGEOT Partner I Furg\u00f3n (A\u00f1o 04.1996 &#8211; 12.2015)<br \/>\nPEUGEOT Partner I Combispace (A\u00f1o 05.1996 &#8211; 12.2015)<br \/>\nPEUGEOT Expert I Furg\u00f3n (A\u00f1o 07.1995 &#8211; 12.2006)<br \/>\nPEUGEOT Expert I Cami\u00f3n de plataforma\/Chasis (A\u00f1o 12.1995 &#8211; 12.2006)<br \/>\nPEUGEOT 206 Hatchback (2A\/C) (A\u00f1o 08.1998 &#8211; 12.2012)<br \/>\nPEUGEOT 306 Familiar (A\u00f1o 06.1994 &#8211; 04.2002)<br \/>\nPEUGEOT 206 Furg\u00f3n (A\u00f1o 04.1999 &#8211; 03.2009)<br \/>\nPEUGEOT 306 Furg\u00f3n \/ Hatchback (A\u00f1o 04.1993 &#8211; 08.2001)<\/p>\n<p>LA PIEZA ES NUEVA Y ORIGINAL.<\/p>\n","protected":false},"excerpt":{"rendered":"<p>Tensor de 85mm de di\u00e1metro por 26mm de ancho de la correa del alternador de los modelos con motor 1900cc di\u00e9sel de: CITRO\u00cbN Jumpy I MPV (A\u00f1o 06.1994 &#8211; 12.2006) CITRO\u00cbN Berlingo \/ Berlingo First I Furg\u00f3n (M) (A\u00f1o 07.1996 &#8211; 12.2011) CITRO\u00cbN Berlingo \/ Berlingo First I (MF, GJK, GFK) (A\u00f1o 07.1996 &#8211; 12.2011) [&hellip;]<\/p>\n","protected":false},"featured_media":31068,"template":"","meta":{"_seopress_robots_primary_cat":"","_seopress_titles_title":"","_seopress_titles_desc":"","_seopress_robots_index":""},"product_cat":[146,147,129,23,156,20,138,158,24,104],"product_tag":[],"class_list":{"0":"post-31067","1":"product","2":"type-product","3":"status-publish","4":"has-post-thumbnail","6":"product_cat-recambios-peugeot-206","7":"product_cat-recambios-peugeot-306","8":"product_cat-recambios-citroen-berlingo","9":"product_cat-recambios-citroen","10":"product_cat-recambios-peugeot-expert","11":"product_cat-recambios-fiat","12":"product_cat-recambios-citroen-jumpy","13":"product_cat-recambios-peugeot-partner","14":"product_cat-recambios-peugeot","15":"product_cat-recambios-fiat-scudo","17":"first","18":"outofstock","19":"taxable","20":"shipping-taxable","21":"purchasable","22":"product-type-simple"},"_links":{"self":[{"href":"https:\/\/galicianparts.com\/shop\/wp-json\/wp\/v2\/product\/31067"}],"collection":[{"href":"https:\/\/galicianparts.com\/shop\/wp-json\/wp\/v2\/product"}],"about":[{"href":"https:\/\/galicianparts.com\/shop\/wp-json\/wp\/v2\/types\/product"}],"wp:featuredmedia":[{"embeddable":true,"href":"https:\/\/galicianparts.com\/shop\/wp-json\/wp\/v2\/media\/31068"}],"wp:attachment":[{"href":"https:\/\/galicianparts.com\/shop\/wp-json\/wp\/v2\/media?parent=31067"}],"wp:term":[{"taxonomy":"product_cat","embeddable":true,"href":"https:\/\/galicianparts.com\/shop\/wp-json\/wp\/v2\/product_cat?post=31067"},{"taxonomy":"product_tag","embeddable":true,"href":"https:\/\/galicianparts.com\/shop\/wp-json\/wp\/v2\/product_tag?post=31067"}],"curies":[{"name":"wp","href":"https:\/\/api.w.org\/{rel}","templated":true}]}}