{"id":31160,"date":"2021-09-09T12:15:02","date_gmt":"2021-09-09T10:15:02","guid":{"rendered":"https:\/\/galicianparts.com\/shop\/producto\/71737616-cableado-cambio-m1-3-jtd-fiat-punto-idea-lancia-musa-ypsilon-nuevo-original\/"},"modified":"2024-02-09T12:55:40","modified_gmt":"2024-02-09T10:55:40","slug":"71737616-cableado-cambio-m1-3-jtd-fiat-punto-idea-lancia-musa-ypsilon-nuevo-original","status":"publish","type":"product","link":"https:\/\/galicianparts.com\/shop\/producto\/71737616-cableado-cambio-m1-3-jtd-fiat-punto-idea-lancia-musa-ypsilon-nuevo-original\/","title":{"rendered":"71737616 Cableado selector cambio robotizado Fiat Punto \/ Idea \/ Lancia Ypsilon \/ Musa NUEVO ORIGINAL"},"content":{"rendered":"<p>Instalaci\u00f3n el\u00e9ctrica del selector del cambio autom\u00e1tico selespeed de los modelos con motor 1300cc JTD de:<br \/>\nFIAT &#8211; 2S IDEA (2003-2008)<br \/>\nFIAT &#8211; 4D IDEA (2008-2012)<br \/>\nFIAT &#8211; 2U PUNTO FL.&#8217;03 (2003-2010)<br \/>\nLANCIA &#8211; TG MUSA (2004-2007)<br \/>\nLANCIA &#8211; TE YPSILON (2003-2009)<br \/>\nLANCIA &#8211; TI YPSILON (2009-2011)<\/p>\n<p>LA PIEZA ES NUEVA Y ORIGINAL.<\/p>\n","protected":false},"excerpt":{"rendered":"<p>Instalaci\u00f3n el\u00e9ctrica del selector del cambio autom\u00e1tico selespeed de los modelos con motor 1300cc JTD de: FIAT &#8211; 2S IDEA (2003-2008) FIAT &#8211; 4D IDEA (2008-2012) FIAT &#8211; 2U PUNTO FL.&#8217;03 (2003-2010) LANCIA &#8211; TG MUSA (2004-2007) LANCIA &#8211; TE YPSILON (2003-2009) LANCIA &#8211; TI YPSILON (2009-2011) LA PIEZA ES NUEVA Y ORIGINAL.<\/p>\n","protected":false},"featured_media":31161,"template":"","meta":{"_seopress_robots_primary_cat":"","_seopress_titles_title":"","_seopress_titles_desc":"","_seopress_robots_index":""},"product_cat":[20,93,21,121,101,127],"product_tag":[],"class_list":{"0":"post-31160","1":"product","2":"type-product","3":"status-publish","4":"has-post-thumbnail","6":"product_cat-recambios-fiat","7":"product_cat-recambios-fiat-idea","8":"product_cat-recambios-lancia","9":"product_cat-recambios-lancia-musa","10":"product_cat-recambios-fiat-punto","11":"product_cat-recambios-lancia-ypsilon","13":"first","14":"outofstock","15":"taxable","16":"shipping-taxable","17":"purchasable","18":"product-type-simple"},"_links":{"self":[{"href":"https:\/\/galicianparts.com\/shop\/wp-json\/wp\/v2\/product\/31160"}],"collection":[{"href":"https:\/\/galicianparts.com\/shop\/wp-json\/wp\/v2\/product"}],"about":[{"href":"https:\/\/galicianparts.com\/shop\/wp-json\/wp\/v2\/types\/product"}],"wp:featuredmedia":[{"embeddable":true,"href":"https:\/\/galicianparts.com\/shop\/wp-json\/wp\/v2\/media\/31161"}],"wp:attachment":[{"href":"https:\/\/galicianparts.com\/shop\/wp-json\/wp\/v2\/media?parent=31160"}],"wp:term":[{"taxonomy":"product_cat","embeddable":true,"href":"https:\/\/galicianparts.com\/shop\/wp-json\/wp\/v2\/product_cat?post=31160"},{"taxonomy":"product_tag","embeddable":true,"href":"https:\/\/galicianparts.com\/shop\/wp-json\/wp\/v2\/product_tag?post=31160"}],"curies":[{"name":"wp","href":"https:\/\/api.w.org\/{rel}","templated":true}]}}