{"id":31173,"date":"2021-09-09T13:19:19","date_gmt":"2021-09-09T11:19:19","guid":{"rendered":"https:\/\/galicianparts.com\/shop\/producto\/46308465-capuchon-palier-fiat-lancia-alfa-romeo-kia-nuevo-original\/"},"modified":"2026-03-02T21:07:45","modified_gmt":"2026-03-02T19:07:45","slug":"46308465-capuchon-palier-fiat-lancia-alfa-romeo-kia-nuevo-original","status":"publish","type":"product","link":"https:\/\/galicianparts.com\/shop\/producto\/46308465-capuchon-palier-fiat-lancia-alfa-romeo-kia-nuevo-original\/","title":{"rendered":"46308465 Capuch\u00f3n palier Fiat \/ Lancia \/ Alfa Romeo \/ Kia NUEVO ORIGINAL"},"content":{"rendered":"<p>Capuch\u00f3n del semieje de 126mm de altura por 26.5m de di\u00e1metro1 por 87mm de di\u00e1metro2 de:<br \/>\nALFA ROMEO MiTo (955) (A\u00f1o 09.2008 &#8211; &#8230;)<br \/>\nALFA ROMEO Giulietta Hatchback (940) (A\u00f1o 04.2010 &#8211; &#8230;)<br \/>\nALFA ROMEO 4C Coup\u00e9 (960_) (A\u00f1o 03.2013 &#8211; &#8230;)<br \/>\nALFA ROMEO 4C Spider (961_) (A\u00f1o 10.2014 &#8211; &#8230;)<br \/>\nFIAT Stilo Hatchback (192) (A\u00f1o 10.2001 &#8211; 11.2010)<br \/>\nFIAT Stilo Multi Wagon (192) (A\u00f1o 01.2003 &#8211; 08.2008)<br \/>\nFIAT Grande Punto Hatchback (199) (A\u00f1o 10.2005 &#8211; &#8230;)<br \/>\nFIAT Bravo II Hatchback (198) (A\u00f1o 11.2006 &#8211; &#8230;)<br \/>\nFIAT Linea (323, 110) (A\u00f1o 06.2007 &#8211; &#8230;)<br \/>\nFIAT Punto Evo Hatchback (199) (A\u00f1o 07.2008 &#8211; &#8230;)<br \/>\nFIAT Doblo II Familiar (263) (A\u00f1o 11.2009 &#8211; &#8230;)<br \/>\nFIAT Doblo II Furg\u00f3n \/ Familiar (263) (A\u00f1o 02.2010 &#8211; &#8230;)<br \/>\nFIAT Punto III Furg\u00f3n (199) (A\u00f1o 02.2006 &#8211; &#8230;)<br \/>\nFIAT Punto III Hatchback (199) (A\u00f1o 03.2012 &#8211; &#8230;)<br \/>\nFIAT 500L (351, 352) (A\u00f1o 09.2012 &#8211; &#8230;)<br \/>\nKIA Sorento I (JC) (A\u00f1o 08.2002 &#8211; &#8230;)<br \/>\nLANCIA Delta III (844) (A\u00f1o 08.2008 &#8211; 08.2014)<\/p>\n<p>LA PIEZA ES NUEVA Y ORIGINAL.<\/p>\n","protected":false},"excerpt":{"rendered":"<p>Capuch\u00f3n del semieje de 126mm de altura por 26.5m de di\u00e1metro1 por 87mm de di\u00e1metro2 de: ALFA ROMEO MiTo (955) (A\u00f1o 09.2008 &#8211; &#8230;) ALFA ROMEO Giulietta Hatchback (940) (A\u00f1o 04.2010 &#8211; &#8230;) ALFA ROMEO 4C Coup\u00e9 (960_) (A\u00f1o 03.2013 &#8211; &#8230;) ALFA ROMEO 4C Spider (961_) (A\u00f1o 10.2014 &#8211; &#8230;) FIAT Stilo Hatchback (192) [&hellip;]<\/p>\n","protected":false},"featured_media":31174,"template":"","meta":{"_seopress_robots_primary_cat":"","_seopress_titles_title":"","_seopress_titles_desc":"","_seopress_robots_index":""},"product_cat":[192,74,16,82,118,87,20,53,92,22,21,94,47,101,278,108],"product_tag":[],"class_list":{"0":"post-31173","1":"product","2":"type-product","3":"status-publish","4":"has-post-thumbnail","6":"product_cat-recambios-alfa-romeo-4c","7":"product_cat-recambios-fiat-500","8":"product_cat-recambios-alfa-romeo","9":"product_cat-recambios-fiat-bravo","10":"product_cat-recambios-lancia-delta","11":"product_cat-recambios-fiat-doblo","12":"product_cat-recambios-fiat","13":"product_cat-recambios-alfa-romeo-giulietta","14":"product_cat-recambios-fiat-grande-punto","15":"product_cat-recambios-kia","16":"product_cat-recambios-lancia","17":"product_cat-recambios-fiat-linea","18":"product_cat-recambios-alfa-romeo-mito","19":"product_cat-recambios-fiat-punto","20":"product_cat-recambios-kia-sorento","21":"product_cat-recambios-fiat-stilo","23":"first","24":"outofstock","25":"taxable","26":"shipping-taxable","27":"purchasable","28":"product-type-simple"},"_links":{"self":[{"href":"https:\/\/galicianparts.com\/shop\/wp-json\/wp\/v2\/product\/31173"}],"collection":[{"href":"https:\/\/galicianparts.com\/shop\/wp-json\/wp\/v2\/product"}],"about":[{"href":"https:\/\/galicianparts.com\/shop\/wp-json\/wp\/v2\/types\/product"}],"wp:featuredmedia":[{"embeddable":true,"href":"https:\/\/galicianparts.com\/shop\/wp-json\/wp\/v2\/media\/31174"}],"wp:attachment":[{"href":"https:\/\/galicianparts.com\/shop\/wp-json\/wp\/v2\/media?parent=31173"}],"wp:term":[{"taxonomy":"product_cat","embeddable":true,"href":"https:\/\/galicianparts.com\/shop\/wp-json\/wp\/v2\/product_cat?post=31173"},{"taxonomy":"product_tag","embeddable":true,"href":"https:\/\/galicianparts.com\/shop\/wp-json\/wp\/v2\/product_tag?post=31173"}],"curies":[{"name":"wp","href":"https:\/\/api.w.org\/{rel}","templated":true}]}}