{"id":31192,"date":"2021-09-09T14:04:16","date_gmt":"2021-09-09T12:04:16","guid":{"rendered":"https:\/\/galicianparts.com\/shop\/producto\/12057980-conexion-electrica-3-vias-fiat-uno-mondo-1995-2010-nuevo-original\/"},"modified":"2021-09-09T14:08:08","modified_gmt":"2021-09-09T12:08:08","slug":"12057980-conexion-electrica-3-vias-fiat-uno-mondo-1995-2010-nuevo-original","status":"publish","type":"product","link":"https:\/\/galicianparts.com\/shop\/producto\/12057980-conexion-electrica-3-vias-fiat-uno-mondo-1995-2010-nuevo-original\/","title":{"rendered":"12057980 Conexi\u00f3n el\u00e9ctrica 3 v\u00edas Fiat Uno Mondo (1995-2010) NUEVO ORIGINAL"},"content":{"rendered":"<p>Ficha de conexi\u00f3n el\u00e9ctrica de tres v\u00edas de:<br \/>\nFIAT &#8211; 1D UNO MONDO (1995-2010)<\/p>\n<p>LA PIEZA ES NUEVA Y ORIGINAL.<\/p>\n","protected":false},"excerpt":{"rendered":"<p>Ficha de conexi\u00f3n el\u00e9ctrica de tres v\u00edas de: FIAT &#8211; 1D UNO MONDO (1995-2010) LA PIEZA ES NUEVA Y ORIGINAL.<\/p>\n","protected":false},"featured_media":31193,"template":"","meta":{"_seopress_robots_primary_cat":"","_seopress_titles_title":"","_seopress_titles_desc":"","_seopress_robots_index":""},"product_cat":[20,114],"product_tag":[],"class_list":{"0":"post-31192","1":"product","2":"type-product","3":"status-publish","4":"has-post-thumbnail","6":"product_cat-recambios-fiat","7":"product_cat-recambios-fiat-uno","9":"first","10":"instock","11":"taxable","12":"shipping-taxable","13":"purchasable","14":"product-type-simple"},"_links":{"self":[{"href":"https:\/\/galicianparts.com\/shop\/wp-json\/wp\/v2\/product\/31192"}],"collection":[{"href":"https:\/\/galicianparts.com\/shop\/wp-json\/wp\/v2\/product"}],"about":[{"href":"https:\/\/galicianparts.com\/shop\/wp-json\/wp\/v2\/types\/product"}],"wp:featuredmedia":[{"embeddable":true,"href":"https:\/\/galicianparts.com\/shop\/wp-json\/wp\/v2\/media\/31193"}],"wp:attachment":[{"href":"https:\/\/galicianparts.com\/shop\/wp-json\/wp\/v2\/media?parent=31192"}],"wp:term":[{"taxonomy":"product_cat","embeddable":true,"href":"https:\/\/galicianparts.com\/shop\/wp-json\/wp\/v2\/product_cat?post=31192"},{"taxonomy":"product_tag","embeddable":true,"href":"https:\/\/galicianparts.com\/shop\/wp-json\/wp\/v2\/product_tag?post=31192"}],"curies":[{"name":"wp","href":"https:\/\/api.w.org\/{rel}","templated":true}]}}