{"id":31234,"date":"2021-09-10T09:45:58","date_gmt":"2021-09-10T07:45:58","guid":{"rendered":"https:\/\/galicianparts.com\/shop\/producto\/51704854-tope-sujecion-varilla-capo-fiat-panda-2003-nuevo-original\/"},"modified":"2025-03-10T20:49:55","modified_gmt":"2025-03-10T18:49:55","slug":"51704854-tope-sujecion-varilla-capo-fiat-panda-2003-nuevo-original","status":"publish","type":"product","link":"https:\/\/galicianparts.com\/shop\/producto\/51704854-tope-sujecion-varilla-capo-fiat-panda-2003-nuevo-original\/","title":{"rendered":"51704854 Tope sujeci\u00f3n varilla cap\u00f3 Fiat Panda (2003-&#8230;) NUEVO ORIGINAL"},"content":{"rendered":"<p>Tope, clip de anclaje de la varilla del cap\u00f3 de:<br \/>\nFIAT &#8211; 2Q NUOVA PANDA (2003-2009)<br \/>\nFIAT &#8211; 33 NUOVA PANDA (2012-&#8230;.)<br \/>\nFIAT &#8211; 71 PANDA CLASSIC (2012-2012)<br \/>\nFIAT &#8211; 3U PANDA MY 2009 (2009-2010)<br \/>\nFIAT &#8211; 0X PANDA MY 2011 (2010-2011)<\/p>\n<p>LA PIEZA ES NUEVA Y ORIGINAL.<\/p>\n","protected":false},"excerpt":{"rendered":"<p>Tope, clip de anclaje de la varilla del cap\u00f3 de: FIAT &#8211; 2Q NUOVA PANDA (2003-2009) FIAT &#8211; 33 NUOVA PANDA (2012-&#8230;.) FIAT &#8211; 71 PANDA CLASSIC (2012-2012) FIAT &#8211; 3U PANDA MY 2009 (2009-2010) FIAT &#8211; 0X PANDA MY 2011 (2010-2011) LA PIEZA ES NUEVA Y ORIGINAL.<\/p>\n","protected":false},"featured_media":31235,"template":"","meta":{"_seopress_robots_primary_cat":"","_seopress_titles_title":"","_seopress_titles_desc":"","_seopress_robots_index":""},"product_cat":[20,99],"product_tag":[],"class_list":{"0":"post-31234","1":"product","2":"type-product","3":"status-publish","4":"has-post-thumbnail","6":"product_cat-recambios-fiat","7":"product_cat-recambios-fiat-panda","9":"first","10":"instock","11":"taxable","12":"shipping-taxable","13":"purchasable","14":"product-type-simple"},"_links":{"self":[{"href":"https:\/\/galicianparts.com\/shop\/wp-json\/wp\/v2\/product\/31234"}],"collection":[{"href":"https:\/\/galicianparts.com\/shop\/wp-json\/wp\/v2\/product"}],"about":[{"href":"https:\/\/galicianparts.com\/shop\/wp-json\/wp\/v2\/types\/product"}],"wp:featuredmedia":[{"embeddable":true,"href":"https:\/\/galicianparts.com\/shop\/wp-json\/wp\/v2\/media\/31235"}],"wp:attachment":[{"href":"https:\/\/galicianparts.com\/shop\/wp-json\/wp\/v2\/media?parent=31234"}],"wp:term":[{"taxonomy":"product_cat","embeddable":true,"href":"https:\/\/galicianparts.com\/shop\/wp-json\/wp\/v2\/product_cat?post=31234"},{"taxonomy":"product_tag","embeddable":true,"href":"https:\/\/galicianparts.com\/shop\/wp-json\/wp\/v2\/product_tag?post=31234"}],"curies":[{"name":"wp","href":"https:\/\/api.w.org\/{rel}","templated":true}]}}