{"id":31295,"date":"2021-09-10T12:00:19","date_gmt":"2021-09-10T10:00:19","guid":{"rendered":"https:\/\/galicianparts.com\/shop\/producto\/46786482-cable-guia-asiento-izq-alfa-romeo-147-gt-lancia-ypsilon-nuevo-original\/"},"modified":"2021-09-13T14:17:42","modified_gmt":"2021-09-13T12:17:42","slug":"46786482-cable-guia-asiento-izq-alfa-romeo-147-gt-lancia-ypsilon-nuevo-original","status":"publish","type":"product","link":"https:\/\/galicianparts.com\/shop\/producto\/46786482-cable-guia-asiento-izq-alfa-romeo-147-gt-lancia-ypsilon-nuevo-original\/","title":{"rendered":"46786482 Cable gu\u00eda asiento izq. Alfa Romeo 147 \/ GT \/ Lancia Ypsil\u00f3n NUEVO ORIGINAL"},"content":{"rendered":"<p>Cable de la gu\u00eda del asiento izquierdo de los modelos con carrocer\u00eda tres puertas de:<br \/>\nALFA ROMEO &#8211; W8 147 BZ\/DS (2000-2010)<br \/>\nALFA ROMEO &#8211; X2 GT (2003-2010)<br \/>\nLANCIA &#8211; TE YPSILON (2006-2009)<br \/>\nLANCIA &#8211; TI YPSILON (2009-2011)<\/p>\n<p>LA PIEZA ES NUEVA Y ORIGINAL.<\/p>\n","protected":false},"excerpt":{"rendered":"<p>Cable de la gu\u00eda del asiento izquierdo de los modelos con carrocer\u00eda tres puertas de: ALFA ROMEO &#8211; W8 147 BZ\/DS (2000-2010) ALFA ROMEO &#8211; X2 GT (2003-2010) LANCIA &#8211; TE YPSILON (2006-2009) LANCIA &#8211; TI YPSILON (2009-2011) LA PIEZA ES NUEVA Y ORIGINAL.<\/p>\n","protected":false},"featured_media":31296,"template":"","meta":{"_seopress_robots_primary_cat":"","_seopress_titles_title":"","_seopress_titles_desc":"","_seopress_robots_index":""},"product_cat":[44,16,50,21,127],"product_tag":[],"class_list":{"0":"post-31295","1":"product","2":"type-product","3":"status-publish","4":"has-post-thumbnail","6":"product_cat-recambios-alfa-romeo-147","7":"product_cat-recambios-alfa-romeo","8":"product_cat-recambios-alfa-romeo-gt","9":"product_cat-recambios-lancia","10":"product_cat-recambios-lancia-ypsilon","12":"first","13":"outofstock","14":"taxable","15":"shipping-taxable","16":"purchasable","17":"product-type-simple"},"_links":{"self":[{"href":"https:\/\/galicianparts.com\/shop\/wp-json\/wp\/v2\/product\/31295"}],"collection":[{"href":"https:\/\/galicianparts.com\/shop\/wp-json\/wp\/v2\/product"}],"about":[{"href":"https:\/\/galicianparts.com\/shop\/wp-json\/wp\/v2\/types\/product"}],"wp:featuredmedia":[{"embeddable":true,"href":"https:\/\/galicianparts.com\/shop\/wp-json\/wp\/v2\/media\/31296"}],"wp:attachment":[{"href":"https:\/\/galicianparts.com\/shop\/wp-json\/wp\/v2\/media?parent=31295"}],"wp:term":[{"taxonomy":"product_cat","embeddable":true,"href":"https:\/\/galicianparts.com\/shop\/wp-json\/wp\/v2\/product_cat?post=31295"},{"taxonomy":"product_tag","embeddable":true,"href":"https:\/\/galicianparts.com\/shop\/wp-json\/wp\/v2\/product_tag?post=31295"}],"curies":[{"name":"wp","href":"https:\/\/api.w.org\/{rel}","templated":true}]}}