{"id":31327,"date":"2021-09-10T13:30:59","date_gmt":"2021-09-10T11:30:59","guid":{"rendered":"https:\/\/galicianparts.com\/shop\/producto\/735298596-pack-5-topes-sujecion-aislante-alfa-romeo-147-gt-lancia-thesis-nuevo-original\/"},"modified":"2022-06-20T11:55:25","modified_gmt":"2022-06-20T09:55:25","slug":"735298596-pack-5-topes-sujecion-aislante-alfa-romeo-147-gt-lancia-thesis-nuevo-original","status":"publish","type":"product","link":"https:\/\/galicianparts.com\/shop\/producto\/735298596-pack-5-topes-sujecion-aislante-alfa-romeo-147-gt-lancia-thesis-nuevo-original\/","title":{"rendered":"735298596 Pack 5 topes sujeci\u00f3n aislante Alfa Romeo 147 \/ GT \/ Lancia Thesis NUEVO ORIGINAL"},"content":{"rendered":"<p>Pack de cinco topes de 8mm de di\u00e1metro para la sujeci\u00f3n del aislante del cap\u00f3 de:<br \/>\nALFA ROMEO &#8211; W8 147 BZ\/DS (2000-2010) <\/p>\n<p>Pack de cinco topes de 8mm de di\u00e1metro para la sujeci\u00f3n del aislante del maletero de:<br \/>\nALFA ROMEO &#8211; X2 GT (2003-2010)<br \/>\nLANCIA &#8211; SJ THESIS (2001-2007)<\/p>\n<p>LA PIEZA ES NUEVA Y ORIGINAL.<\/p>\n","protected":false},"excerpt":{"rendered":"<p>Pack de cinco topes de 8mm de di\u00e1metro para la sujeci\u00f3n del aislante del cap\u00f3 de: ALFA ROMEO &#8211; W8 147 BZ\/DS (2000-2010) Pack de cinco topes de 8mm de di\u00e1metro para la sujeci\u00f3n del aislante del maletero de: ALFA ROMEO &#8211; X2 GT (2003-2010) LANCIA &#8211; SJ THESIS (2001-2007) LA PIEZA ES NUEVA Y [&hellip;]<\/p>\n","protected":false},"featured_media":31328,"template":"","meta":{"_seopress_robots_primary_cat":"","_seopress_titles_title":"","_seopress_titles_desc":"","_seopress_robots_index":""},"product_cat":[44,16,50,21,125],"product_tag":[],"class_list":{"0":"post-31327","1":"product","2":"type-product","3":"status-publish","4":"has-post-thumbnail","6":"product_cat-recambios-alfa-romeo-147","7":"product_cat-recambios-alfa-romeo","8":"product_cat-recambios-alfa-romeo-gt","9":"product_cat-recambios-lancia","10":"product_cat-recambios-lancia-thesis","12":"first","13":"outofstock","14":"taxable","15":"shipping-taxable","16":"purchasable","17":"product-type-simple"},"_links":{"self":[{"href":"https:\/\/galicianparts.com\/shop\/wp-json\/wp\/v2\/product\/31327"}],"collection":[{"href":"https:\/\/galicianparts.com\/shop\/wp-json\/wp\/v2\/product"}],"about":[{"href":"https:\/\/galicianparts.com\/shop\/wp-json\/wp\/v2\/types\/product"}],"wp:featuredmedia":[{"embeddable":true,"href":"https:\/\/galicianparts.com\/shop\/wp-json\/wp\/v2\/media\/31328"}],"wp:attachment":[{"href":"https:\/\/galicianparts.com\/shop\/wp-json\/wp\/v2\/media?parent=31327"}],"wp:term":[{"taxonomy":"product_cat","embeddable":true,"href":"https:\/\/galicianparts.com\/shop\/wp-json\/wp\/v2\/product_cat?post=31327"},{"taxonomy":"product_tag","embeddable":true,"href":"https:\/\/galicianparts.com\/shop\/wp-json\/wp\/v2\/product_tag?post=31327"}],"curies":[{"name":"wp","href":"https:\/\/api.w.org\/{rel}","templated":true}]}}