{"id":31800,"date":"2021-09-16T10:37:41","date_gmt":"2021-09-16T08:37:41","guid":{"rendered":"https:\/\/galicianparts.com\/shop\/producto\/55240801-tornillo-secundario-cambio-fiat-500-punto-viaggio-alfa-mito-4c-giuletta-nuevo-original\/"},"modified":"2021-09-16T10:38:56","modified_gmt":"2021-09-16T08:38:56","slug":"55240801-tornillo-secundario-cambio-fiat-500-punto-viaggio-alfa-mito-4c-giuletta-nuevo-original","status":"publish","type":"product","link":"https:\/\/galicianparts.com\/shop\/producto\/55240801-tornillo-secundario-cambio-fiat-500-punto-viaggio-alfa-mito-4c-giuletta-nuevo-original\/","title":{"rendered":"55240801 Tornillo secundario cambio Fiat 500 \/ Punto \/ Viaggio Alfa Mito \/ 4C \/ Giuletta NUEVO ORIGINAL"},"content":{"rendered":"<p>Tornillo de m\u00e9trica 8 de 40mm de di\u00e1metro exterior y 16mm de di\u00e1metro interior del eje secundario del cambio de:<br \/>\nFIAT &#8211; 73 500L (2012-&#8230;.)<br \/>\nFIAT &#8211; 72 VIAGGIO (2012-&#8230;.)<br \/>\nALFA ROMEO &#8211; 5U 4C (2013-&#8230;.)<br \/>\nALFA ROMEO &#8211; X7 GIULIETTA (2010-2013)<br \/>\nALFA ROMEO &#8211; 5Y GIULIETTA M.Y. 2013 (2013 &#8211; &#8230;)<br \/>\nALFA ROMEO &#8211; 10 MITO MY2013 (2013-&#8230;.)<br \/>\nABARTH &#8211; 81 NUOVA PUNTO ABARTH MY2012 (2012-2013)<\/p>\n<p>LA PIEZA ES NUEVA Y ORIGINAL.<\/p>\n","protected":false},"excerpt":{"rendered":"<p>Tornillo de m\u00e9trica 8 de 40mm de di\u00e1metro exterior y 16mm de di\u00e1metro interior del eje secundario del cambio de: FIAT &#8211; 73 500L (2012-&#8230;.) FIAT &#8211; 72 VIAGGIO (2012-&#8230;.) ALFA ROMEO &#8211; 5U 4C (2013-&#8230;.) ALFA ROMEO &#8211; X7 GIULIETTA (2010-2013) ALFA ROMEO &#8211; 5Y GIULIETTA M.Y. 2013 (2013 &#8211; &#8230;) ALFA ROMEO &#8211; [&hellip;]<\/p>\n","protected":false},"featured_media":31801,"template":"","meta":{"_seopress_robots_primary_cat":"","_seopress_titles_title":"","_seopress_titles_desc":"","_seopress_robots_index":""},"product_cat":[192,74,16,20,53,47,101,115],"product_tag":[],"class_list":{"0":"post-31800","1":"product","2":"type-product","3":"status-publish","4":"has-post-thumbnail","6":"product_cat-recambios-alfa-romeo-4c","7":"product_cat-recambios-fiat-500","8":"product_cat-recambios-alfa-romeo","9":"product_cat-recambios-fiat","10":"product_cat-recambios-alfa-romeo-giulietta","11":"product_cat-recambios-alfa-romeo-mito","12":"product_cat-recambios-fiat-punto","13":"product_cat-recambios-fiat-viaggio","15":"first","16":"instock","17":"taxable","18":"shipping-taxable","19":"purchasable","20":"product-type-simple"},"_links":{"self":[{"href":"https:\/\/galicianparts.com\/shop\/wp-json\/wp\/v2\/product\/31800"}],"collection":[{"href":"https:\/\/galicianparts.com\/shop\/wp-json\/wp\/v2\/product"}],"about":[{"href":"https:\/\/galicianparts.com\/shop\/wp-json\/wp\/v2\/types\/product"}],"wp:featuredmedia":[{"embeddable":true,"href":"https:\/\/galicianparts.com\/shop\/wp-json\/wp\/v2\/media\/31801"}],"wp:attachment":[{"href":"https:\/\/galicianparts.com\/shop\/wp-json\/wp\/v2\/media?parent=31800"}],"wp:term":[{"taxonomy":"product_cat","embeddable":true,"href":"https:\/\/galicianparts.com\/shop\/wp-json\/wp\/v2\/product_cat?post=31800"},{"taxonomy":"product_tag","embeddable":true,"href":"https:\/\/galicianparts.com\/shop\/wp-json\/wp\/v2\/product_tag?post=31800"}],"curies":[{"name":"wp","href":"https:\/\/api.w.org\/{rel}","templated":true}]}}