{"id":31813,"date":"2021-09-16T11:30:30","date_gmt":"2021-09-16T09:30:30","guid":{"rendered":"https:\/\/galicianparts.com\/shop\/producto\/9683893280-balancin-m-2-0-jtd-hdi-fiat-lancia-citroen-peugeot-nuevo-original\/"},"modified":"2025-02-28T13:59:04","modified_gmt":"2025-02-28T11:59:04","slug":"9683893280-balancin-m-2-0-jtd-hdi-fiat-lancia-citroen-peugeot-nuevo-original","status":"publish","type":"product","link":"https:\/\/galicianparts.com\/shop\/producto\/9683893280-balancin-m-2-0-jtd-hdi-fiat-lancia-citroen-peugeot-nuevo-original\/","title":{"rendered":"9683893280 Balanc\u00edn M 2.0 JTD\/HDI Fiat \/ Lancia \/ Citroen \/ Peugeot NUEVO ORIGINAL"},"content":{"rendered":"<p>Balanc\u00edn de los modelos con motor 2000cc JTD Y 2000cc HDI de: CITRO\u00cbN Evasion (22, U6) (A\u00f1o 03.1994 &#8211; 07.2002)<br \/>\nCITRO\u00cbN Jumpy I MPV (A\u00f1o 06.1994 &#8211; 12.2006)<br \/>\nCITRO\u00cbN Xsara Hatchback (N1) (A\u00f1o 04.1997 &#8211; 12.2005)<br \/>\nCITRO\u00cbN Xsara Familiar (N2) (A\u00f1o 10.1997 &#8211; 03.2010)<br \/>\nCITRO\u00cbN Xantia Hatchback (X2) (A\u00f1o 01.1998 &#8211; 04.2003)<br \/>\nCITRO\u00cbN Xantia Familiar (X2) (A\u00f1o 01.1998 &#8211; 04.2003)<br \/>\nCITRO\u00cbN Xsara Coup\u00e9 (N0) (A\u00f1o 01.1998 &#8211; 04.2005)<br \/>\nCITRO\u00cbN Jumpy I Furg\u00f3n (A\u00f1o 06.1994 &#8211; 10.2006)<br \/>\nCITRO\u00cbN Jumpy I Cami\u00f3n de plataforma\/Chasis (A\u00f1o 10.1999 &#8211; 10.2006)<br \/>\nCITRO\u00cbN C5 I Hatchback (A\u00f1o 03.2001 &#8211; 03.2005)<br \/>\nCITRO\u00cbN C5 I Familiar (A\u00f1o 06.2001 &#8211; 08.2004)<br \/>\nCITRO\u00cbN C8 (A\u00f1o 07.2002 &#8211; &#8230;)<br \/>\nCITRO\u00cbN C4 Coup\u00e9 (A\u00f1o 11.2004 &#8211; 07.2011)<br \/>\nCITRO\u00cbN C4 I Hatchback (A\u00f1o 11.2004 &#8211; 07.2011)<br \/>\nCITRO\u00cbN C5 II Hatchback (A\u00f1o 08.2004 &#8211; &#8230;)<br \/>\nCITRO\u00cbN C5 II Familiar (A\u00f1o 09.2004 &#8211; &#8230;)<br \/>\nCITRO\u00cbN C4 I Picasso (UD) (A\u00f1o 10.2006 &#8211; 10.2013)<br \/>\nCITRO\u00cbN Jumpy II MPV (VF7) (A\u00f1o 01.2007 &#8211; &#8230;)<br \/>\nCITRO\u00cbN Jumpy II Furg\u00f3n (A\u00f1o 01.2007 &#8211; &#8230;)<br \/>\nCITRO\u00cbN C4 I Grand Picasso (A\u00f1o 10.2006 &#8211; 12.2013)<br \/>\nCITRO\u00cbN C5 III Berlina (A\u00f1o 02.2008 &#8211; &#8230;)<br \/>\nCITRO\u00cbN C5 III Familiar (RW) (A\u00f1o 02.2008 &#8211; &#8230;)<br \/>\nCITRO\u00cbN C4 II Hatchback (A\u00f1o 11.2009 &#8211; &#8230;)<br \/>\nCITRO\u00cbN DS4 Hatchback (A\u00f1o 04.2011 &#8211; 07.2015)<br \/>\nCITRO\u00cbN DS5 Hatchback (A\u00f1o 11.2011 &#8211; 07.2015)<br \/>\nCITRO\u00cbN C5 Furg\u00f3n \/ Familiar (DE_, RE_) (A\u00f1o 06.2002 &#8211; 01.2008)<br \/>\nCITRO\u00cbN C4 I Furg\u00f3n \/ Hatchback (LR_) (A\u00f1o 02.2005 &#8211; 12.2010)<br \/>\nFIAT Ulysse I (220) (A\u00f1o 06.1994 &#8211; 08.2002)<br \/>\nFIAT Scudo I Familiar (220) (A\u00f1o 02.1996 &#8211; 12.2006)<br \/>\nFIAT Scudo I Furg\u00f3n (220) (A\u00f1o 02.1996 &#8211; 12.2006)<br \/>\nFIAT Ulysse II (179) (A\u00f1o 08.2002 &#8211; 06.2011)<br \/>\nFIAT Scudo II (270, 272) (A\u00f1o 01.2007 &#8211; &#8230;)<br \/>\nFIAT Scudo II Furg\u00f3n (270, 272) (A\u00f1o 01.2007 &#8211; &#8230;)<br \/>\nFIAT Scudo II Cami\u00f3n de plataforma \/ Chasis (270, 272) (A\u00f1o 01.2007 &#8211; &#8230;)<br \/>\nFIAT Scudo I Cami\u00f3n de plataforma\/Chasis (220) (A\u00f1o 09.1996 &#8211; 12.2006)<br \/>\nLANCIA Zeta (220) (A\u00f1o 05.1995 &#8211; 09.2002)<br \/>\nLANCIA Phedra (179) (A\u00f1o 09.2002 &#8211; 11.2010)<br \/>\nPEUGEOT 806 (A\u00f1o 06.1994 &#8211; 08.2002)<br \/>\nPEUGEOT 406 Berlina (A\u00f1o 10.1995 &#8211; 01.2005)<br \/>\nPEUGEOT Expert I (224) (A\u00f1o 10.1995 &#8211; 12.2006)<br \/>\nPEUGEOT 406 Familiar (A\u00f1o 10.1996 &#8211; 10.2004)<br \/>\nPEUGEOT Expert I Furg\u00f3n (A\u00f1o 07.1995 &#8211; 12.2006)<br \/>\nPEUGEOT Expert I Cami\u00f3n de plataforma\/Chasis (A\u00f1o 12.1995 &#8211; 12.2006)<br \/>\nPEUGEOT 406 Coup\u00e9 (A\u00f1o 03.1997 &#8211; 02.2005)<br \/>\nPEUGEOT 607 Berlina (A\u00f1o 01.2000 &#8211; &#8230;)<br \/>\nPEUGEOT 307 Hatchback (3A\/C) (A\u00f1o 08.2000 &#8211; 12.2012)<br \/>\nPEUGEOT 307 SW (3H) (A\u00f1o 03.2002 &#8211; 12.2009)<br \/>\nPEUGEOT 807 (A\u00f1o 06.2002 &#8211; &#8230;)<br \/>\nPEUGEOT 307 CC (3B) (A\u00f1o 10.2003 &#8211; 06.2009)<br \/>\nPEUGEOT 407 Berlina (A\u00f1o 05.2004 &#8211; 12.2011)<br \/>\nPEUGEOT 307 Familiar (3E) (A\u00f1o 03.2002 &#8211; 12.2009)<br \/>\nPEUGEOT 407 SW (A\u00f1o 05.2004 &#8211; 12.2011)<br \/>\nPEUGEOT 407 Coup\u00e9 (A\u00f1o 10.2005 &#8211; &#8230;)<br \/>\nPEUGEOT Expert II Tepee (VF3X) (A\u00f1o 01.2007 &#8211; &#8230;)<br \/>\nPEUGEOT Expert II Furg\u00f3n (A\u00f1o 01.2007 &#8211; &#8230;)<br \/>\nPEUGEOT Expert II Cami\u00f3n de plataforma\/Chasis (A\u00f1o 01.2007 &#8211; &#8230;)<br \/>\nPEUGEOT 308 I Hatchback (4A, 4C) (A\u00f1o 09.2007 &#8211; 12.2016)<br \/>\nPEUGEOT 308 I SW (4E, 4H) (A\u00f1o 09.2007 &#8211; 10.2014)<br \/>\nPEUGEOT 308 I CC (4B) (A\u00f1o 04.2009 &#8211; 12.2015)<br \/>\nPEUGEOT 3008 I (0U_) (A\u00f1o 06.2009 &#8211; 12.2017)<br \/>\nPEUGEOT 5008 I (0U_, 0E_) (A\u00f1o 06.2009 &#8211; 03.2017)<br \/>\nPEUGEOT RCZ Coup\u00e9 (A\u00f1o 03.2010 &#8211; 12.2015)<br \/>\nPEUGEOT 508 I (8D_) Berlina (A\u00f1o 11.2010 &#8211; 12.2018)<br \/>\nPEUGEOT 508 I SW (8E_) (A\u00f1o 11.2010 &#8211; 12.2018)<br \/>\nPEUGEOT 508 I SW Furg\u00f3n \/ Familiar (8E_) (A\u00f1o 11.2011 &#8211; &#8230;)<br \/>\nPEUGEOT 407 SW Furg\u00f3n \/ Familiar (6E_) (A\u00f1o 08.2004 &#8211; 12.2010)<br \/>\nPEUGEOT 308 SW I Furg\u00f3n \/ Familiar (4E_) (A\u00f1o 01.2008 &#8211; 12.2012)<br \/>\nPEUGEOT 307 SW Furg\u00f3n \/ Familiar (3E_, 3H_) (A\u00f1o 04.2002 &#8211; 12.2009)<\/p>\n<p>LA PIEZA ES NUEVA Y ORIGINAL.<\/p>\n","protected":false},"excerpt":{"rendered":"<p>Balanc\u00edn de los modelos con motor 2000cc JTD Y 2000cc HDI de: CITRO\u00cbN Evasion (22, U6) (A\u00f1o 03.1994 &#8211; 07.2002) CITRO\u00cbN Jumpy I MPV (A\u00f1o 06.1994 &#8211; 12.2006) CITRO\u00cbN Xsara Hatchback (N1) (A\u00f1o 04.1997 &#8211; 12.2005) CITRO\u00cbN Xsara Familiar (N2) (A\u00f1o 10.1997 &#8211; 03.2010) CITRO\u00cbN Xantia Hatchback (X2) (A\u00f1o 01.1998 &#8211; 04.2003) CITRO\u00cbN Xantia Familiar [&hellip;]<\/p>\n","protected":false},"featured_media":31818,"template":"","meta":{"_seopress_robots_primary_cat":"","_seopress_titles_title":"","_seopress_titles_desc":"","_seopress_robots_index":""},"product_cat":[336,148,251,151,152,337,338,183,189,182,134,135,181,23,331,332,188,156,20,138,21,24,122,339,104,113,141,143,128],"product_tag":[],"class_list":{"0":"post-31813","1":"product","2":"type-product","3":"status-publish","4":"has-post-thumbnail","6":"product_cat-recambios-peugeot-3008","7":"product_cat-recambios-peugeot-307","8":"product_cat-recambios-peugeot-308","9":"product_cat-recambios-peugeot-406","10":"product_cat-recambios-peugeot-407","11":"product_cat-recambios-peugeot-5008","12":"product_cat-recambios-peugeot-508","13":"product_cat-recambios-peugeot-607","14":"product_cat-recambios-peugeot-806","15":"product_cat-recambios-peugeot-807","16":"product_cat-recambios-citroen-c4","17":"product_cat-recambios-citroen-c5","18":"product_cat-recambios-citroen-c8","19":"product_cat-recambios-citroen","20":"product_cat-recambios-citroen-ds4","21":"product_cat-recambios-citroen-ds5","22":"product_cat-recambios-citroen-evasion","23":"product_cat-recambios-peugeot-expert","24":"product_cat-recambios-fiat","25":"product_cat-recambios-citroen-jumpy","26":"product_cat-recambios-lancia","27":"product_cat-recambios-peugeot","28":"product_cat-recambios-lancia-phedra","29":"product_cat-recambios-peugeot-rcz","30":"product_cat-recambios-fiat-scudo","31":"product_cat-recambios-fiat-ulysse","32":"product_cat-recambios-citroen-xantia","33":"product_cat-recambios-citroen-xsara","34":"product_cat-recambios-lancia-z","36":"first","37":"outofstock","38":"taxable","39":"shipping-taxable","40":"purchasable","41":"product-type-simple"},"_links":{"self":[{"href":"https:\/\/galicianparts.com\/shop\/wp-json\/wp\/v2\/product\/31813"}],"collection":[{"href":"https:\/\/galicianparts.com\/shop\/wp-json\/wp\/v2\/product"}],"about":[{"href":"https:\/\/galicianparts.com\/shop\/wp-json\/wp\/v2\/types\/product"}],"wp:featuredmedia":[{"embeddable":true,"href":"https:\/\/galicianparts.com\/shop\/wp-json\/wp\/v2\/media\/31818"}],"wp:attachment":[{"href":"https:\/\/galicianparts.com\/shop\/wp-json\/wp\/v2\/media?parent=31813"}],"wp:term":[{"taxonomy":"product_cat","embeddable":true,"href":"https:\/\/galicianparts.com\/shop\/wp-json\/wp\/v2\/product_cat?post=31813"},{"taxonomy":"product_tag","embeddable":true,"href":"https:\/\/galicianparts.com\/shop\/wp-json\/wp\/v2\/product_tag?post=31813"}],"curies":[{"name":"wp","href":"https:\/\/api.w.org\/{rel}","templated":true}]}}