{"id":31872,"date":"2021-09-16T13:34:04","date_gmt":"2021-09-16T11:34:04","guid":{"rendered":"https:\/\/galicianparts.com\/shop\/producto\/9616515280-casquillo-pedal-embrague-freno-fiat-ulysse-scudo-lancia-z-phedra-citroen-peugeot-nuevo\/"},"modified":"2022-02-22T20:14:52","modified_gmt":"2022-02-22T18:14:52","slug":"9616515280-casquillo-pedal-embrague-freno-fiat-ulysse-scudo-lancia-z-phedra-citroen-peugeot-nuevo","status":"publish","type":"product","link":"https:\/\/galicianparts.com\/shop\/producto\/9616515280-casquillo-pedal-embrague-freno-fiat-ulysse-scudo-lancia-z-phedra-citroen-peugeot-nuevo\/","title":{"rendered":"9616515280 Casquillo pedal embrague\/freno Fiat Ulysse \/ Scudo \/ Lancia Z \/ Phedra \/ Citroen \/ Peugeot NUEVO"},"content":{"rendered":"<p>Bul\u00f3n de 12mm de di\u00e1metro exterior 8mm de di\u00e1metro interior y 37.5mm de largo del pedal del embrague o del freno de:<br \/>\nFIAT &#8211; 2F NUOVO ULYSSE (2001-2010)<br \/>\nFIAT &#8211; PG ULYSSE (1994-2002)<br \/>\nLANCIA &#8211; SK \u00abZ\u00bb (1994-2002)<br \/>\nLANCIA &#8211; TC PHEDRA (2001-2010)<br \/>\nFIAT PROFESSIONAL &#8211; 3H NUOVO SCUDO (2007-&#8230;.)<br \/>\nFIAT PROFESSIONAL &#8211; PL SCUDO (1995-2004)<br \/>\nFIAT PROFESSIONAL &#8211; 2X SCUDO FL.2004 (2004-2006)<br \/>\nCITROEN &#8211; JUMPY<br \/>\nPEUGEOT &#8211; EXPERT<\/p>\n<p>LA PIEZA ES NUEVA Y ORIGINAL.<\/p>\n","protected":false},"excerpt":{"rendered":"<p>Bul\u00f3n de 12mm de di\u00e1metro exterior 8mm de di\u00e1metro interior y 37.5mm de largo del pedal del embrague o del freno de: FIAT &#8211; 2F NUOVO ULYSSE (2001-2010) FIAT &#8211; PG ULYSSE (1994-2002) LANCIA &#8211; SK \u00abZ\u00bb (1994-2002) LANCIA &#8211; TC PHEDRA (2001-2010) FIAT PROFESSIONAL &#8211; 3H NUOVO SCUDO (2007-&#8230;.) FIAT PROFESSIONAL &#8211; PL SCUDO [&hellip;]<\/p>\n","protected":false},"featured_media":31873,"template":"","meta":{"_seopress_robots_primary_cat":"","_seopress_titles_title":"","_seopress_titles_desc":"","_seopress_robots_index":""},"product_cat":[23,156,20,138,21,24,122,104,113,128],"product_tag":[],"class_list":{"0":"post-31872","1":"product","2":"type-product","3":"status-publish","4":"has-post-thumbnail","6":"product_cat-recambios-citroen","7":"product_cat-recambios-peugeot-expert","8":"product_cat-recambios-fiat","9":"product_cat-recambios-citroen-jumpy","10":"product_cat-recambios-lancia","11":"product_cat-recambios-peugeot","12":"product_cat-recambios-lancia-phedra","13":"product_cat-recambios-fiat-scudo","14":"product_cat-recambios-fiat-ulysse","15":"product_cat-recambios-lancia-z","17":"first","18":"outofstock","19":"taxable","20":"shipping-taxable","21":"purchasable","22":"product-type-simple"},"_links":{"self":[{"href":"https:\/\/galicianparts.com\/shop\/wp-json\/wp\/v2\/product\/31872"}],"collection":[{"href":"https:\/\/galicianparts.com\/shop\/wp-json\/wp\/v2\/product"}],"about":[{"href":"https:\/\/galicianparts.com\/shop\/wp-json\/wp\/v2\/types\/product"}],"wp:featuredmedia":[{"embeddable":true,"href":"https:\/\/galicianparts.com\/shop\/wp-json\/wp\/v2\/media\/31873"}],"wp:attachment":[{"href":"https:\/\/galicianparts.com\/shop\/wp-json\/wp\/v2\/media?parent=31872"}],"wp:term":[{"taxonomy":"product_cat","embeddable":true,"href":"https:\/\/galicianparts.com\/shop\/wp-json\/wp\/v2\/product_cat?post=31872"},{"taxonomy":"product_tag","embeddable":true,"href":"https:\/\/galicianparts.com\/shop\/wp-json\/wp\/v2\/product_tag?post=31872"}],"curies":[{"name":"wp","href":"https:\/\/api.w.org\/{rel}","templated":true}]}}