{"id":32134,"date":"2021-09-20T13:00:29","date_gmt":"2021-09-20T11:00:29","guid":{"rendered":"https:\/\/galicianparts.com\/shop\/producto\/9661743180-junta-colector-admision-fiat-ducato-06-citroen-peugeot-nuevo-original\/"},"modified":"2025-07-28T12:53:17","modified_gmt":"2025-07-28T10:53:17","slug":"9661743180-junta-colector-admision-fiat-ducato-06-citroen-peugeot-nuevo-original","status":"publish","type":"product","link":"https:\/\/galicianparts.com\/shop\/producto\/9661743180-junta-colector-admision-fiat-ducato-06-citroen-peugeot-nuevo-original\/","title":{"rendered":"9661743180 Junta colector admisi\u00f3n Fiat Ducato (06-&#8230;) Citroen \/ Peugeot NUEVO ORIGINAL"},"content":{"rendered":"<p>Junta de goma de 47mm de largo por 32mm de ancho de:<br \/>\nCITRO\u00cbN Jumper II Bus (250) (A\u00f1o 04.2006 &#8211; &#8230;)<br \/>\n2.2 HDi 100, A\u00f1o 04.2006 &#8211; &#8230;, 2198 , 101<br \/>\nCITRO\u00cbN Jumper II Furg\u00f3n (250) (A\u00f1o 04.2006 &#8211; &#8230;)<br \/>\n2.2 HDi 100, A\u00f1o 04.2006 &#8211; 12.2012, 2198 , 101<br \/>\nCITRO\u00cbN Jumper II Cami\u00f3n de plataforma\/Chasis (250) (A\u00f1o 04.2006 &#8211; &#8230;)<br \/>\n2.2 HDi 100, A\u00f1o 04.2006 &#8211; &#8230;, 2198 , 101<br \/>\nFIAT Ducato III Bus (250, 290) (A\u00f1o 07.2006 &#8211; &#8230;)<br \/>\n2.2 D 100 Multijet, A\u00f1o 07.2006 &#8211; 05.2011, 2198 , 100<br \/>\nFIAT Ducato III Furg\u00f3n (250, 290) (A\u00f1o 07.2006 &#8211; &#8230;)<br \/>\n2.2 D 100 Multijet, A\u00f1o 07.2006 &#8211; &#8230;, 2198 , 100<br \/>\nFIAT Ducato III Cami\u00f3n de plataforma \/ Chasis (250, 290) (A\u00f1o 07.2006 &#8211; &#8230;)<br \/>\n2.2 D 100 Multijet, A\u00f1o 07.2006 &#8211; &#8230;, 2198 , 100<br \/>\nPEUGEOT Boxer Bus (250) (A\u00f1o 09.2005 &#8211; &#8230;)<br \/>\n2.2 HDi 100, A\u00f1o 04.2006 &#8211; &#8230;, 2198 , 101<br \/>\nPEUGEOT Boxer Furg\u00f3n (250) (A\u00f1o 04.2006 &#8211; &#8230;)<br \/>\n2.2 HDi 100, A\u00f1o 04.2006 &#8211; &#8230;, 2198 , 101<br \/>\nPEUGEOT Boxer Cami\u00f3n de plataforma\/Chasis (250) (A\u00f1o 04.2006 &#8211; &#8230;)<br \/>\n2.2 HDi 100, A\u00f1o 04.2006 &#8211; &#8230;, 2198 , 101<\/p>\n<p>LA PIEZA ES NUEVA Y ORIGINAL.<\/p>\n","protected":false},"excerpt":{"rendered":"<p>Junta de goma de 47mm de largo por 32mm de ancho de: CITRO\u00cbN Jumper II Bus (250) (A\u00f1o 04.2006 &#8211; &#8230;) 2.2 HDi 100, A\u00f1o 04.2006 &#8211; &#8230;, 2198 , 101 CITRO\u00cbN Jumper II Furg\u00f3n (250) (A\u00f1o 04.2006 &#8211; &#8230;) 2.2 HDi 100, A\u00f1o 04.2006 &#8211; 12.2012, 2198 , 101 CITRO\u00cbN Jumper II Cami\u00f3n de [&hellip;]<\/p>\n","protected":false},"featured_media":32135,"template":"","meta":{"_seopress_robots_primary_cat":"","_seopress_titles_title":"","_seopress_titles_desc":"","_seopress_robots_index":""},"product_cat":[155,23,88,20,137,24],"product_tag":[],"class_list":{"0":"post-32134","1":"product","2":"type-product","3":"status-publish","4":"has-post-thumbnail","6":"product_cat-recambios-peugeot-boxer","7":"product_cat-recambios-citroen","8":"product_cat-recambios-fiat-ducato","9":"product_cat-recambios-fiat","10":"product_cat-recambios-citroen-jumper","11":"product_cat-recambios-peugeot","13":"first","14":"instock","15":"taxable","16":"shipping-taxable","17":"purchasable","18":"product-type-simple"},"_links":{"self":[{"href":"https:\/\/galicianparts.com\/shop\/wp-json\/wp\/v2\/product\/32134"}],"collection":[{"href":"https:\/\/galicianparts.com\/shop\/wp-json\/wp\/v2\/product"}],"about":[{"href":"https:\/\/galicianparts.com\/shop\/wp-json\/wp\/v2\/types\/product"}],"wp:featuredmedia":[{"embeddable":true,"href":"https:\/\/galicianparts.com\/shop\/wp-json\/wp\/v2\/media\/32135"}],"wp:attachment":[{"href":"https:\/\/galicianparts.com\/shop\/wp-json\/wp\/v2\/media?parent=32134"}],"wp:term":[{"taxonomy":"product_cat","embeddable":true,"href":"https:\/\/galicianparts.com\/shop\/wp-json\/wp\/v2\/product_cat?post=32134"},{"taxonomy":"product_tag","embeddable":true,"href":"https:\/\/galicianparts.com\/shop\/wp-json\/wp\/v2\/product_tag?post=32134"}],"curies":[{"name":"wp","href":"https:\/\/api.w.org\/{rel}","templated":true}]}}