{"id":32263,"date":"2021-09-21T11:46:11","date_gmt":"2021-09-21T09:46:11","guid":{"rendered":"https:\/\/galicianparts.com\/shop\/producto\/735417393-boton-asiento-delantero-electrico-fiat-punto-grande-punto-linea-nuevo-original\/"},"modified":"2022-01-10T11:56:25","modified_gmt":"2022-01-10T09:56:25","slug":"735417393-boton-asiento-delantero-electrico-fiat-punto-grande-punto-linea-nuevo-original","status":"publish","type":"product","link":"https:\/\/galicianparts.com\/shop\/producto\/735417393-boton-asiento-delantero-electrico-fiat-punto-grande-punto-linea-nuevo-original\/","title":{"rendered":"735417393 Bot\u00f3n asiento delantero el\u00e9ctrico Fiat Punto \/ Grande Punto \/ Linea NUEVO ORIGINAL"},"content":{"rendered":"<p>Interruptor de regulaci\u00f3n del respaldo del asiento con regulaci\u00f3n lumbar el\u00e9ctrica de:<br \/>\nFIAT &#8211; 2Y GRANDE PUNTO (2008)<br \/>\nFIAT &#8211; 4C GRANDE PUNTO (2008-2009)<br \/>\nFIAT &#8211; 3M LINEA (2012-&#8230;.)<br \/>\nFIAT &#8211; 51 NUOVA PUNTO MY2012 (2012-2013)<br \/>\nFIAT &#8211; 3J PUNTO EVO (2009-2011)<br \/>\nFIAT &#8211; 6U PUNTO MY 2013 (2013-&#8230;.)<br \/>\nABARTH &#8211; 4A GRANDE PUNTO ABARTH (2007-2010)<\/p>\n<p>LA PIEZA ES NUEVA Y ORIGINAL.<\/p>\n","protected":false},"excerpt":{"rendered":"<p>Interruptor de regulaci\u00f3n del respaldo del asiento con regulaci\u00f3n lumbar el\u00e9ctrica de: FIAT &#8211; 2Y GRANDE PUNTO (2008) FIAT &#8211; 4C GRANDE PUNTO (2008-2009) FIAT &#8211; 3M LINEA (2012-&#8230;.) FIAT &#8211; 51 NUOVA PUNTO MY2012 (2012-2013) FIAT &#8211; 3J PUNTO EVO (2009-2011) FIAT &#8211; 6U PUNTO MY 2013 (2013-&#8230;.) ABARTH &#8211; 4A GRANDE PUNTO ABARTH [&hellip;]<\/p>\n","protected":false},"featured_media":32264,"template":"","meta":{"_seopress_robots_primary_cat":"","_seopress_titles_title":"","_seopress_titles_desc":"","_seopress_robots_index":""},"product_cat":[20,92,94,101],"product_tag":[],"class_list":{"0":"post-32263","1":"product","2":"type-product","3":"status-publish","4":"has-post-thumbnail","6":"product_cat-recambios-fiat","7":"product_cat-recambios-fiat-grande-punto","8":"product_cat-recambios-fiat-linea","9":"product_cat-recambios-fiat-punto","11":"first","12":"outofstock","13":"taxable","14":"shipping-taxable","15":"purchasable","16":"product-type-simple"},"_links":{"self":[{"href":"https:\/\/galicianparts.com\/shop\/wp-json\/wp\/v2\/product\/32263"}],"collection":[{"href":"https:\/\/galicianparts.com\/shop\/wp-json\/wp\/v2\/product"}],"about":[{"href":"https:\/\/galicianparts.com\/shop\/wp-json\/wp\/v2\/types\/product"}],"wp:featuredmedia":[{"embeddable":true,"href":"https:\/\/galicianparts.com\/shop\/wp-json\/wp\/v2\/media\/32264"}],"wp:attachment":[{"href":"https:\/\/galicianparts.com\/shop\/wp-json\/wp\/v2\/media?parent=32263"}],"wp:term":[{"taxonomy":"product_cat","embeddable":true,"href":"https:\/\/galicianparts.com\/shop\/wp-json\/wp\/v2\/product_cat?post=32263"},{"taxonomy":"product_tag","embeddable":true,"href":"https:\/\/galicianparts.com\/shop\/wp-json\/wp\/v2\/product_tag?post=32263"}],"curies":[{"name":"wp","href":"https:\/\/api.w.org\/{rel}","templated":true}]}}