{"id":32304,"date":"2021-09-21T13:35:42","date_gmt":"2021-09-21T11:35:42","guid":{"rendered":"https:\/\/galicianparts.com\/shop\/producto\/46744982-amplificador-antena-radio-telefono-fiat-bravo-brava-marea-nuevo-original\/"},"modified":"2022-08-08T13:02:33","modified_gmt":"2022-08-08T11:02:33","slug":"46744982-amplificador-antena-radio-telefono-fiat-bravo-brava-marea-nuevo-original","status":"publish","type":"product","link":"https:\/\/galicianparts.com\/shop\/producto\/46744982-amplificador-antena-radio-telefono-fiat-bravo-brava-marea-nuevo-original\/","title":{"rendered":"46744982 Amplificador antena radio\/tel\u00e9fono Fiat Bravo \/ Brava \/ Marea NUEVO ORIGINAL"},"content":{"rendered":"<p>Cableado de amplificaci\u00f3n de la radio para tel\u00e9fono m\u00f3vil de:<br \/>\nFIAT &#8211; 1M BRAVA G.98 BZ\/DS (1998-2001)<br \/>\nFIAT &#8211; 1L BRAVO G.98 BZ\/DS (1998-2001)<br \/>\nFIAT &#8211; 1Q MAREA BZ GAMMA&#8217;99 (1999-2002)<br \/>\nFIAT &#8211; 1R MAREA DS GAMMA&#8217;99 (1999-2002)<\/p>\n<p>LA PIEZA ES NUEVA Y ORIGINAL.<\/p>\n","protected":false},"excerpt":{"rendered":"<p>Cableado de amplificaci\u00f3n de la radio para tel\u00e9fono m\u00f3vil de: FIAT &#8211; 1M BRAVA G.98 BZ\/DS (1998-2001) FIAT &#8211; 1L BRAVO G.98 BZ\/DS (1998-2001) FIAT &#8211; 1Q MAREA BZ GAMMA&#8217;99 (1999-2002) FIAT &#8211; 1R MAREA DS GAMMA&#8217;99 (1999-2002) LA PIEZA ES NUEVA Y ORIGINAL.<\/p>\n","protected":false},"featured_media":32306,"template":"","meta":{"_seopress_robots_primary_cat":"","_seopress_titles_title":"","_seopress_titles_desc":"","_seopress_robots_index":""},"product_cat":[81,82,20,95],"product_tag":[],"class_list":{"0":"post-32304","1":"product","2":"type-product","3":"status-publish","4":"has-post-thumbnail","6":"product_cat-recambios-fiat-brava","7":"product_cat-recambios-fiat-bravo","8":"product_cat-recambios-fiat","9":"product_cat-recambios-fiat-marea","11":"first","12":"outofstock","13":"taxable","14":"shipping-taxable","15":"purchasable","16":"product-type-simple"},"_links":{"self":[{"href":"https:\/\/galicianparts.com\/shop\/wp-json\/wp\/v2\/product\/32304"}],"collection":[{"href":"https:\/\/galicianparts.com\/shop\/wp-json\/wp\/v2\/product"}],"about":[{"href":"https:\/\/galicianparts.com\/shop\/wp-json\/wp\/v2\/types\/product"}],"wp:featuredmedia":[{"embeddable":true,"href":"https:\/\/galicianparts.com\/shop\/wp-json\/wp\/v2\/media\/32306"}],"wp:attachment":[{"href":"https:\/\/galicianparts.com\/shop\/wp-json\/wp\/v2\/media?parent=32304"}],"wp:term":[{"taxonomy":"product_cat","embeddable":true,"href":"https:\/\/galicianparts.com\/shop\/wp-json\/wp\/v2\/product_cat?post=32304"},{"taxonomy":"product_tag","embeddable":true,"href":"https:\/\/galicianparts.com\/shop\/wp-json\/wp\/v2\/product_tag?post=32304"}],"curies":[{"name":"wp","href":"https:\/\/api.w.org\/{rel}","templated":true}]}}