{"id":32318,"date":"2021-09-21T13:57:04","date_gmt":"2021-09-21T11:57:04","guid":{"rendered":"https:\/\/galicianparts.com\/shop\/producto\/7765188-soporte-amortiguador-delantero-lancia-y10-aotubianchi-nuevo-original\/"},"modified":"2025-05-04T00:32:18","modified_gmt":"2025-05-03T22:32:18","slug":"7765188-soporte-amortiguador-delantero-lancia-y10-aotubianchi-nuevo-original","status":"publish","type":"product","link":"https:\/\/galicianparts.com\/shop\/producto\/7765188-soporte-amortiguador-delantero-lancia-y10-aotubianchi-nuevo-original\/","title":{"rendered":"5977373 Soporte amortiguador delantero Fiat Ritmo \/Regata NUEVO ORIGINAL"},"content":{"rendered":"<p>Silentblock de la copela, soporte superior del amortiguador delantero de:<br \/>\nFIAT Regata Berlina (138) (A\u00f1o 09.1983 &#8211; 08.1995)<br \/>\nFIAT Regata Weekend (A\u00f1o 06.1983 &#8211; 08.1995)<br \/>\nFIAT Ritmo I Cabrio (A\u00f1o 10.1979 &#8211; 07.1989)<br \/>\nFIAT Ritmo I Hatchback (138) (A\u00f1o 01.1978 &#8211; 12.1988)<br \/>\nFIAT Ritmo Abarth (138A_) (A\u00f1o 11.1981 &#8211; 12.1987)<\/p>\n<p>LA PIEZA ES NUEVA Y ORIGINAL.<\/p>\n","protected":false},"excerpt":{"rendered":"<p>Silentblock de la copela, soporte superior del amortiguador delantero de: FIAT Regata Berlina (138) (A\u00f1o 09.1983 &#8211; 08.1995) FIAT Regata Weekend (A\u00f1o 06.1983 &#8211; 08.1995) FIAT Ritmo I Cabrio (A\u00f1o 10.1979 &#8211; 07.1989) FIAT Ritmo I Hatchback (138) (A\u00f1o 01.1978 &#8211; 12.1988) FIAT Ritmo Abarth (138A_) (A\u00f1o 11.1981 &#8211; 12.1987) LA PIEZA ES NUEVA Y [&hellip;]<\/p>\n","protected":false},"featured_media":70675,"template":"","meta":{"_seopress_robots_primary_cat":"","_seopress_titles_title":"","_seopress_titles_desc":"","_seopress_robots_index":""},"product_cat":[20,102,103],"product_tag":[],"class_list":{"0":"post-32318","1":"product","2":"type-product","3":"status-publish","4":"has-post-thumbnail","6":"product_cat-recambios-fiat","7":"product_cat-recambios-fiat-regata","8":"product_cat-recambios-fiat-ritmo","10":"first","11":"outofstock","12":"taxable","13":"shipping-taxable","14":"purchasable","15":"product-type-simple"},"_links":{"self":[{"href":"https:\/\/galicianparts.com\/shop\/wp-json\/wp\/v2\/product\/32318"}],"collection":[{"href":"https:\/\/galicianparts.com\/shop\/wp-json\/wp\/v2\/product"}],"about":[{"href":"https:\/\/galicianparts.com\/shop\/wp-json\/wp\/v2\/types\/product"}],"wp:featuredmedia":[{"embeddable":true,"href":"https:\/\/galicianparts.com\/shop\/wp-json\/wp\/v2\/media\/70675"}],"wp:attachment":[{"href":"https:\/\/galicianparts.com\/shop\/wp-json\/wp\/v2\/media?parent=32318"}],"wp:term":[{"taxonomy":"product_cat","embeddable":true,"href":"https:\/\/galicianparts.com\/shop\/wp-json\/wp\/v2\/product_cat?post=32318"},{"taxonomy":"product_tag","embeddable":true,"href":"https:\/\/galicianparts.com\/shop\/wp-json\/wp\/v2\/product_tag?post=32318"}],"curies":[{"name":"wp","href":"https:\/\/api.w.org\/{rel}","templated":true}]}}