{"id":32324,"date":"2021-09-21T14:08:13","date_gmt":"2021-09-21T12:08:13","guid":{"rendered":"https:\/\/galicianparts.com\/shop\/producto\/82448720-cable-borne-negativo-bateria-lancia-dedra-td-1989-1994-nuevo-original\/"},"modified":"2021-10-20T17:07:44","modified_gmt":"2021-10-20T15:07:44","slug":"82448720-cable-borne-negativo-bateria-lancia-dedra-td-1989-1994-nuevo-original","status":"publish","type":"product","link":"https:\/\/galicianparts.com\/shop\/producto\/82448720-cable-borne-negativo-bateria-lancia-dedra-td-1989-1994-nuevo-original\/","title":{"rendered":"82448720 Cable borne negativo bater\u00eda Lancia Dedra TD (1989-1994) NUEVO ORIGINAL"},"content":{"rendered":"<p>Cable el\u00e9ctrico, del borne negativo de la bater\u00eda de:<br \/>\nLANCIA &#8211; RZ DEDRA TURBO DIESEL (1989-1994)<\/p>\n<p>LA PIEZA ES NUEVA Y ORIGINAL.<\/p>\n","protected":false},"excerpt":{"rendered":"<p>Cable el\u00e9ctrico, del borne negativo de la bater\u00eda de: LANCIA &#8211; RZ DEDRA TURBO DIESEL (1989-1994) LA PIEZA ES NUEVA Y ORIGINAL.<\/p>\n","protected":false},"featured_media":32325,"template":"","meta":{"_seopress_robots_primary_cat":"","_seopress_titles_title":"","_seopress_titles_desc":"","_seopress_robots_index":""},"product_cat":[117,21],"product_tag":[],"class_list":{"0":"post-32324","1":"product","2":"type-product","3":"status-publish","4":"has-post-thumbnail","6":"product_cat-recambios-lancia-dedra","7":"product_cat-recambios-lancia","9":"first","10":"outofstock","11":"taxable","12":"shipping-taxable","13":"purchasable","14":"product-type-simple"},"_links":{"self":[{"href":"https:\/\/galicianparts.com\/shop\/wp-json\/wp\/v2\/product\/32324"}],"collection":[{"href":"https:\/\/galicianparts.com\/shop\/wp-json\/wp\/v2\/product"}],"about":[{"href":"https:\/\/galicianparts.com\/shop\/wp-json\/wp\/v2\/types\/product"}],"wp:featuredmedia":[{"embeddable":true,"href":"https:\/\/galicianparts.com\/shop\/wp-json\/wp\/v2\/media\/32325"}],"wp:attachment":[{"href":"https:\/\/galicianparts.com\/shop\/wp-json\/wp\/v2\/media?parent=32324"}],"wp:term":[{"taxonomy":"product_cat","embeddable":true,"href":"https:\/\/galicianparts.com\/shop\/wp-json\/wp\/v2\/product_cat?post=32324"},{"taxonomy":"product_tag","embeddable":true,"href":"https:\/\/galicianparts.com\/shop\/wp-json\/wp\/v2\/product_tag?post=32324"}],"curies":[{"name":"wp","href":"https:\/\/api.w.org\/{rel}","templated":true}]}}